{"id":3984,"date":"2019-10-22T16:45:21","date_gmt":"2019-10-22T14:45:21","guid":{"rendered":"https:\/\/www.aceitesalbert.com\/casalbert-horeca\/"},"modified":"2021-06-11T14:15:49","modified_gmt":"2021-06-11T12:15:49","slug":"casalbert-horeca","status":"publish","type":"page","link":"https:\/\/www.aceitesalbert.com\/de\/casalbert-horeca\/","title":{"rendered":"Casalbert Horeca"},"content":{"rendered":"<p>[et_pb_section fb_built=&#8220;1&#8243; module_class=&#8220;titlerow&#8220; _builder_version=&#8220;3.29.3&#8243; locked=&#8220;off&#8220;][et_pb_row _builder_version=&#8220;3.29.3&#8243; custom_css_main_element=&#8220;padding-bottom:0&#8243;][et_pb_column type=&#8220;4_4&#8243; _builder_version=&#8220;3.29.3&#8243;][et_pb_text _builder_version=&#8220;4.4.5&#8243; text_orientation=&#8220;center&#8220;]<\/p>\n<h1 class=\"colortitulogeneral\">\u201cCasalbert Horeca\u201d<\/h1>\n<p>[\/et_pb_text][\/et_pb_column][\/et_pb_row][\/et_pb_section][et_pb_section fb_built=&#8220;1&#8243; module_class=&#8220;aol-sec1 ch-sec1&#8243; _builder_version=&#8220;3.29.3&#8243;][et_pb_row column_structure=&#8220;1_2,1_2&#8243; module_class=&#8220;rowsinmargenfull&#8220; _builder_version=&#8220;3.29.3&#8243;][et_pb_column type=&#8220;1_2&#8243; _builder_version=&#8220;3.29.3&#8243;][et_pb_code module_class=&#8220;selrow1&#8243; _builder_version=&#8220;4.4.5&#8243; background_color=&#8220;#e0dcd7&#8243; background_enable_image=&#8220;off&#8220; background_size=&#8220;initial&#8220; hover_enabled=&#8220;0&#8243;]<\/p>\n<div class=\"contfichas\"><!-- [et_pb_line_break_holder] -->  <!-- [et_pb_line_break_holder] --><\/p>\n<h3 class=\"titulo\">Hotel- und Gastst\u00e4ttengewerbe <\/h3>\n<p><!-- [et_pb_line_break_holder] -->      <!-- [et_pb_line_break_holder] -->      <pee class=\"txt\">5 Diamanten in Ihrer K\u00fcche. Die Wahl desjenigen, der seinen Kunden das Beste bieten m\u00f6chte. Ein \u00d6l mit einem garantierten \u00d6lgehalt von maximal 80%, das Oxidation und Ranzigwerden verhindert und sich ideal zum Braten eignet.<!-- [et_pb_line_break_holder] -->      <pee class=\"leermasrow1\"><a href=\"https:\/\/www.aceitesalbert.com\/de\/casalbert-horeca\/high-oleic-sonnenblumenol\/\">[Weiterlesen&#8230;]<\/a><\/pee><!-- [et_pb_line_break_holder] -->  <\/div>\n<p><!-- [et_pb_line_break_holder] --><\/p>\n<div class=\"contfichasimg\"><!-- [et_pb_line_break_holder] -->  <img decoding=\"async\" src=\"https:\/\/www.aceitesalbert.com\/wp-content\/uploads\/2019\/10\/aceite-de-girasol-alto-oleico.png\"\/><!-- [et_pb_line_break_holder] --><\/div>\n<p><!-- [et_pb_line_break_holder] --><\/p>\n<div style=\"clear:both\"><\/div>\n<p>[\/et_pb_code][\/et_pb_column][et_pb_column type=&#8220;1_2&#8243; _builder_version=&#8220;3.29.3&#8243;][et_pb_code module_class=&#8220;selrow1&#8243; _builder_version=&#8220;4.4.5&#8243; background_color=&#8220;#e0dcd7&#8243; background_enable_image=&#8220;off&#8220; background_size=&#8220;initial&#8220; hover_enabled=&#8220;0&#8243;]<\/p>\n<div class=\"contfichas\"><!-- [et_pb_line_break_holder] -->  <!-- [et_pb_line_break_holder] --><\/p>\n<h3 class=\"titulo\">Soja\u00f6l<\/h3>\n<p><!-- [et_pb_line_break_holder] -->      <!-- [et_pb_line_break_holder] -->      <pee class=\"txt\">Asiatische Weisheit, die auf die Eigenschaften von 100% pflanzlichem Soja\u00f6l angewendet wird. ist Gesund und n\u00fctzlich gegen Cholesterin.<!-- [et_pb_line_break_holder] -->Mit allen bekannten Eigenschaften dieser tausendj\u00e4hrigen Pflanze. <!-- [et_pb_line_break_holder] --> <pee class=\"leermasrow1\"><a href=\"https:\/\/www.aceitesalbert.com\/de\/casalbert-horeca\/sojaol\/\">[Weiterlesen&#8230;]<\/a><\/pee><!-- [et_pb_line_break_holder] -->  <\/div>\n<p><!-- [et_pb_line_break_holder] --><\/p>\n<div class=\"contfichasimg\"><!-- [et_pb_line_break_holder] -->  <img decoding=\"async\" src=\"https:\/\/www.aceitesalbert.com\/wp-content\/uploads\/2019\/10\/aceite-de-soja.png\"\/><!-- [et_pb_line_break_holder] --><\/div>\n<p><!-- [et_pb_line_break_holder] --><\/p>\n<div style=\"clear:both\"><\/div>\n<p>[\/et_pb_code][\/et_pb_column][\/et_pb_row][\/et_pb_section][et_pb_section fb_built=&#8220;1&#8243; module_class=&#8220;aol-sec2&#8243; _builder_version=&#8220;3.29.3&#8243; locked=&#8220;off&#8220;][et_pb_row column_structure=&#8220;1_2,1_2&#8243; module_class=&#8220;rowsinmargenfull&#8220; _builder_version=&#8220;3.29.3&#8243;][et_pb_column type=&#8220;1_2&#8243; _builder_version=&#8220;3.29.3&#8243;][et_pb_code module_class=&#8220;selrow1&#8243; _builder_version=&#8220;4.4.5&#8243; background_color=&#8220;#e0dcd7&#8243; background_enable_image=&#8220;off&#8220; background_size=&#8220;initial&#8220; hover_enabled=&#8220;0&#8243;]<\/p>\n<div class=\"contfichas\"><!-- [et_pb_line_break_holder] -->  <!-- [et_pb_line_break_holder] --><\/p>\n<h3 class=\"titulo\">Samen\u00f6l<\/h3>\n<p><!-- [et_pb_line_break_holder] -->      <!-- [et_pb_line_break_holder] -->      <pee class=\"txt\">Eine Kombination von Pflanzen\u00f6len, die sich ideal zum t\u00e4glichen leichten und schnellen Kochen sowie zum Braten eignet. Es wird Sie nicht entt\u00e4uschen.<pee class=\"leermasrow1\"><a href=\"https:\/\/www.aceitesalbert.com\/de\/casalbert-horeca\/samenol\/\">[Weiterlesen&#8230;]<\/a><\/pee><!-- [et_pb_line_break_holder] -->  <\/div>\n<p><!-- [et_pb_line_break_holder] --><\/p>\n<div class=\"contfichasimg\"><!-- [et_pb_line_break_holder] -->  <img decoding=\"async\" src=\"https:\/\/www.aceitesalbert.com\/wp-content\/uploads\/2019\/10\/aceite-de-semillas.png\"\/><!-- [et_pb_line_break_holder] --><\/div>\n<p><!-- [et_pb_line_break_holder] --><\/p>\n<div style=\"clear:both\"><\/div>\n<p>[\/et_pb_code][\/et_pb_column][et_pb_column type=&#8220;1_2&#8243; _builder_version=&#8220;3.29.3&#8243;][\/et_pb_column][\/et_pb_row][\/et_pb_section][et_pb_section fb_built=&#8220;1&#8243; module_class=&#8220;aol-sec2&#8243; _builder_version=&#8220;4.4.5&#8243; locked=&#8220;off&#8220;][\/et_pb_section]<\/p>\n","protected":false},"excerpt":{"rendered":"<p>\u201cCasalbert Horeca\u201d Hotel- und Gastst\u00e4ttengewerbe 5 Diamanten in Ihrer K\u00fcche. Die Wahl desjenigen, der seinen Kunden das Beste bieten m\u00f6chte. Ein \u00d6l mit einem garantierten \u00d6lgehalt von maximal 80%, das Oxidation und Ranzigwerden verhindert und sich ideal zum Braten eignet. [Weiterlesen&#8230;] Soja\u00f6l Asiatische Weisheit, die auf die Eigenschaften von 100% pflanzlichem Soja\u00f6l angewendet wird. ist [&hellip;]<\/p>\n","protected":false},"author":1,"featured_media":0,"parent":0,"menu_order":0,"comment_status":"closed","ping_status":"closed","template":"","meta":{"_et_pb_use_builder":"on","_et_pb_old_content":"","_et_gb_content_width":"","footnotes":""},"class_list":["post-3984","page","type-page","status-publish","hentry"],"yoast_head":"<!-- This site is optimized with the Yoast SEO plugin v23.8 - https:\/\/yoast.com\/wordpress\/plugins\/seo\/ -->\n<title>Casalbert Horeca - Aceites Albert<\/title>\n<meta name=\"robots\" content=\"index, follow, max-snippet:-1, max-image-preview:large, max-video-preview:-1\" \/>\n<link rel=\"canonical\" href=\"https:\/\/www.aceitesalbert.com\/de\/casalbert-horeca\/\" \/>\n<meta property=\"og:locale\" content=\"de_DE\" \/>\n<meta property=\"og:type\" content=\"article\" \/>\n<meta property=\"og:title\" content=\"Casalbert Horeca - Aceites Albert\" \/>\n<meta property=\"og:description\" content=\"\u201cCasalbert Horeca\u201d Hotel- und Gastst\u00e4ttengewerbe 5 Diamanten in Ihrer K\u00fcche. Die Wahl desjenigen, der seinen Kunden das Beste bieten m\u00f6chte. Ein \u00d6l mit einem garantierten \u00d6lgehalt von maximal 80%, das Oxidation und Ranzigwerden verhindert und sich ideal zum Braten eignet. [Weiterlesen...] Soja\u00f6l Asiatische Weisheit, die auf die Eigenschaften von 100% pflanzlichem Soja\u00f6l angewendet wird. ist [&hellip;]\" \/>\n<meta property=\"og:url\" content=\"https:\/\/www.aceitesalbert.com\/de\/casalbert-horeca\/\" \/>\n<meta property=\"og:site_name\" content=\"Aceites Albert\" \/>\n<meta property=\"article:modified_time\" content=\"2021-06-11T12:15:49+00:00\" \/>\n<meta property=\"og:image\" content=\"https:\/\/www.aceitesalbert.com\/wp-content\/uploads\/2019\/10\/aceite-de-girasol-alto-oleico.png\" \/>\n<meta name=\"twitter:card\" content=\"summary_large_image\" \/>\n<script type=\"application\/ld+json\" class=\"yoast-schema-graph\">{\"@context\":\"https:\/\/schema.org\",\"@graph\":[{\"@type\":\"WebPage\",\"@id\":\"https:\/\/www.aceitesalbert.com\/de\/casalbert-horeca\/\",\"url\":\"https:\/\/www.aceitesalbert.com\/de\/casalbert-horeca\/\",\"name\":\"Casalbert Horeca - Aceites Albert\",\"isPartOf\":{\"@id\":\"https:\/\/www.aceitesalbert.com\/#website\"},\"primaryImageOfPage\":{\"@id\":\"https:\/\/www.aceitesalbert.com\/de\/casalbert-horeca\/#primaryimage\"},\"image\":{\"@id\":\"https:\/\/www.aceitesalbert.com\/de\/casalbert-horeca\/#primaryimage\"},\"thumbnailUrl\":\"https:\/\/www.aceitesalbert.com\/wp-content\/uploads\/2019\/10\/aceite-de-girasol-alto-oleico.png\",\"datePublished\":\"2019-10-22T14:45:21+00:00\",\"dateModified\":\"2021-06-11T12:15:49+00:00\",\"breadcrumb\":{\"@id\":\"https:\/\/www.aceitesalbert.com\/de\/casalbert-horeca\/#breadcrumb\"},\"inLanguage\":\"de\",\"potentialAction\":[{\"@type\":\"ReadAction\",\"target\":[\"https:\/\/www.aceitesalbert.com\/de\/casalbert-horeca\/\"]}]},{\"@type\":\"ImageObject\",\"inLanguage\":\"de\",\"@id\":\"https:\/\/www.aceitesalbert.com\/de\/casalbert-horeca\/#primaryimage\",\"url\":\"https:\/\/www.aceitesalbert.com\/wp-content\/uploads\/2019\/10\/aceite-de-girasol-alto-oleico.png\",\"contentUrl\":\"https:\/\/www.aceitesalbert.com\/wp-content\/uploads\/2019\/10\/aceite-de-girasol-alto-oleico.png\"},{\"@type\":\"BreadcrumbList\",\"@id\":\"https:\/\/www.aceitesalbert.com\/de\/casalbert-horeca\/#breadcrumb\",\"itemListElement\":[{\"@type\":\"ListItem\",\"position\":1,\"name\":\"Portada\",\"item\":\"https:\/\/www.aceitesalbert.com\/\"},{\"@type\":\"ListItem\",\"position\":2,\"name\":\"Casalbert Horeca\"}]},{\"@type\":\"WebSite\",\"@id\":\"https:\/\/www.aceitesalbert.com\/#website\",\"url\":\"https:\/\/www.aceitesalbert.com\/\",\"name\":\"Aceites Albert\",\"description\":\"Aceites de Oliva, Oliva Virgen Extra, Girasol y Semillas\",\"publisher\":{\"@id\":\"https:\/\/www.aceitesalbert.com\/#organization\"},\"potentialAction\":[{\"@type\":\"SearchAction\",\"target\":{\"@type\":\"EntryPoint\",\"urlTemplate\":\"https:\/\/www.aceitesalbert.com\/?s={search_term_string}\"},\"query-input\":{\"@type\":\"PropertyValueSpecification\",\"valueRequired\":true,\"valueName\":\"search_term_string\"}}],\"inLanguage\":\"de\"},{\"@type\":\"Organization\",\"@id\":\"https:\/\/www.aceitesalbert.com\/#organization\",\"name\":\"Aceites Albert S.L\",\"url\":\"https:\/\/www.aceitesalbert.com\/\",\"logo\":{\"@type\":\"ImageObject\",\"inLanguage\":\"de\",\"@id\":\"https:\/\/www.aceitesalbert.com\/#\/schema\/logo\/image\/\",\"url\":\"https:\/\/www.aceitesalbert.com\/wp-content\/uploads\/2019\/09\/logo.png\",\"contentUrl\":\"https:\/\/www.aceitesalbert.com\/wp-content\/uploads\/2019\/09\/logo.png\",\"width\":186,\"height\":186,\"caption\":\"Aceites Albert S.L\"},\"image\":{\"@id\":\"https:\/\/www.aceitesalbert.com\/#\/schema\/logo\/image\/\"}}]}<\/script>\n<!-- \/ Yoast SEO plugin. -->","yoast_head_json":{"title":"Casalbert Horeca - Aceites Albert","robots":{"index":"index","follow":"follow","max-snippet":"max-snippet:-1","max-image-preview":"max-image-preview:large","max-video-preview":"max-video-preview:-1"},"canonical":"https:\/\/www.aceitesalbert.com\/de\/casalbert-horeca\/","og_locale":"de_DE","og_type":"article","og_title":"Casalbert Horeca - Aceites Albert","og_description":"\u201cCasalbert Horeca\u201d Hotel- und Gastst\u00e4ttengewerbe 5 Diamanten in Ihrer K\u00fcche. Die Wahl desjenigen, der seinen Kunden das Beste bieten m\u00f6chte. Ein \u00d6l mit einem garantierten \u00d6lgehalt von maximal 80%, das Oxidation und Ranzigwerden verhindert und sich ideal zum Braten eignet. [Weiterlesen...] Soja\u00f6l Asiatische Weisheit, die auf die Eigenschaften von 100% pflanzlichem Soja\u00f6l angewendet wird. ist [&hellip;]","og_url":"https:\/\/www.aceitesalbert.com\/de\/casalbert-horeca\/","og_site_name":"Aceites Albert","article_modified_time":"2021-06-11T12:15:49+00:00","og_image":[{"url":"https:\/\/www.aceitesalbert.com\/wp-content\/uploads\/2019\/10\/aceite-de-girasol-alto-oleico.png"}],"twitter_card":"summary_large_image","schema":{"@context":"https:\/\/schema.org","@graph":[{"@type":"WebPage","@id":"https:\/\/www.aceitesalbert.com\/de\/casalbert-horeca\/","url":"https:\/\/www.aceitesalbert.com\/de\/casalbert-horeca\/","name":"Casalbert Horeca - Aceites Albert","isPartOf":{"@id":"https:\/\/www.aceitesalbert.com\/#website"},"primaryImageOfPage":{"@id":"https:\/\/www.aceitesalbert.com\/de\/casalbert-horeca\/#primaryimage"},"image":{"@id":"https:\/\/www.aceitesalbert.com\/de\/casalbert-horeca\/#primaryimage"},"thumbnailUrl":"https:\/\/www.aceitesalbert.com\/wp-content\/uploads\/2019\/10\/aceite-de-girasol-alto-oleico.png","datePublished":"2019-10-22T14:45:21+00:00","dateModified":"2021-06-11T12:15:49+00:00","breadcrumb":{"@id":"https:\/\/www.aceitesalbert.com\/de\/casalbert-horeca\/#breadcrumb"},"inLanguage":"de","potentialAction":[{"@type":"ReadAction","target":["https:\/\/www.aceitesalbert.com\/de\/casalbert-horeca\/"]}]},{"@type":"ImageObject","inLanguage":"de","@id":"https:\/\/www.aceitesalbert.com\/de\/casalbert-horeca\/#primaryimage","url":"https:\/\/www.aceitesalbert.com\/wp-content\/uploads\/2019\/10\/aceite-de-girasol-alto-oleico.png","contentUrl":"https:\/\/www.aceitesalbert.com\/wp-content\/uploads\/2019\/10\/aceite-de-girasol-alto-oleico.png"},{"@type":"BreadcrumbList","@id":"https:\/\/www.aceitesalbert.com\/de\/casalbert-horeca\/#breadcrumb","itemListElement":[{"@type":"ListItem","position":1,"name":"Portada","item":"https:\/\/www.aceitesalbert.com\/"},{"@type":"ListItem","position":2,"name":"Casalbert Horeca"}]},{"@type":"WebSite","@id":"https:\/\/www.aceitesalbert.com\/#website","url":"https:\/\/www.aceitesalbert.com\/","name":"Aceites Albert","description":"Aceites de Oliva, Oliva Virgen Extra, Girasol y Semillas","publisher":{"@id":"https:\/\/www.aceitesalbert.com\/#organization"},"potentialAction":[{"@type":"SearchAction","target":{"@type":"EntryPoint","urlTemplate":"https:\/\/www.aceitesalbert.com\/?s={search_term_string}"},"query-input":{"@type":"PropertyValueSpecification","valueRequired":true,"valueName":"search_term_string"}}],"inLanguage":"de"},{"@type":"Organization","@id":"https:\/\/www.aceitesalbert.com\/#organization","name":"Aceites Albert S.L","url":"https:\/\/www.aceitesalbert.com\/","logo":{"@type":"ImageObject","inLanguage":"de","@id":"https:\/\/www.aceitesalbert.com\/#\/schema\/logo\/image\/","url":"https:\/\/www.aceitesalbert.com\/wp-content\/uploads\/2019\/09\/logo.png","contentUrl":"https:\/\/www.aceitesalbert.com\/wp-content\/uploads\/2019\/09\/logo.png","width":186,"height":186,"caption":"Aceites Albert S.L"},"image":{"@id":"https:\/\/www.aceitesalbert.com\/#\/schema\/logo\/image\/"}}]}},"_links":{"self":[{"href":"https:\/\/www.aceitesalbert.com\/de\/wp-json\/wp\/v2\/pages\/3984","targetHints":{"allow":["GET"]}}],"collection":[{"href":"https:\/\/www.aceitesalbert.com\/de\/wp-json\/wp\/v2\/pages"}],"about":[{"href":"https:\/\/www.aceitesalbert.com\/de\/wp-json\/wp\/v2\/types\/page"}],"author":[{"embeddable":true,"href":"https:\/\/www.aceitesalbert.com\/de\/wp-json\/wp\/v2\/users\/1"}],"replies":[{"embeddable":true,"href":"https:\/\/www.aceitesalbert.com\/de\/wp-json\/wp\/v2\/comments?post=3984"}],"version-history":[{"count":0,"href":"https:\/\/www.aceitesalbert.com\/de\/wp-json\/wp\/v2\/pages\/3984\/revisions"}],"wp:attachment":[{"href":"https:\/\/www.aceitesalbert.com\/de\/wp-json\/wp\/v2\/media?parent=3984"}],"curies":[{"name":"wp","href":"https:\/\/api.w.org\/{rel}","templated":true}]}}