{"id":3997,"date":"2019-10-04T16:17:19","date_gmt":"2019-10-04T14:17:19","guid":{"rendered":"https:\/\/www.aceitesalbert.com\/casalbert-auswahl\/virgen-extra-reserva-de-la-familia\/"},"modified":"2021-06-11T14:30:45","modified_gmt":"2021-06-11T12:30:45","slug":"extra-virgin-family-reserve","status":"publish","type":"page","link":"https:\/\/www.aceitesalbert.com\/de\/casalbert-auswahl\/extra-virgin-family-reserve\/","title":{"rendered":"Extra Virgin Family Reserve"},"content":{"rendered":"<p>[et_pb_section fb_built=&#8220;1&#8243; module_class=&#8220;indiproduct-page&#8220; _builder_version=&#8220;3.29.3&#8243;][et_pb_row _builder_version=&#8220;4.4.5&#8243; custom_margin=&#8220;||0px||false|false&#8220; custom_padding=&#8220;||0px||false|false&#8220;][et_pb_column type=&#8220;4_4&#8243; _builder_version=&#8220;4.4.5&#8243;][et_pb_text _builder_version=&#8220;4.4.5&#8243; text_orientation=&#8220;center&#8220; custom_padding=&#8220;1px|||||&#8220;]<\/p>\n<h2 class=\"nuestroaceitetitulo\">VIRGEN EXTRA RESERVA DE LA FAMILIA<\/h2>\n<p>[\/et_pb_text][\/et_pb_column][\/et_pb_row][et_pb_row column_structure=&#8220;1_4,3_4&#8243; use_custom_gutter=&#8220;on&#8220; gutter_width=&#8220;1&#8243; _builder_version=&#8220;4.4.5&#8243; background_color=&#8220;rgba(0,0,0,0)&#8220; custom_margin=&#8220;||0px||false|false&#8220; custom_padding=&#8220;||0px||false|false&#8220;][et_pb_column type=&#8220;1_4&#8243; _builder_version=&#8220;4.4.5&#8243;][et_pb_sidebar area=&#8220;et_pb_widget_area_3&#8243; module_class=&#8220;menunuestrosproductos&#8220; _builder_version=&#8220;4.4.5&#8243; width=&#8220;100%&#8220; custom_margin=&#8220;|-2px||-2px|false|true&#8220;][\/et_pb_sidebar][\/et_pb_column][et_pb_column type=&#8220;3_4&#8243; _builder_version=&#8220;4.4.5&#8243;][et_pb_text module_class=&#8220;nuestrosaceitesimg&#8220; _builder_version=&#8220;4.4.5&#8243; background_color=&#8220;#af8338&#8243; custom_padding=&#8220;5%|2%|5%|2%|false|false&#8220;]<\/p>\n<p><img decoding=\"async\" src=\"https:\/\/www.aceitesalbert.com\/wp-content\/uploads\/2019\/10\/reserva-de-la-familia-5.png\" width=\"250\" height=\"470\" alt=\"\" class=\"wp-image-611 alignnone size-medium\" style=\"font-size: 14px; color: #666666; background-color: #e09900;\" \/><\/p>\n<h4 class=\"nuestroaceitetituloproducto\">NATIVES OLIVEN\u00d6L EXTRA<\/h4>\n<p><span>Seit der Gr\u00fcndung von \u201cAceites Albert\u201d im Jahr 1959 hat sein Gr\u00fcnder Francisco Albert Montalt aus jeder Ernte das beste \u00d6l ausgew\u00e4hlt, um einen \u201cFamilienschatz\u201d zu schaffen. Jedes Jahr wird das als ausgezeichnet geltende \u00d6l getrennt und sorgf\u00e4ltig in 500 ml Flaschen verpackt abgef\u00fcllt. Die Produktion ist exklusiv und begrenzt.<\/span><\/p>\n<p>[\/et_pb_text][et_pb_code _builder_version=&#8220;4.4.5&#8243;][\/et_pb_code][\/et_pb_column][\/et_pb_row][et_pb_row column_structure=&#8220;1_4,1_2,1_4&#8243; use_custom_gutter=&#8220;on&#8220; gutter_width=&#8220;1&#8243; module_class=&#8220;nuestrosaceitespartebaja&#8220; _builder_version=&#8220;4.4.5&#8243; background_color=&#8220;rgba(0,0,0,0)&#8220;][et_pb_column type=&#8220;1_4&#8243; _builder_version=&#8220;4.4.5&#8243;][\/et_pb_column][et_pb_column type=&#8220;1_2&#8243; _builder_version=&#8220;4.4.5&#8243;][et_pb_text module_class=&#8220;nuestrosaceitesdescripcion&#8220; _builder_version=&#8220;4.4.5&#8243; background_color=&#8220;rgba(0,0,0,0)&#8220; custom_padding=&#8220;5%|2%|5%|2%|false|false&#8220;]<\/p>\n<h3>Geschmacksnoten<\/h3>\n<p><span>Wir stehen vor einem nativen Oliven\u00f6l extra mit einem\u00a0 intensiven Geschmack \u00a0mit kr\u00e4uterigen und fruchtigen Noten. Seine Ausdruckskraft erinnert uns leicht an Tomaten, frisch geschnittenes Gras oder Oregano. Wenn wir geduldig sind, werden wir auch das Aroma von gr\u00fcnem Apfel und sogar Mandeln entdecken.<\/span><\/p>\n<p>[\/et_pb_text][et_pb_text module_class=&#8220;nuestrosaceitesdescripcion&#8220; _builder_version=&#8220;4.4.5&#8243; background_color=&#8220;rgba(0,0,0,0)&#8220; custom_padding=&#8220;5%|2%|5%|2%|false|false&#8220;]<\/p>\n<h3>PAARUNGSNOTIZ<\/h3>\n<p>Die Kombination dieses au\u00dfergew\u00f6hnlichen Oliven\u00f6l und den Zutaten aus denen ein Gericht besteht machen dieses \u00d6l ideal zu wei\u00dfes Fleisch, Fisch und Reisgerichte.<\/p>\n<p>[\/et_pb_text][et_pb_code _builder_version=&#8220;4.4.5&#8243;][\/et_pb_code][\/et_pb_column][et_pb_column type=&#8220;1_4&#8243; _builder_version=&#8220;4.4.5&#8243;][et_pb_text module_class=&#8220;nuestroaceitecajastilo1&#8243; _builder_version=&#8220;4.4.5&#8243; header_text_color=&#8220;#e02b20&#8243;]<\/p>\n<h4>Produkt<\/h4>\n<p>Premium Natives Oliven\u00f6l Extra, speziell ausgew\u00e4hlt f\u00fcr diese Familienauslese.<\/p>\n<p>[\/et_pb_text][et_pb_text module_class=&#8220;nuestroaceitecajastilo1&#8243; _builder_version=&#8220;4.4.5&#8243; header_text_color=&#8220;#e02b20&#8243;]<\/p>\n<h4>Gewinnung<\/h4>\n<p><span>Kaltpressen von Oliven zum optimalen Zeitpunkt der Reifung<br \/> <\/span><\/p>\n<p>[\/et_pb_text][et_pb_text module_class=&#8220;nuestroaceitecajastilo1&#8243; _builder_version=&#8220;4.4.5&#8243; header_text_color=&#8220;#e02b20&#8243;]<\/p>\n<h4>Sorten<\/h4>\n<p><span>Serrana de Espad\u00e1n<\/span><\/p>\n<p>[\/et_pb_text][\/et_pb_column][\/et_pb_row][\/et_pb_section]<\/p>\n","protected":false},"excerpt":{"rendered":"<p>VIRGEN EXTRA RESERVA DE LA FAMILIA NATIVES OLIVEN\u00d6L EXTRA Seit der Gr\u00fcndung von \u201cAceites Albert\u201d im Jahr 1959 hat sein Gr\u00fcnder Francisco Albert Montalt aus jeder Ernte das beste \u00d6l ausgew\u00e4hlt, um einen \u201cFamilienschatz\u201d zu schaffen. Jedes Jahr wird das als ausgezeichnet geltende \u00d6l getrennt und sorgf\u00e4ltig in 500 ml Flaschen verpackt abgef\u00fcllt. Die Produktion [&hellip;]<\/p>\n","protected":false},"author":1,"featured_media":0,"parent":3969,"menu_order":0,"comment_status":"closed","ping_status":"closed","template":"","meta":{"_et_pb_use_builder":"on","_et_pb_old_content":"","_et_gb_content_width":"","footnotes":""},"class_list":["post-3997","page","type-page","status-publish","hentry"],"yoast_head":"<!-- This site is optimized with the Yoast SEO plugin v23.8 - https:\/\/yoast.com\/wordpress\/plugins\/seo\/ -->\n<title>Extra Virgin Family Reserve - Aceites Albert<\/title>\n<meta name=\"robots\" content=\"index, follow, max-snippet:-1, max-image-preview:large, max-video-preview:-1\" \/>\n<link rel=\"canonical\" href=\"https:\/\/www.aceitesalbert.com\/de\/casalbert-auswahl\/extra-virgin-family-reserve\/\" \/>\n<meta property=\"og:locale\" content=\"de_DE\" \/>\n<meta property=\"og:type\" content=\"article\" \/>\n<meta property=\"og:title\" content=\"Extra Virgin Family Reserve - Aceites Albert\" \/>\n<meta property=\"og:description\" content=\"VIRGEN EXTRA RESERVA DE LA FAMILIA NATIVES OLIVEN\u00d6L EXTRA Seit der Gr\u00fcndung von \u201cAceites Albert\u201d im Jahr 1959 hat sein Gr\u00fcnder Francisco Albert Montalt aus jeder Ernte das beste \u00d6l ausgew\u00e4hlt, um einen \u201cFamilienschatz\u201d zu schaffen. Jedes Jahr wird das als ausgezeichnet geltende \u00d6l getrennt und sorgf\u00e4ltig in 500 ml Flaschen verpackt abgef\u00fcllt. Die Produktion [&hellip;]\" \/>\n<meta property=\"og:url\" content=\"https:\/\/www.aceitesalbert.com\/de\/casalbert-auswahl\/extra-virgin-family-reserve\/\" \/>\n<meta property=\"og:site_name\" content=\"Aceites Albert\" \/>\n<meta property=\"article:modified_time\" content=\"2021-06-11T12:30:45+00:00\" \/>\n<meta property=\"og:image\" content=\"https:\/\/www.aceitesalbert.com\/wp-content\/uploads\/2019\/10\/reserva-de-la-familia-5.png\" \/>\n<meta name=\"twitter:card\" content=\"summary_large_image\" \/>\n<script type=\"application\/ld+json\" class=\"yoast-schema-graph\">{\"@context\":\"https:\/\/schema.org\",\"@graph\":[{\"@type\":\"WebPage\",\"@id\":\"https:\/\/www.aceitesalbert.com\/de\/casalbert-auswahl\/extra-virgin-family-reserve\/\",\"url\":\"https:\/\/www.aceitesalbert.com\/de\/casalbert-auswahl\/extra-virgin-family-reserve\/\",\"name\":\"Extra Virgin Family Reserve - Aceites Albert\",\"isPartOf\":{\"@id\":\"https:\/\/www.aceitesalbert.com\/#website\"},\"primaryImageOfPage\":{\"@id\":\"https:\/\/www.aceitesalbert.com\/de\/casalbert-auswahl\/extra-virgin-family-reserve\/#primaryimage\"},\"image\":{\"@id\":\"https:\/\/www.aceitesalbert.com\/de\/casalbert-auswahl\/extra-virgin-family-reserve\/#primaryimage\"},\"thumbnailUrl\":\"https:\/\/www.aceitesalbert.com\/wp-content\/uploads\/2019\/10\/reserva-de-la-familia-5.png\",\"datePublished\":\"2019-10-04T14:17:19+00:00\",\"dateModified\":\"2021-06-11T12:30:45+00:00\",\"breadcrumb\":{\"@id\":\"https:\/\/www.aceitesalbert.com\/de\/casalbert-auswahl\/extra-virgin-family-reserve\/#breadcrumb\"},\"inLanguage\":\"de\",\"potentialAction\":[{\"@type\":\"ReadAction\",\"target\":[\"https:\/\/www.aceitesalbert.com\/de\/casalbert-auswahl\/extra-virgin-family-reserve\/\"]}]},{\"@type\":\"ImageObject\",\"inLanguage\":\"de\",\"@id\":\"https:\/\/www.aceitesalbert.com\/de\/casalbert-auswahl\/extra-virgin-family-reserve\/#primaryimage\",\"url\":\"https:\/\/www.aceitesalbert.com\/wp-content\/uploads\/2019\/10\/reserva-de-la-familia-5.png\",\"contentUrl\":\"https:\/\/www.aceitesalbert.com\/wp-content\/uploads\/2019\/10\/reserva-de-la-familia-5.png\"},{\"@type\":\"BreadcrumbList\",\"@id\":\"https:\/\/www.aceitesalbert.com\/de\/casalbert-auswahl\/extra-virgin-family-reserve\/#breadcrumb\",\"itemListElement\":[{\"@type\":\"ListItem\",\"position\":1,\"name\":\"Portada\",\"item\":\"https:\/\/www.aceitesalbert.com\/\"},{\"@type\":\"ListItem\",\"position\":2,\"name\":\"casalbert Auswahl\",\"item\":\"https:\/\/www.aceitesalbert.com\/de\/casalbert-auswahl\/\"},{\"@type\":\"ListItem\",\"position\":3,\"name\":\"Extra Virgin Family Reserve\"}]},{\"@type\":\"WebSite\",\"@id\":\"https:\/\/www.aceitesalbert.com\/#website\",\"url\":\"https:\/\/www.aceitesalbert.com\/\",\"name\":\"Aceites Albert\",\"description\":\"Aceites de Oliva, Oliva Virgen Extra, Girasol y Semillas\",\"publisher\":{\"@id\":\"https:\/\/www.aceitesalbert.com\/#organization\"},\"potentialAction\":[{\"@type\":\"SearchAction\",\"target\":{\"@type\":\"EntryPoint\",\"urlTemplate\":\"https:\/\/www.aceitesalbert.com\/?s={search_term_string}\"},\"query-input\":{\"@type\":\"PropertyValueSpecification\",\"valueRequired\":true,\"valueName\":\"search_term_string\"}}],\"inLanguage\":\"de\"},{\"@type\":\"Organization\",\"@id\":\"https:\/\/www.aceitesalbert.com\/#organization\",\"name\":\"Aceites Albert S.L\",\"url\":\"https:\/\/www.aceitesalbert.com\/\",\"logo\":{\"@type\":\"ImageObject\",\"inLanguage\":\"de\",\"@id\":\"https:\/\/www.aceitesalbert.com\/#\/schema\/logo\/image\/\",\"url\":\"https:\/\/www.aceitesalbert.com\/wp-content\/uploads\/2019\/09\/logo.png\",\"contentUrl\":\"https:\/\/www.aceitesalbert.com\/wp-content\/uploads\/2019\/09\/logo.png\",\"width\":186,\"height\":186,\"caption\":\"Aceites Albert S.L\"},\"image\":{\"@id\":\"https:\/\/www.aceitesalbert.com\/#\/schema\/logo\/image\/\"}}]}<\/script>\n<!-- \/ Yoast SEO plugin. -->","yoast_head_json":{"title":"Extra Virgin Family Reserve - Aceites Albert","robots":{"index":"index","follow":"follow","max-snippet":"max-snippet:-1","max-image-preview":"max-image-preview:large","max-video-preview":"max-video-preview:-1"},"canonical":"https:\/\/www.aceitesalbert.com\/de\/casalbert-auswahl\/extra-virgin-family-reserve\/","og_locale":"de_DE","og_type":"article","og_title":"Extra Virgin Family Reserve - Aceites Albert","og_description":"VIRGEN EXTRA RESERVA DE LA FAMILIA NATIVES OLIVEN\u00d6L EXTRA Seit der Gr\u00fcndung von \u201cAceites Albert\u201d im Jahr 1959 hat sein Gr\u00fcnder Francisco Albert Montalt aus jeder Ernte das beste \u00d6l ausgew\u00e4hlt, um einen \u201cFamilienschatz\u201d zu schaffen. Jedes Jahr wird das als ausgezeichnet geltende \u00d6l getrennt und sorgf\u00e4ltig in 500 ml Flaschen verpackt abgef\u00fcllt. Die Produktion [&hellip;]","og_url":"https:\/\/www.aceitesalbert.com\/de\/casalbert-auswahl\/extra-virgin-family-reserve\/","og_site_name":"Aceites Albert","article_modified_time":"2021-06-11T12:30:45+00:00","og_image":[{"url":"https:\/\/www.aceitesalbert.com\/wp-content\/uploads\/2019\/10\/reserva-de-la-familia-5.png"}],"twitter_card":"summary_large_image","schema":{"@context":"https:\/\/schema.org","@graph":[{"@type":"WebPage","@id":"https:\/\/www.aceitesalbert.com\/de\/casalbert-auswahl\/extra-virgin-family-reserve\/","url":"https:\/\/www.aceitesalbert.com\/de\/casalbert-auswahl\/extra-virgin-family-reserve\/","name":"Extra Virgin Family Reserve - Aceites Albert","isPartOf":{"@id":"https:\/\/www.aceitesalbert.com\/#website"},"primaryImageOfPage":{"@id":"https:\/\/www.aceitesalbert.com\/de\/casalbert-auswahl\/extra-virgin-family-reserve\/#primaryimage"},"image":{"@id":"https:\/\/www.aceitesalbert.com\/de\/casalbert-auswahl\/extra-virgin-family-reserve\/#primaryimage"},"thumbnailUrl":"https:\/\/www.aceitesalbert.com\/wp-content\/uploads\/2019\/10\/reserva-de-la-familia-5.png","datePublished":"2019-10-04T14:17:19+00:00","dateModified":"2021-06-11T12:30:45+00:00","breadcrumb":{"@id":"https:\/\/www.aceitesalbert.com\/de\/casalbert-auswahl\/extra-virgin-family-reserve\/#breadcrumb"},"inLanguage":"de","potentialAction":[{"@type":"ReadAction","target":["https:\/\/www.aceitesalbert.com\/de\/casalbert-auswahl\/extra-virgin-family-reserve\/"]}]},{"@type":"ImageObject","inLanguage":"de","@id":"https:\/\/www.aceitesalbert.com\/de\/casalbert-auswahl\/extra-virgin-family-reserve\/#primaryimage","url":"https:\/\/www.aceitesalbert.com\/wp-content\/uploads\/2019\/10\/reserva-de-la-familia-5.png","contentUrl":"https:\/\/www.aceitesalbert.com\/wp-content\/uploads\/2019\/10\/reserva-de-la-familia-5.png"},{"@type":"BreadcrumbList","@id":"https:\/\/www.aceitesalbert.com\/de\/casalbert-auswahl\/extra-virgin-family-reserve\/#breadcrumb","itemListElement":[{"@type":"ListItem","position":1,"name":"Portada","item":"https:\/\/www.aceitesalbert.com\/"},{"@type":"ListItem","position":2,"name":"casalbert Auswahl","item":"https:\/\/www.aceitesalbert.com\/de\/casalbert-auswahl\/"},{"@type":"ListItem","position":3,"name":"Extra Virgin Family Reserve"}]},{"@type":"WebSite","@id":"https:\/\/www.aceitesalbert.com\/#website","url":"https:\/\/www.aceitesalbert.com\/","name":"Aceites Albert","description":"Aceites de Oliva, Oliva Virgen Extra, Girasol y Semillas","publisher":{"@id":"https:\/\/www.aceitesalbert.com\/#organization"},"potentialAction":[{"@type":"SearchAction","target":{"@type":"EntryPoint","urlTemplate":"https:\/\/www.aceitesalbert.com\/?s={search_term_string}"},"query-input":{"@type":"PropertyValueSpecification","valueRequired":true,"valueName":"search_term_string"}}],"inLanguage":"de"},{"@type":"Organization","@id":"https:\/\/www.aceitesalbert.com\/#organization","name":"Aceites Albert S.L","url":"https:\/\/www.aceitesalbert.com\/","logo":{"@type":"ImageObject","inLanguage":"de","@id":"https:\/\/www.aceitesalbert.com\/#\/schema\/logo\/image\/","url":"https:\/\/www.aceitesalbert.com\/wp-content\/uploads\/2019\/09\/logo.png","contentUrl":"https:\/\/www.aceitesalbert.com\/wp-content\/uploads\/2019\/09\/logo.png","width":186,"height":186,"caption":"Aceites Albert S.L"},"image":{"@id":"https:\/\/www.aceitesalbert.com\/#\/schema\/logo\/image\/"}}]}},"_links":{"self":[{"href":"https:\/\/www.aceitesalbert.com\/de\/wp-json\/wp\/v2\/pages\/3997","targetHints":{"allow":["GET"]}}],"collection":[{"href":"https:\/\/www.aceitesalbert.com\/de\/wp-json\/wp\/v2\/pages"}],"about":[{"href":"https:\/\/www.aceitesalbert.com\/de\/wp-json\/wp\/v2\/types\/page"}],"author":[{"embeddable":true,"href":"https:\/\/www.aceitesalbert.com\/de\/wp-json\/wp\/v2\/users\/1"}],"replies":[{"embeddable":true,"href":"https:\/\/www.aceitesalbert.com\/de\/wp-json\/wp\/v2\/comments?post=3997"}],"version-history":[{"count":0,"href":"https:\/\/www.aceitesalbert.com\/de\/wp-json\/wp\/v2\/pages\/3997\/revisions"}],"up":[{"embeddable":true,"href":"https:\/\/www.aceitesalbert.com\/de\/wp-json\/wp\/v2\/pages\/3969"}],"wp:attachment":[{"href":"https:\/\/www.aceitesalbert.com\/de\/wp-json\/wp\/v2\/media?parent=3997"}],"curies":[{"name":"wp","href":"https:\/\/api.w.org\/{rel}","templated":true}]}}