{"id":4002,"date":"2019-10-10T08:46:14","date_gmt":"2019-10-10T06:46:14","guid":{"rendered":"https:\/\/www.aceitesalbert.com\/casalbert-auswahl\/virgen-extra-ecologico\/"},"modified":"2021-06-16T08:30:45","modified_gmt":"2021-06-16T06:30:45","slug":"bio-extra-virgin","status":"publish","type":"page","link":"https:\/\/www.aceitesalbert.com\/de\/casalbert-auswahl\/bio-extra-virgin\/","title":{"rendered":"Bio Extra Virgin"},"content":{"rendered":"<p>[et_pb_section fb_built=&#8220;1&#8243; module_class=&#8220;indiproduct-page&#8220; _builder_version=&#8220;3.29.3&#8243;][et_pb_row _builder_version=&#8220;4.4.5&#8243; custom_margin=&#8220;||0px||false|false&#8220; custom_padding=&#8220;||0px||false|false&#8220;][et_pb_column type=&#8220;4_4&#8243; _builder_version=&#8220;4.4.5&#8243;][et_pb_text _builder_version=&#8220;4.4.5&#8243; text_orientation=&#8220;center&#8220; hover_enabled=&#8220;0&#8243;]<\/p>\n<h2 class=\"nuestroaceitetitulo\">&#8222;NATIVES OLIVEN\u00d6L EXTRA &#8211; BIO&#8220;<\/h2>\n<p>[\/et_pb_text][\/et_pb_column][\/et_pb_row][et_pb_row column_structure=&#8220;1_4,3_4&#8243; use_custom_gutter=&#8220;on&#8220; gutter_width=&#8220;1&#8243; _builder_version=&#8220;4.4.5&#8243; background_color=&#8220;rgba(0,0,0,0)&#8220; custom_margin=&#8220;||0px||false|false&#8220; custom_padding=&#8220;||0px||false|false&#8220;][et_pb_column type=&#8220;1_4&#8243; _builder_version=&#8220;4.4.5&#8243;][et_pb_sidebar area=&#8220;et_pb_widget_area_3&#8243; module_class=&#8220;menunuestrosproductos&#8220; _builder_version=&#8220;4.4.5&#8243; width=&#8220;100%&#8220; custom_margin=&#8220;|-2px||-2px|false|true&#8220;][\/et_pb_sidebar][\/et_pb_column][et_pb_column type=&#8220;3_4&#8243; _builder_version=&#8220;4.4.5&#8243;][et_pb_text module_class=&#8220;nuestrosaceitesimg&#8220; _builder_version=&#8220;4.4.5&#8243; background_color=&#8220;#af8338&#8243; custom_padding=&#8220;5%|2%|5%|2%|false|false&#8220; hover_enabled=&#8220;0&#8243;]<\/p>\n<p><img decoding=\"async\" src=\"https:\/\/www.aceitesalbert.com\/wp-content\/uploads\/2019\/10\/virgen-extra-ecologico.png\" width=\"250\" height=\"470\" alt=\"\" class=\"wp-image-611 alignnone size-medium\" style=\"font-size: 14px; color: #666666; background-color: #e09900;\" \/><\/p>\n<h4 class=\"nuestroaceitetituloproducto\">NATIVES OLIVEN\u00d6L EXTRA &#8211; BIO<\/h4>\n<p>Unser Bio-\u00d6l ist ein 100% nat\u00fcrliches und handgemachtes Produkt. Vom Beginn des Wachstums bis zum Erreichen des Verbrauchers werden die h\u00f6chsten Standards des \u00f6kologischen Landbaus eingehalten, die jederzeit von Zertifizierern der Agenturen kontrolliert werden.\u00a0<span style=\"font-size: 14px;\">Dank des sorgf\u00e4ltigen Anbaus, der Ernte und der Verpackung erhalten wir dieses Bio-\u00d6l von unschlagbarer Qualit\u00e4t, gesund und mit ausgezeichnetem Geschmack.<\/span><\/p>\n<p>[\/et_pb_text][et_pb_code _builder_version=&#8220;4.4.5&#8243;][\/et_pb_code][\/et_pb_column][\/et_pb_row][et_pb_row column_structure=&#8220;1_4,1_2,1_4&#8243; use_custom_gutter=&#8220;on&#8220; gutter_width=&#8220;1&#8243; module_class=&#8220;nuestrosaceitespartebaja&#8220; _builder_version=&#8220;4.4.5&#8243; background_color=&#8220;rgba(0,0,0,0)&#8220;][et_pb_column type=&#8220;1_4&#8243; _builder_version=&#8220;4.4.5&#8243;][\/et_pb_column][et_pb_column type=&#8220;1_2&#8243; _builder_version=&#8220;4.4.5&#8243;][et_pb_text module_class=&#8220;nuestrosaceitesdescripcion&#8220; _builder_version=&#8220;4.4.5&#8243; background_color=&#8220;rgba(0,0,0,0)&#8220; custom_padding=&#8220;5%|2%|5%|2%|false|false&#8220;]<\/p>\n<h3>Testnotizen<\/h3>\n<p>Casalbert Bio-Oliven\u00f6l wird nach einer langen Erfahrung und Tradition von \u00fcber 60 Jahren hergestellt. Die Auswahl der Oliven, die bei optimaler Reife und maximaler Zartheit im Extraktionsprozess gesammelt werden, macht Organic Casalbert zu einem unvergleichlichen \u00f6kologischen \u00d6l. Zu seinen vielen Eigenschaften z\u00e4hlen seine intensive Fruchtigkeit und ein wunderbarer Hauch von gr\u00fcnen Tomaten. Wie es nicht anders sein kann, ist die Sanftheit dieses \u00d6ls im Mund gut ausbalanciert, sauber und frisch, nach einem intensiven fruchtigen Geschmack.<\/p>\n<p>.<\/p>\n<p>[\/et_pb_text][et_pb_code _builder_version=&#8220;4.4.5&#8243;][\/et_pb_code][\/et_pb_column][et_pb_column type=&#8220;1_4&#8243; _builder_version=&#8220;4.4.5&#8243;][et_pb_text module_class=&#8220;nuestroaceitecajastilo1&#8243; _builder_version=&#8220;4.4.5&#8243; header_text_color=&#8220;#e02b20&#8243;]<\/p>\n<h4>Produkt<\/h4>\n<p><span>Natives Oliven\u00f6l Extra aus \u00f6kologischer Produktion<\/span><\/p>\n<p>[\/et_pb_text][et_pb_text module_class=&#8220;nuestroaceitecajastilo2&#8243; _builder_version=&#8220;4.4.5&#8243; header_text_color=&#8220;#e02b20&#8243;]<\/p>\n<h4>Olivensorten<\/h4>\n<p>Serrana de Espad\u00e1n und Arbequina<\/p>\n<p>[\/et_pb_text][et_pb_text module_class=&#8220;nuestroaceitecajastilo2&#8243; _builder_version=&#8220;4.4.5&#8243; header_text_color=&#8220;#e02b20&#8243;]<\/p>\n<h4>Paarungsnotiz<\/h4>\n<p>Empfohlen f\u00fcr warme und kalte Speisen, besonders f\u00fcr Fleisch, Fisch und Salate.<\/p>\n<p>[\/et_pb_text][\/et_pb_column][\/et_pb_row][\/et_pb_section]<\/p>\n","protected":false},"excerpt":{"rendered":"<p>&#8222;NATIVES OLIVEN\u00d6L EXTRA &#8211; BIO&#8220; NATIVES OLIVEN\u00d6L EXTRA &#8211; BIO Unser Bio-\u00d6l ist ein 100% nat\u00fcrliches und handgemachtes Produkt. Vom Beginn des Wachstums bis zum Erreichen des Verbrauchers werden die h\u00f6chsten Standards des \u00f6kologischen Landbaus eingehalten, die jederzeit von Zertifizierern der Agenturen kontrolliert werden.\u00a0Dank des sorgf\u00e4ltigen Anbaus, der Ernte und der Verpackung erhalten wir dieses [&hellip;]<\/p>\n","protected":false},"author":1,"featured_media":0,"parent":3969,"menu_order":0,"comment_status":"closed","ping_status":"closed","template":"","meta":{"_et_pb_use_builder":"on","_et_pb_old_content":"","_et_gb_content_width":"","footnotes":""},"class_list":["post-4002","page","type-page","status-publish","hentry"],"yoast_head":"<!-- This site is optimized with the Yoast SEO plugin v23.8 - https:\/\/yoast.com\/wordpress\/plugins\/seo\/ -->\n<title>Bio Extra Virgin - Aceites Albert<\/title>\n<meta name=\"robots\" content=\"index, follow, max-snippet:-1, max-image-preview:large, max-video-preview:-1\" \/>\n<link rel=\"canonical\" href=\"https:\/\/www.aceitesalbert.com\/de\/casalbert-auswahl\/bio-extra-virgin\/\" \/>\n<meta property=\"og:locale\" content=\"de_DE\" \/>\n<meta property=\"og:type\" content=\"article\" \/>\n<meta property=\"og:title\" content=\"Bio Extra Virgin - Aceites Albert\" \/>\n<meta property=\"og:description\" content=\"&quot;NATIVES OLIVEN\u00d6L EXTRA - BIO&quot; NATIVES OLIVEN\u00d6L EXTRA - BIO Unser Bio-\u00d6l ist ein 100% nat\u00fcrliches und handgemachtes Produkt. Vom Beginn des Wachstums bis zum Erreichen des Verbrauchers werden die h\u00f6chsten Standards des \u00f6kologischen Landbaus eingehalten, die jederzeit von Zertifizierern der Agenturen kontrolliert werden.\u00a0Dank des sorgf\u00e4ltigen Anbaus, der Ernte und der Verpackung erhalten wir dieses [&hellip;]\" \/>\n<meta property=\"og:url\" content=\"https:\/\/www.aceitesalbert.com\/de\/casalbert-auswahl\/bio-extra-virgin\/\" \/>\n<meta property=\"og:site_name\" content=\"Aceites Albert\" \/>\n<meta property=\"article:modified_time\" content=\"2021-06-16T06:30:45+00:00\" \/>\n<meta property=\"og:image\" content=\"https:\/\/www.aceitesalbert.com\/wp-content\/uploads\/2019\/10\/virgen-extra-ecologico.png\" \/>\n<meta name=\"twitter:card\" content=\"summary_large_image\" \/>\n<script type=\"application\/ld+json\" class=\"yoast-schema-graph\">{\"@context\":\"https:\/\/schema.org\",\"@graph\":[{\"@type\":\"WebPage\",\"@id\":\"https:\/\/www.aceitesalbert.com\/de\/casalbert-auswahl\/bio-extra-virgin\/\",\"url\":\"https:\/\/www.aceitesalbert.com\/de\/casalbert-auswahl\/bio-extra-virgin\/\",\"name\":\"Bio Extra Virgin - Aceites Albert\",\"isPartOf\":{\"@id\":\"https:\/\/www.aceitesalbert.com\/#website\"},\"primaryImageOfPage\":{\"@id\":\"https:\/\/www.aceitesalbert.com\/de\/casalbert-auswahl\/bio-extra-virgin\/#primaryimage\"},\"image\":{\"@id\":\"https:\/\/www.aceitesalbert.com\/de\/casalbert-auswahl\/bio-extra-virgin\/#primaryimage\"},\"thumbnailUrl\":\"https:\/\/www.aceitesalbert.com\/wp-content\/uploads\/2019\/10\/virgen-extra-ecologico.png\",\"datePublished\":\"2019-10-10T06:46:14+00:00\",\"dateModified\":\"2021-06-16T06:30:45+00:00\",\"breadcrumb\":{\"@id\":\"https:\/\/www.aceitesalbert.com\/de\/casalbert-auswahl\/bio-extra-virgin\/#breadcrumb\"},\"inLanguage\":\"de\",\"potentialAction\":[{\"@type\":\"ReadAction\",\"target\":[\"https:\/\/www.aceitesalbert.com\/de\/casalbert-auswahl\/bio-extra-virgin\/\"]}]},{\"@type\":\"ImageObject\",\"inLanguage\":\"de\",\"@id\":\"https:\/\/www.aceitesalbert.com\/de\/casalbert-auswahl\/bio-extra-virgin\/#primaryimage\",\"url\":\"https:\/\/www.aceitesalbert.com\/wp-content\/uploads\/2019\/10\/virgen-extra-ecologico.png\",\"contentUrl\":\"https:\/\/www.aceitesalbert.com\/wp-content\/uploads\/2019\/10\/virgen-extra-ecologico.png\"},{\"@type\":\"BreadcrumbList\",\"@id\":\"https:\/\/www.aceitesalbert.com\/de\/casalbert-auswahl\/bio-extra-virgin\/#breadcrumb\",\"itemListElement\":[{\"@type\":\"ListItem\",\"position\":1,\"name\":\"Portada\",\"item\":\"https:\/\/www.aceitesalbert.com\/\"},{\"@type\":\"ListItem\",\"position\":2,\"name\":\"casalbert Auswahl\",\"item\":\"https:\/\/www.aceitesalbert.com\/de\/casalbert-auswahl\/\"},{\"@type\":\"ListItem\",\"position\":3,\"name\":\"Bio Extra Virgin\"}]},{\"@type\":\"WebSite\",\"@id\":\"https:\/\/www.aceitesalbert.com\/#website\",\"url\":\"https:\/\/www.aceitesalbert.com\/\",\"name\":\"Aceites Albert\",\"description\":\"Aceites de Oliva, Oliva Virgen Extra, Girasol y Semillas\",\"publisher\":{\"@id\":\"https:\/\/www.aceitesalbert.com\/#organization\"},\"potentialAction\":[{\"@type\":\"SearchAction\",\"target\":{\"@type\":\"EntryPoint\",\"urlTemplate\":\"https:\/\/www.aceitesalbert.com\/?s={search_term_string}\"},\"query-input\":{\"@type\":\"PropertyValueSpecification\",\"valueRequired\":true,\"valueName\":\"search_term_string\"}}],\"inLanguage\":\"de\"},{\"@type\":\"Organization\",\"@id\":\"https:\/\/www.aceitesalbert.com\/#organization\",\"name\":\"Aceites Albert S.L\",\"url\":\"https:\/\/www.aceitesalbert.com\/\",\"logo\":{\"@type\":\"ImageObject\",\"inLanguage\":\"de\",\"@id\":\"https:\/\/www.aceitesalbert.com\/#\/schema\/logo\/image\/\",\"url\":\"https:\/\/www.aceitesalbert.com\/wp-content\/uploads\/2019\/09\/logo.png\",\"contentUrl\":\"https:\/\/www.aceitesalbert.com\/wp-content\/uploads\/2019\/09\/logo.png\",\"width\":186,\"height\":186,\"caption\":\"Aceites Albert S.L\"},\"image\":{\"@id\":\"https:\/\/www.aceitesalbert.com\/#\/schema\/logo\/image\/\"}}]}<\/script>\n<!-- \/ Yoast SEO plugin. -->","yoast_head_json":{"title":"Bio Extra Virgin - Aceites Albert","robots":{"index":"index","follow":"follow","max-snippet":"max-snippet:-1","max-image-preview":"max-image-preview:large","max-video-preview":"max-video-preview:-1"},"canonical":"https:\/\/www.aceitesalbert.com\/de\/casalbert-auswahl\/bio-extra-virgin\/","og_locale":"de_DE","og_type":"article","og_title":"Bio Extra Virgin - Aceites Albert","og_description":"\"NATIVES OLIVEN\u00d6L EXTRA - BIO\" NATIVES OLIVEN\u00d6L EXTRA - BIO Unser Bio-\u00d6l ist ein 100% nat\u00fcrliches und handgemachtes Produkt. Vom Beginn des Wachstums bis zum Erreichen des Verbrauchers werden die h\u00f6chsten Standards des \u00f6kologischen Landbaus eingehalten, die jederzeit von Zertifizierern der Agenturen kontrolliert werden.\u00a0Dank des sorgf\u00e4ltigen Anbaus, der Ernte und der Verpackung erhalten wir dieses [&hellip;]","og_url":"https:\/\/www.aceitesalbert.com\/de\/casalbert-auswahl\/bio-extra-virgin\/","og_site_name":"Aceites Albert","article_modified_time":"2021-06-16T06:30:45+00:00","og_image":[{"url":"https:\/\/www.aceitesalbert.com\/wp-content\/uploads\/2019\/10\/virgen-extra-ecologico.png"}],"twitter_card":"summary_large_image","schema":{"@context":"https:\/\/schema.org","@graph":[{"@type":"WebPage","@id":"https:\/\/www.aceitesalbert.com\/de\/casalbert-auswahl\/bio-extra-virgin\/","url":"https:\/\/www.aceitesalbert.com\/de\/casalbert-auswahl\/bio-extra-virgin\/","name":"Bio Extra Virgin - Aceites Albert","isPartOf":{"@id":"https:\/\/www.aceitesalbert.com\/#website"},"primaryImageOfPage":{"@id":"https:\/\/www.aceitesalbert.com\/de\/casalbert-auswahl\/bio-extra-virgin\/#primaryimage"},"image":{"@id":"https:\/\/www.aceitesalbert.com\/de\/casalbert-auswahl\/bio-extra-virgin\/#primaryimage"},"thumbnailUrl":"https:\/\/www.aceitesalbert.com\/wp-content\/uploads\/2019\/10\/virgen-extra-ecologico.png","datePublished":"2019-10-10T06:46:14+00:00","dateModified":"2021-06-16T06:30:45+00:00","breadcrumb":{"@id":"https:\/\/www.aceitesalbert.com\/de\/casalbert-auswahl\/bio-extra-virgin\/#breadcrumb"},"inLanguage":"de","potentialAction":[{"@type":"ReadAction","target":["https:\/\/www.aceitesalbert.com\/de\/casalbert-auswahl\/bio-extra-virgin\/"]}]},{"@type":"ImageObject","inLanguage":"de","@id":"https:\/\/www.aceitesalbert.com\/de\/casalbert-auswahl\/bio-extra-virgin\/#primaryimage","url":"https:\/\/www.aceitesalbert.com\/wp-content\/uploads\/2019\/10\/virgen-extra-ecologico.png","contentUrl":"https:\/\/www.aceitesalbert.com\/wp-content\/uploads\/2019\/10\/virgen-extra-ecologico.png"},{"@type":"BreadcrumbList","@id":"https:\/\/www.aceitesalbert.com\/de\/casalbert-auswahl\/bio-extra-virgin\/#breadcrumb","itemListElement":[{"@type":"ListItem","position":1,"name":"Portada","item":"https:\/\/www.aceitesalbert.com\/"},{"@type":"ListItem","position":2,"name":"casalbert Auswahl","item":"https:\/\/www.aceitesalbert.com\/de\/casalbert-auswahl\/"},{"@type":"ListItem","position":3,"name":"Bio Extra Virgin"}]},{"@type":"WebSite","@id":"https:\/\/www.aceitesalbert.com\/#website","url":"https:\/\/www.aceitesalbert.com\/","name":"Aceites Albert","description":"Aceites de Oliva, Oliva Virgen Extra, Girasol y Semillas","publisher":{"@id":"https:\/\/www.aceitesalbert.com\/#organization"},"potentialAction":[{"@type":"SearchAction","target":{"@type":"EntryPoint","urlTemplate":"https:\/\/www.aceitesalbert.com\/?s={search_term_string}"},"query-input":{"@type":"PropertyValueSpecification","valueRequired":true,"valueName":"search_term_string"}}],"inLanguage":"de"},{"@type":"Organization","@id":"https:\/\/www.aceitesalbert.com\/#organization","name":"Aceites Albert S.L","url":"https:\/\/www.aceitesalbert.com\/","logo":{"@type":"ImageObject","inLanguage":"de","@id":"https:\/\/www.aceitesalbert.com\/#\/schema\/logo\/image\/","url":"https:\/\/www.aceitesalbert.com\/wp-content\/uploads\/2019\/09\/logo.png","contentUrl":"https:\/\/www.aceitesalbert.com\/wp-content\/uploads\/2019\/09\/logo.png","width":186,"height":186,"caption":"Aceites Albert S.L"},"image":{"@id":"https:\/\/www.aceitesalbert.com\/#\/schema\/logo\/image\/"}}]}},"_links":{"self":[{"href":"https:\/\/www.aceitesalbert.com\/de\/wp-json\/wp\/v2\/pages\/4002","targetHints":{"allow":["GET"]}}],"collection":[{"href":"https:\/\/www.aceitesalbert.com\/de\/wp-json\/wp\/v2\/pages"}],"about":[{"href":"https:\/\/www.aceitesalbert.com\/de\/wp-json\/wp\/v2\/types\/page"}],"author":[{"embeddable":true,"href":"https:\/\/www.aceitesalbert.com\/de\/wp-json\/wp\/v2\/users\/1"}],"replies":[{"embeddable":true,"href":"https:\/\/www.aceitesalbert.com\/de\/wp-json\/wp\/v2\/comments?post=4002"}],"version-history":[{"count":0,"href":"https:\/\/www.aceitesalbert.com\/de\/wp-json\/wp\/v2\/pages\/4002\/revisions"}],"up":[{"embeddable":true,"href":"https:\/\/www.aceitesalbert.com\/de\/wp-json\/wp\/v2\/pages\/3969"}],"wp:attachment":[{"href":"https:\/\/www.aceitesalbert.com\/de\/wp-json\/wp\/v2\/media?parent=4002"}],"curies":[{"name":"wp","href":"https:\/\/api.w.org\/{rel}","templated":true}]}}