{"id":4012,"date":"2019-10-10T10:13:11","date_gmt":"2019-10-10T08:13:11","guid":{"rendered":"https:\/\/www.aceitesalbert.com\/olivenoele\/aceite-de-oliva\/"},"modified":"2021-06-16T08:34:05","modified_gmt":"2021-06-16T06:34:05","slug":"olivenol","status":"publish","type":"page","link":"https:\/\/www.aceitesalbert.com\/de\/olivenoele\/olivenol\/","title":{"rendered":"Oliven\u00f6l"},"content":{"rendered":"<p>[et_pb_section fb_built=&#8220;1&#8243; module_class=&#8220;indiproduct-page&#8220; _builder_version=&#8220;3.29.3&#8243;][et_pb_row _builder_version=&#8220;4.4.5&#8243; custom_margin=&#8220;||0px||false|false&#8220; custom_padding=&#8220;||0px||false|false&#8220;][et_pb_column type=&#8220;4_4&#8243; _builder_version=&#8220;4.4.5&#8243;][et_pb_text _builder_version=&#8220;4.4.5&#8243; text_orientation=&#8220;center&#8220; hover_enabled=&#8220;0&#8243;]<\/p>\n<h2 class=\"nuestroaceitetitulo\">&#8222;OLIVEN\u00d6L GOURMET&#8220;<\/h2>\n<p>[\/et_pb_text][\/et_pb_column][\/et_pb_row][et_pb_row column_structure=&#8220;1_4,3_4&#8243; use_custom_gutter=&#8220;on&#8220; gutter_width=&#8220;1&#8243; _builder_version=&#8220;4.4.5&#8243; background_color=&#8220;rgba(0,0,0,0)&#8220; custom_margin=&#8220;||0px||false|false&#8220; custom_padding=&#8220;||0px||false|false&#8220;][et_pb_column type=&#8220;1_4&#8243; _builder_version=&#8220;4.4.5&#8243;][et_pb_sidebar area=&#8220;et_pb_widget_area_3&#8243; module_class=&#8220;menunuestrosproductos&#8220; _builder_version=&#8220;4.4.5&#8243; width=&#8220;100%&#8220; custom_margin=&#8220;|-2px||-2px|false|true&#8220;][\/et_pb_sidebar][\/et_pb_column][et_pb_column type=&#8220;3_4&#8243; _builder_version=&#8220;4.4.5&#8243;][et_pb_text module_class=&#8220;nuestrosaceitesimg&#8220; _builder_version=&#8220;4.4.5&#8243; background_color=&#8220;#af8338&#8243; custom_padding=&#8220;5%|2%|5%|2%|false|false&#8220;]<\/p>\n<p><img decoding=\"async\" src=\"https:\/\/www.aceitesalbert.com\/wp-content\/uploads\/2019\/10\/aceite-oliva.png\" width=\"250\" height=\"470\" alt=\"\" class=\"wp-image-611 alignnone size-medium\" style=\"font-size: 14px; color: #666666; background-color: #e09900;\" srcset=\"https:\/\/www.aceitesalbert.com\/wp-content\/uploads\/2019\/10\/aceite-oliva.png 251w, https:\/\/www.aceitesalbert.com\/wp-content\/uploads\/2019\/10\/aceite-oliva-160x300.png 160w\" sizes=\"(max-width: 250px) 100vw, 250px\" \/><\/p>\n<h4 class=\"nuestroaceitetituloproducto\">OLIVEN\u00d6L <span class=\"textfino\">&#8222;GOURMET&#8220;<\/span><\/h4>\n<p><span>Casalbert Oliven\u00f6l ist das Vergn\u00fcgen des Mittelmeers in den Gerichten. Das hergestellte \u00d6l folgt der mediterranen Tradition und den strengsten Standards. Sein milder Geschmack und sein exquisites Aroma machen es f\u00fcr alle Gerichte geeignet.<\/span><\/p>\n<p><strong>Zutaten:<\/strong><\/p>\n<p> raffiniertes Oliven\u00f6l und natives Oliven\u00f6l, in unterschiedlichen Anteilen<\/p>\n<p>[\/et_pb_text][et_pb_code _builder_version=&#8220;4.4.5&#8243;][\/et_pb_code][\/et_pb_column][\/et_pb_row][et_pb_row column_structure=&#8220;1_4,1_2,1_4&#8243; use_custom_gutter=&#8220;on&#8220; gutter_width=&#8220;1&#8243; module_class=&#8220;nuestrosaceitespartebaja&#8220; _builder_version=&#8220;4.4.5&#8243; background_color=&#8220;rgba(0,0,0,0)&#8220;][et_pb_column type=&#8220;1_4&#8243; _builder_version=&#8220;4.4.5&#8243;][\/et_pb_column][et_pb_column type=&#8220;1_2&#8243; _builder_version=&#8220;4.4.5&#8243;][et_pb_text module_class=&#8220;nuestrosaceitesdescripcion&#8220; _builder_version=&#8220;4.4.5&#8243; background_color=&#8220;rgba(0,0,0,0)&#8220; custom_padding=&#8220;5%|2%|5%|2%|false|false&#8220;]<\/p>\n<h3>Geschmacksnoten<\/h3>\n<p><span>Oliven\u00f6l mit sehr weichen und zarten Aromen am Gaumen. Mit einem hohen N\u00e4hrwert und sehr vorteilhaft f\u00fcr die Gesundheit. Ideal f\u00fcr einen gesunden Lebensstil mit mediterraner Ern\u00e4hrung.<\/span><\/p>\n<p>[\/et_pb_text][et_pb_text module_class=&#8220;nuestrosaceitesdescripcion&#8220; _builder_version=&#8220;4.4.5&#8243; background_color=&#8220;rgba(0,0,0,0)&#8220; custom_padding=&#8220;5%|2%|5%|2%|false|false&#8220;]<\/p>\n<h3>Serviervorschlag <\/h3>\n<p><span>Es ist ein sanftes \u00d6l, das den Geschmack der Gerichte aufgrund seines S\u00e4uregehalts von 0,4 nicht ver\u00e4ndert.<br \/>\nEs ist aufgrund seiner Weichheit auch zum Braten geeignet und ver\u00e4ndert den Geschmack der Speisen nicht.<\/span><\/p>\n<p>[\/et_pb_text][et_pb_code _builder_version=&#8220;4.4.5&#8243;][\/et_pb_code][\/et_pb_column][et_pb_column type=&#8220;1_4&#8243; _builder_version=&#8220;4.4.5&#8243;][et_pb_text module_class=&#8220;nuestroaceitecajastilo1&#8243; _builder_version=&#8220;4.4.5&#8243; header_text_color=&#8220;#e02b20&#8243;]<\/p>\n<h4>Produkt<\/h4>\n<p>Oliven\u00f6l\u00a0<\/p>\n<p>[\/et_pb_text][et_pb_text module_class=&#8220;nuestroaceitecajastilo2&#8243; _builder_version=&#8220;4.4.5&#8243; header_text_color=&#8220;#e02b20&#8243;]<\/p>\n<h4>Herstellung <\/h4>\n<p><span>Casalbert entwickelt sein \u00d6l nach h\u00f6chsten Qualit\u00e4tsstandards <\/span><\/p>\n<p>[\/et_pb_text][et_pb_text module_class=&#8220;nuestroaceitecajastilo1&#8243; _builder_version=&#8220;4.4.5&#8243; header_text_color=&#8220;#e02b20&#8243;]<\/p>\n<h4>VERF\u00dcGBARKEIT<\/h4>\n<p><span>250 ml; 500 ml; 750 ml und 1 l.<\/span><\/p>\n<p>[\/et_pb_text][\/et_pb_column][\/et_pb_row][\/et_pb_section]<\/p>\n","protected":false},"excerpt":{"rendered":"<p>&#8222;OLIVEN\u00d6L GOURMET&#8220; OLIVEN\u00d6L &#8222;GOURMET&#8220; Casalbert Oliven\u00f6l ist das Vergn\u00fcgen des Mittelmeers in den Gerichten. Das hergestellte \u00d6l folgt der mediterranen Tradition und den strengsten Standards. Sein milder Geschmack und sein exquisites Aroma machen es f\u00fcr alle Gerichte geeignet. Zutaten: raffiniertes Oliven\u00f6l und natives Oliven\u00f6l, in unterschiedlichen AnteilenGeschmacksnoten Oliven\u00f6l mit sehr weichen und zarten Aromen am [&hellip;]<\/p>\n","protected":false},"author":1,"featured_media":0,"parent":3975,"menu_order":0,"comment_status":"closed","ping_status":"closed","template":"","meta":{"_et_pb_use_builder":"on","_et_pb_old_content":"<!-- wp:divi\/placeholder \/-->","_et_gb_content_width":"","footnotes":""},"class_list":["post-4012","page","type-page","status-publish","hentry"],"yoast_head":"<!-- This site is optimized with the Yoast SEO plugin v23.8 - https:\/\/yoast.com\/wordpress\/plugins\/seo\/ -->\n<title>Oliven\u00f6l - Aceites Albert<\/title>\n<meta name=\"robots\" content=\"index, follow, max-snippet:-1, max-image-preview:large, max-video-preview:-1\" \/>\n<link rel=\"canonical\" href=\"https:\/\/www.aceitesalbert.com\/de\/olivenoele\/olivenol\/\" \/>\n<meta property=\"og:locale\" content=\"de_DE\" \/>\n<meta property=\"og:type\" content=\"article\" \/>\n<meta property=\"og:title\" content=\"Oliven\u00f6l - Aceites Albert\" \/>\n<meta property=\"og:description\" content=\"&quot;OLIVEN\u00d6L GOURMET&quot; OLIVEN\u00d6L &quot;GOURMET&quot; Casalbert Oliven\u00f6l ist das Vergn\u00fcgen des Mittelmeers in den Gerichten. Das hergestellte \u00d6l folgt der mediterranen Tradition und den strengsten Standards. Sein milder Geschmack und sein exquisites Aroma machen es f\u00fcr alle Gerichte geeignet. Zutaten: raffiniertes Oliven\u00f6l und natives Oliven\u00f6l, in unterschiedlichen AnteilenGeschmacksnoten Oliven\u00f6l mit sehr weichen und zarten Aromen am [&hellip;]\" \/>\n<meta property=\"og:url\" content=\"https:\/\/www.aceitesalbert.com\/de\/olivenoele\/olivenol\/\" \/>\n<meta property=\"og:site_name\" content=\"Aceites Albert\" \/>\n<meta property=\"article:modified_time\" content=\"2021-06-16T06:34:05+00:00\" \/>\n<meta property=\"og:image\" content=\"https:\/\/www.aceitesalbert.com\/wp-content\/uploads\/2019\/10\/aceite-oliva.png\" \/>\n<meta name=\"twitter:card\" content=\"summary_large_image\" \/>\n<script type=\"application\/ld+json\" class=\"yoast-schema-graph\">{\"@context\":\"https:\/\/schema.org\",\"@graph\":[{\"@type\":\"WebPage\",\"@id\":\"https:\/\/www.aceitesalbert.com\/de\/olivenoele\/olivenol\/\",\"url\":\"https:\/\/www.aceitesalbert.com\/de\/olivenoele\/olivenol\/\",\"name\":\"Oliven\u00f6l - Aceites Albert\",\"isPartOf\":{\"@id\":\"https:\/\/www.aceitesalbert.com\/#website\"},\"primaryImageOfPage\":{\"@id\":\"https:\/\/www.aceitesalbert.com\/de\/olivenoele\/olivenol\/#primaryimage\"},\"image\":{\"@id\":\"https:\/\/www.aceitesalbert.com\/de\/olivenoele\/olivenol\/#primaryimage\"},\"thumbnailUrl\":\"https:\/\/www.aceitesalbert.com\/wp-content\/uploads\/2019\/10\/aceite-oliva.png\",\"datePublished\":\"2019-10-10T08:13:11+00:00\",\"dateModified\":\"2021-06-16T06:34:05+00:00\",\"breadcrumb\":{\"@id\":\"https:\/\/www.aceitesalbert.com\/de\/olivenoele\/olivenol\/#breadcrumb\"},\"inLanguage\":\"de\",\"potentialAction\":[{\"@type\":\"ReadAction\",\"target\":[\"https:\/\/www.aceitesalbert.com\/de\/olivenoele\/olivenol\/\"]}]},{\"@type\":\"ImageObject\",\"inLanguage\":\"de\",\"@id\":\"https:\/\/www.aceitesalbert.com\/de\/olivenoele\/olivenol\/#primaryimage\",\"url\":\"https:\/\/www.aceitesalbert.com\/wp-content\/uploads\/2019\/10\/aceite-oliva.png\",\"contentUrl\":\"https:\/\/www.aceitesalbert.com\/wp-content\/uploads\/2019\/10\/aceite-oliva.png\"},{\"@type\":\"BreadcrumbList\",\"@id\":\"https:\/\/www.aceitesalbert.com\/de\/olivenoele\/olivenol\/#breadcrumb\",\"itemListElement\":[{\"@type\":\"ListItem\",\"position\":1,\"name\":\"Portada\",\"item\":\"https:\/\/www.aceitesalbert.com\/\"},{\"@type\":\"ListItem\",\"position\":2,\"name\":\"Oliven\u00f6le\",\"item\":\"https:\/\/www.aceitesalbert.com\/de\/olivenoele\/\"},{\"@type\":\"ListItem\",\"position\":3,\"name\":\"Oliven\u00f6l\"}]},{\"@type\":\"WebSite\",\"@id\":\"https:\/\/www.aceitesalbert.com\/#website\",\"url\":\"https:\/\/www.aceitesalbert.com\/\",\"name\":\"Aceites Albert\",\"description\":\"Aceites de Oliva, Oliva Virgen Extra, Girasol y Semillas\",\"publisher\":{\"@id\":\"https:\/\/www.aceitesalbert.com\/#organization\"},\"potentialAction\":[{\"@type\":\"SearchAction\",\"target\":{\"@type\":\"EntryPoint\",\"urlTemplate\":\"https:\/\/www.aceitesalbert.com\/?s={search_term_string}\"},\"query-input\":{\"@type\":\"PropertyValueSpecification\",\"valueRequired\":true,\"valueName\":\"search_term_string\"}}],\"inLanguage\":\"de\"},{\"@type\":\"Organization\",\"@id\":\"https:\/\/www.aceitesalbert.com\/#organization\",\"name\":\"Aceites Albert S.L\",\"url\":\"https:\/\/www.aceitesalbert.com\/\",\"logo\":{\"@type\":\"ImageObject\",\"inLanguage\":\"de\",\"@id\":\"https:\/\/www.aceitesalbert.com\/#\/schema\/logo\/image\/\",\"url\":\"https:\/\/www.aceitesalbert.com\/wp-content\/uploads\/2019\/09\/logo.png\",\"contentUrl\":\"https:\/\/www.aceitesalbert.com\/wp-content\/uploads\/2019\/09\/logo.png\",\"width\":186,\"height\":186,\"caption\":\"Aceites Albert S.L\"},\"image\":{\"@id\":\"https:\/\/www.aceitesalbert.com\/#\/schema\/logo\/image\/\"}}]}<\/script>\n<!-- \/ Yoast SEO plugin. -->","yoast_head_json":{"title":"Oliven\u00f6l - Aceites Albert","robots":{"index":"index","follow":"follow","max-snippet":"max-snippet:-1","max-image-preview":"max-image-preview:large","max-video-preview":"max-video-preview:-1"},"canonical":"https:\/\/www.aceitesalbert.com\/de\/olivenoele\/olivenol\/","og_locale":"de_DE","og_type":"article","og_title":"Oliven\u00f6l - Aceites Albert","og_description":"\"OLIVEN\u00d6L GOURMET\" OLIVEN\u00d6L \"GOURMET\" Casalbert Oliven\u00f6l ist das Vergn\u00fcgen des Mittelmeers in den Gerichten. Das hergestellte \u00d6l folgt der mediterranen Tradition und den strengsten Standards. Sein milder Geschmack und sein exquisites Aroma machen es f\u00fcr alle Gerichte geeignet. Zutaten: raffiniertes Oliven\u00f6l und natives Oliven\u00f6l, in unterschiedlichen AnteilenGeschmacksnoten Oliven\u00f6l mit sehr weichen und zarten Aromen am [&hellip;]","og_url":"https:\/\/www.aceitesalbert.com\/de\/olivenoele\/olivenol\/","og_site_name":"Aceites Albert","article_modified_time":"2021-06-16T06:34:05+00:00","og_image":[{"url":"https:\/\/www.aceitesalbert.com\/wp-content\/uploads\/2019\/10\/aceite-oliva.png"}],"twitter_card":"summary_large_image","schema":{"@context":"https:\/\/schema.org","@graph":[{"@type":"WebPage","@id":"https:\/\/www.aceitesalbert.com\/de\/olivenoele\/olivenol\/","url":"https:\/\/www.aceitesalbert.com\/de\/olivenoele\/olivenol\/","name":"Oliven\u00f6l - Aceites Albert","isPartOf":{"@id":"https:\/\/www.aceitesalbert.com\/#website"},"primaryImageOfPage":{"@id":"https:\/\/www.aceitesalbert.com\/de\/olivenoele\/olivenol\/#primaryimage"},"image":{"@id":"https:\/\/www.aceitesalbert.com\/de\/olivenoele\/olivenol\/#primaryimage"},"thumbnailUrl":"https:\/\/www.aceitesalbert.com\/wp-content\/uploads\/2019\/10\/aceite-oliva.png","datePublished":"2019-10-10T08:13:11+00:00","dateModified":"2021-06-16T06:34:05+00:00","breadcrumb":{"@id":"https:\/\/www.aceitesalbert.com\/de\/olivenoele\/olivenol\/#breadcrumb"},"inLanguage":"de","potentialAction":[{"@type":"ReadAction","target":["https:\/\/www.aceitesalbert.com\/de\/olivenoele\/olivenol\/"]}]},{"@type":"ImageObject","inLanguage":"de","@id":"https:\/\/www.aceitesalbert.com\/de\/olivenoele\/olivenol\/#primaryimage","url":"https:\/\/www.aceitesalbert.com\/wp-content\/uploads\/2019\/10\/aceite-oliva.png","contentUrl":"https:\/\/www.aceitesalbert.com\/wp-content\/uploads\/2019\/10\/aceite-oliva.png"},{"@type":"BreadcrumbList","@id":"https:\/\/www.aceitesalbert.com\/de\/olivenoele\/olivenol\/#breadcrumb","itemListElement":[{"@type":"ListItem","position":1,"name":"Portada","item":"https:\/\/www.aceitesalbert.com\/"},{"@type":"ListItem","position":2,"name":"Oliven\u00f6le","item":"https:\/\/www.aceitesalbert.com\/de\/olivenoele\/"},{"@type":"ListItem","position":3,"name":"Oliven\u00f6l"}]},{"@type":"WebSite","@id":"https:\/\/www.aceitesalbert.com\/#website","url":"https:\/\/www.aceitesalbert.com\/","name":"Aceites Albert","description":"Aceites de Oliva, Oliva Virgen Extra, Girasol y Semillas","publisher":{"@id":"https:\/\/www.aceitesalbert.com\/#organization"},"potentialAction":[{"@type":"SearchAction","target":{"@type":"EntryPoint","urlTemplate":"https:\/\/www.aceitesalbert.com\/?s={search_term_string}"},"query-input":{"@type":"PropertyValueSpecification","valueRequired":true,"valueName":"search_term_string"}}],"inLanguage":"de"},{"@type":"Organization","@id":"https:\/\/www.aceitesalbert.com\/#organization","name":"Aceites Albert S.L","url":"https:\/\/www.aceitesalbert.com\/","logo":{"@type":"ImageObject","inLanguage":"de","@id":"https:\/\/www.aceitesalbert.com\/#\/schema\/logo\/image\/","url":"https:\/\/www.aceitesalbert.com\/wp-content\/uploads\/2019\/09\/logo.png","contentUrl":"https:\/\/www.aceitesalbert.com\/wp-content\/uploads\/2019\/09\/logo.png","width":186,"height":186,"caption":"Aceites Albert S.L"},"image":{"@id":"https:\/\/www.aceitesalbert.com\/#\/schema\/logo\/image\/"}}]}},"_links":{"self":[{"href":"https:\/\/www.aceitesalbert.com\/de\/wp-json\/wp\/v2\/pages\/4012","targetHints":{"allow":["GET"]}}],"collection":[{"href":"https:\/\/www.aceitesalbert.com\/de\/wp-json\/wp\/v2\/pages"}],"about":[{"href":"https:\/\/www.aceitesalbert.com\/de\/wp-json\/wp\/v2\/types\/page"}],"author":[{"embeddable":true,"href":"https:\/\/www.aceitesalbert.com\/de\/wp-json\/wp\/v2\/users\/1"}],"replies":[{"embeddable":true,"href":"https:\/\/www.aceitesalbert.com\/de\/wp-json\/wp\/v2\/comments?post=4012"}],"version-history":[{"count":0,"href":"https:\/\/www.aceitesalbert.com\/de\/wp-json\/wp\/v2\/pages\/4012\/revisions"}],"up":[{"embeddable":true,"href":"https:\/\/www.aceitesalbert.com\/de\/wp-json\/wp\/v2\/pages\/3975"}],"wp:attachment":[{"href":"https:\/\/www.aceitesalbert.com\/de\/wp-json\/wp\/v2\/media?parent=4012"}],"curies":[{"name":"wp","href":"https:\/\/api.w.org\/{rel}","templated":true}]}}