{"id":1603,"date":"2020-05-13T11:12:51","date_gmt":"2020-05-13T09:12:51","guid":{"rendered":"https:\/\/www.aceitesalbert.com\/?page_id=1603"},"modified":"2021-02-01T11:09:55","modified_gmt":"2021-02-01T10:09:55","slug":"extra-virgin-olive-oil","status":"publish","type":"page","link":"https:\/\/www.aceitesalbert.com\/en\/olive-oil\/extra-virgin-olive-oil\/","title":{"rendered":"EXTRA VIRGIN OLIVE OIL"},"content":{"rendered":"<p>[et_pb_section fb_built=&#8221;1&#8243; module_class=&#8221;indiproduct-page&#8221; _builder_version=&#8221;3.29.3&#8243;][et_pb_row _builder_version=&#8221;4.4.5&#8243; custom_margin=&#8221;||0px||false|false&#8221; custom_padding=&#8221;||0px||false|false&#8221;][et_pb_column type=&#8221;4_4&#8243; _builder_version=&#8221;4.4.5&#8243;][et_pb_text _builder_version=&#8221;4.4.5&#8243; text_orientation=&#8221;center&#8221;]<\/p>\n<h2 class=\"nuestroaceitetitulo\">&#8220;Extra virgin olive oil&#8221;<\/h2>\n<p>[\/et_pb_text][\/et_pb_column][\/et_pb_row][et_pb_row column_structure=&#8221;1_4,3_4&#8243; use_custom_gutter=&#8221;on&#8221; gutter_width=&#8221;1&#8243; _builder_version=&#8221;4.4.5&#8243; background_color=&#8221;rgba(0,0,0,0)&#8221; custom_margin=&#8221;||0px||false|false&#8221; custom_padding=&#8221;||0px||false|false&#8221;][et_pb_column type=&#8221;1_4&#8243; _builder_version=&#8221;4.4.5&#8243;][et_pb_sidebar area=&#8221;et_pb_widget_area_3&#8243; module_class=&#8221;menunuestrosproductos&#8221; _builder_version=&#8221;4.4.5&#8243; width=&#8221;100%&#8221; custom_margin=&#8221;|-2px||-2px|false|true&#8221;][\/et_pb_sidebar][\/et_pb_column][et_pb_column type=&#8221;3_4&#8243; _builder_version=&#8221;4.4.5&#8243;][et_pb_text module_class=&#8221;nuestrosaceitesimg&#8221; _builder_version=&#8221;4.4.5&#8243; background_color=&#8221;#af8338&#8243; custom_padding=&#8221;5%|2%|5%|2%|false|false&#8221; hover_enabled=&#8221;0&#8243;]<img decoding=\"async\" src=\"https:\/\/www.aceitesalbert.com\/wp-content\/uploads\/2019\/10\/oliva-virgen-extra.png\" width=\"250\" height=\"470\" alt=\"\" class=\"wp-image-611 alignnone size-medium\" style=\"font-size: 14px; color: #666666; background-color: #e09900;\"><\/p>\n<h1 class=\"nuestroaceitetituloproducto\">EXTRA VIRGIN OLIVE OIL<\/h1>\n<p>We are in front of a blend made with care and only with olive oils of the best varieties which adapts to the needs and tastes of our customers, developed by our experts and prepared for a better taste. Extra virgin olive oil will make you enjoy and feel dishes in a different way.[\/et_pb_text][et_pb_code _builder_version=&#8221;4.4.5&#8243;][\/et_pb_code][\/et_pb_column][\/et_pb_row][et_pb_row column_structure=&#8221;1_4,1_2,1_4&#8243; use_custom_gutter=&#8221;on&#8221; gutter_width=&#8221;1&#8243; module_class=&#8221;nuestrosaceitespartebaja&#8221; _builder_version=&#8221;4.4.5&#8243; background_color=&#8221;rgba(0,0,0,0)&#8221;][et_pb_column type=&#8221;1_4&#8243; _builder_version=&#8221;4.4.5&#8243;][\/et_pb_column][et_pb_column type=&#8221;1_2&#8243; _builder_version=&#8221;4.4.5&#8243;][et_pb_text module_class=&#8221;nuestrosaceitesdescripcion&#8221; _builder_version=&#8221;4.4.5&#8243; background_color=&#8221;rgba(0,0,0,0)&#8221; custom_padding=&#8221;5%|2%|5%|2%|false|false&#8221;]<\/p>\n<h3>Testing notes<\/h3>\n<p><span>For over 50 years Oils Albert select and collect the olives in their perfect state of maturity and are used to delicate process of extraction to create our Extra Virgin Olive Oil Casalbert. Among his many qualities including tasting almond and apple in the mouth and a mild oil with soft and balanced taste in the mouth, leaving it clean and fresh whose fruity aroma varieties reflects its composition.<\/span>[\/et_pb_text][et_pb_text module_class=&#8221;nuestrosaceitesdescripcion&#8221; _builder_version=&#8221;4.4.5&#8243; background_color=&#8221;rgba(0,0,0,0)&#8221; custom_padding=&#8221;5%|2%|5%|2%|false|false&#8221;]<\/p>\n<h3>Serving suggestions<\/h3>\n<p><span>It\u00b4s therefore recommended to take cold or hot dishes, ideal for fish, salads, meats and raw foods.<\/span>[\/et_pb_text][et_pb_code _builder_version=&#8221;4.4.5&#8243;][\/et_pb_code][\/et_pb_column][et_pb_column type=&#8221;1_4&#8243; _builder_version=&#8221;4.4.5&#8243;][et_pb_text module_class=&#8221;nuestroaceitecajastilo1&#8243; _builder_version=&#8221;4.4.5&#8243; header_text_color=&#8221;#e02b20&#8243;]<\/p>\n<h4>Product<\/h4>\n<p>Extra Virgin Olive Oil[\/et_pb_text][et_pb_text module_class=&#8221;nuestroaceitecajastilo2&#8243; _builder_version=&#8221;4.4.5&#8243; header_text_color=&#8221;#e02b20&#8243;]<\/p>\n<h4>DEVELOPMENT<\/h4>\n<p>first cold pressed of olive at its optimum time of maturity.[\/et_pb_text][et_pb_text module_class=&#8221;nuestroaceitecajastilo1&#8243; _builder_version=&#8221;4.4.5&#8243; header_text_color=&#8221;#e02b20&#8243;]<\/p>\n<h4>Variety<\/h4>\n<p>Hojiblanca, Serrana de Espadan, cornicabra, Picual and Arbequina.[\/et_pb_text][et_pb_text module_class=&#8221;nuestroaceitecajastilo2&#8243; _builder_version=&#8221;4.4.5&#8243; header_text_color=&#8221;#e02b20&#8243;]<\/p>\n<h4>AVAILABILITY<\/h4>\n<p>250 ml, 500 ml, 750 ml and1L.[\/et_pb_text][\/et_pb_column][\/et_pb_row][\/et_pb_section]<\/p>\n","protected":false},"excerpt":{"rendered":"<p>&#8220;Extra virgin olive oil&#8221; EXTRA VIRGIN OLIVE OIL We are in front of a blend made with care and only with olive oils of the best varieties which adapts to the needs and tastes of our customers, developed by our experts and prepared for a better taste. Extra virgin olive oil will make you enjoy [&hellip;]<\/p>\n","protected":false},"author":1,"featured_media":0,"parent":1644,"menu_order":0,"comment_status":"closed","ping_status":"closed","template":"","meta":{"_et_pb_use_builder":"on","_et_pb_old_content":"[et_pb_section fb_built=\"1\" module_class=\"indiproduct-page\" _builder_version=\"3.29.3\"][et_pb_row _builder_version=\"4.4.5\" custom_margin=\"||0px||false|false\" custom_padding=\"||0px||false|false\"][et_pb_column type=\"4_4\" _builder_version=\"4.4.5\"][et_pb_text _builder_version=\"4.4.5\" text_orientation=\"center\" hover_enabled=\"0\"]\n<h2 class=\"nuestroaceitetitulo\">\"Aceites de Oliva Virgen Extra\"<\/h2>\n[\/et_pb_text][\/et_pb_column][\/et_pb_row][et_pb_row column_structure=\"1_4,3_4\" use_custom_gutter=\"on\" gutter_width=\"1\" _builder_version=\"4.4.5\" background_color=\"rgba(0,0,0,0)\" custom_margin=\"||0px||false|false\" custom_padding=\"||0px||false|false\"][et_pb_column type=\"1_4\" _builder_version=\"4.4.5\"][et_pb_sidebar area=\"et_pb_widget_area_3\" module_class=\"menunuestrosproductos\" _builder_version=\"4.4.5\" width=\"100%\" custom_margin=\"|-2px||-2px|false|true\"][\/et_pb_sidebar][\/et_pb_column][et_pb_column type=\"3_4\" _builder_version=\"4.4.5\"][et_pb_text module_class=\"nuestrosaceitesimg\" _builder_version=\"4.4.5\" background_color=\"#af8338\" custom_padding=\"5%|2%|5%|2%|false|false\" hover_enabled=\"0\"]<img src=\"https:\/\/www.aceitesalbert.com\/wp-content\/uploads\/2019\/10\/oliva-virgen-extra.png\" width=\"250\" height=\"470\" alt=\"\" class=\"wp-image-611 alignnone size-medium\" style=\"font-size: 14px; color: #666666; background-color: #e09900;\">\n<h4 class=\"nuestroaceitetituloproducto\">Aceite de oliva virgen extra<\/h4>\nEstamos ante un coupage realizado con esmero solo con aceites de las mejores variedades, que se adapta a las necesidades y los gustos de nuestros clientes desarrollados por nuestros expertos y preparados para los mejores paladares. Un Virgen Extra que le har\u00e1 disfrutar y sentir sus platos de una manera diferente.[\/et_pb_text][et_pb_code _builder_version=\"4.4.5\"][\/et_pb_code][\/et_pb_column][\/et_pb_row][et_pb_row column_structure=\"1_4,1_2,1_4\" use_custom_gutter=\"on\" gutter_width=\"1\" module_class=\"nuestrosaceitespartebaja\" _builder_version=\"4.4.5\" background_color=\"rgba(0,0,0,0)\"][et_pb_column type=\"1_4\" _builder_version=\"4.4.5\"][\/et_pb_column][et_pb_column type=\"1_2\" _builder_version=\"4.4.5\"][et_pb_text module_class=\"nuestrosaceitesdescripcion\" _builder_version=\"4.4.5\" background_color=\"rgba(0,0,0,0)\" custom_padding=\"5%|2%|5%|2%|false|false\" hover_enabled=\"0\"]\n<h3>Nota de cata<\/h3>\n<span>Desde hace m\u00e1s de 50 a\u00f1os Aceites Albert selecciona y recoge las aceitunas en su \u00f3ptimo estado de maduraci\u00f3n y las somete al delicado proceso de extracci\u00f3n hasta crear nuestro aceite de oliva virgen estra Casalbert. Entre sus numerosas cualidades cabe destacar los toques afrutados a almendra y manzana siendo en boca un aceite suave, con paso amble y equilibrado, dejando un sensaci\u00f3n limpia y fresca. Su aroma afrutado refleja las variedades de su composici\u00f3n<\/span>\n\n[\/et_pb_text][et_pb_text module_class=\"nuestrosaceitesdescripcion\" _builder_version=\"4.4.5\" background_color=\"rgba(0,0,0,0)\" custom_padding=\"5%|2%|5%|2%|false|false\" hover_enabled=\"0\"]\n<h3>Nota de maridaje<\/h3>\n<span>Recomendado tanto para tomar tanto en platos fr\u00edos como en calientes, resulta un aceite ideal para aderezos en crudo pues sus cualidades organol\u00e9pticas contribuyen a completar el sabor de los platos<\/span>\n\n[\/et_pb_text][et_pb_code _builder_version=\"4.4.5\"][\/et_pb_code][\/et_pb_column][et_pb_column type=\"1_4\" _builder_version=\"4.4.5\"][et_pb_text module_class=\"nuestroaceitecajastilo1\" _builder_version=\"4.4.5\" header_text_color=\"#e02b20\" hover_enabled=\"0\"]\n<h4>Producto<\/h4>\nAceite Oliva Virgen Extra\n\n[\/et_pb_text][et_pb_text module_class=\"nuestroaceitecajastilo2\" _builder_version=\"4.4.5\" header_text_color=\"#e02b20\"]\n<h4>Elaboraci\u00f3n<\/h4>\n1\u00ba presi\u00f3n en fr\u00edo de aceite de aceitunas en su momento \u00f3ptimo de maduraci\u00f3n[\/et_pb_text][et_pb_text module_class=\"nuestroaceitecajastilo1\" _builder_version=\"4.4.5\" header_text_color=\"#e02b20\"]\n<h4>Variedades<\/h4>\nHojiblanca, serrana de espad\u00e1n, cornicabra, picual y arbequina\n\n[\/et_pb_text][\/et_pb_column][\/et_pb_row][\/et_pb_section]","_et_gb_content_width":"","footnotes":""},"class_list":["post-1603","page","type-page","status-publish","hentry"],"yoast_head":"<!-- This site is optimized with the Yoast SEO plugin v23.8 - https:\/\/yoast.com\/wordpress\/plugins\/seo\/ -->\n<title>EXTRA VIRGIN OLIVE OIL - Aceites Albert<\/title>\n<meta name=\"robots\" content=\"index, follow, max-snippet:-1, max-image-preview:large, max-video-preview:-1\" \/>\n<link rel=\"canonical\" href=\"https:\/\/www.aceitesalbert.com\/en\/olive-oil\/extra-virgin-olive-oil\/\" \/>\n<meta property=\"og:locale\" content=\"en_US\" \/>\n<meta property=\"og:type\" content=\"article\" \/>\n<meta property=\"og:title\" content=\"EXTRA VIRGIN OLIVE OIL - Aceites Albert\" \/>\n<meta property=\"og:description\" content=\"&quot;Extra virgin olive oil&quot; EXTRA VIRGIN OLIVE OIL We are in front of a blend made with care and only with olive oils of the best varieties which adapts to the needs and tastes of our customers, developed by our experts and prepared for a better taste. Extra virgin olive oil will make you enjoy [&hellip;]\" \/>\n<meta property=\"og:url\" content=\"https:\/\/www.aceitesalbert.com\/en\/olive-oil\/extra-virgin-olive-oil\/\" \/>\n<meta property=\"og:site_name\" content=\"Aceites Albert\" \/>\n<meta property=\"article:modified_time\" content=\"2021-02-01T10:09:55+00:00\" \/>\n<meta property=\"og:image\" content=\"https:\/\/www.aceitesalbert.com\/wp-content\/uploads\/2019\/10\/oliva-virgen-extra.png\" \/>\n<meta name=\"twitter:card\" content=\"summary_large_image\" \/>\n<script type=\"application\/ld+json\" class=\"yoast-schema-graph\">{\"@context\":\"https:\/\/schema.org\",\"@graph\":[{\"@type\":\"WebPage\",\"@id\":\"https:\/\/www.aceitesalbert.com\/en\/olive-oil\/extra-virgin-olive-oil\/\",\"url\":\"https:\/\/www.aceitesalbert.com\/en\/olive-oil\/extra-virgin-olive-oil\/\",\"name\":\"EXTRA VIRGIN OLIVE OIL - Aceites Albert\",\"isPartOf\":{\"@id\":\"https:\/\/www.aceitesalbert.com\/#website\"},\"primaryImageOfPage\":{\"@id\":\"https:\/\/www.aceitesalbert.com\/en\/olive-oil\/extra-virgin-olive-oil\/#primaryimage\"},\"image\":{\"@id\":\"https:\/\/www.aceitesalbert.com\/en\/olive-oil\/extra-virgin-olive-oil\/#primaryimage\"},\"thumbnailUrl\":\"https:\/\/www.aceitesalbert.com\/wp-content\/uploads\/2019\/10\/oliva-virgen-extra.png\",\"datePublished\":\"2020-05-13T09:12:51+00:00\",\"dateModified\":\"2021-02-01T10:09:55+00:00\",\"breadcrumb\":{\"@id\":\"https:\/\/www.aceitesalbert.com\/en\/olive-oil\/extra-virgin-olive-oil\/#breadcrumb\"},\"inLanguage\":\"en-US\",\"potentialAction\":[{\"@type\":\"ReadAction\",\"target\":[\"https:\/\/www.aceitesalbert.com\/en\/olive-oil\/extra-virgin-olive-oil\/\"]}]},{\"@type\":\"ImageObject\",\"inLanguage\":\"en-US\",\"@id\":\"https:\/\/www.aceitesalbert.com\/en\/olive-oil\/extra-virgin-olive-oil\/#primaryimage\",\"url\":\"https:\/\/www.aceitesalbert.com\/wp-content\/uploads\/2019\/10\/oliva-virgen-extra.png\",\"contentUrl\":\"https:\/\/www.aceitesalbert.com\/wp-content\/uploads\/2019\/10\/oliva-virgen-extra.png\"},{\"@type\":\"BreadcrumbList\",\"@id\":\"https:\/\/www.aceitesalbert.com\/en\/olive-oil\/extra-virgin-olive-oil\/#breadcrumb\",\"itemListElement\":[{\"@type\":\"ListItem\",\"position\":1,\"name\":\"Portada\",\"item\":\"https:\/\/www.aceitesalbert.com\/\"},{\"@type\":\"ListItem\",\"position\":2,\"name\":\"Olive oil\",\"item\":\"https:\/\/www.aceitesalbert.com\/en\/olive-oil\/\"},{\"@type\":\"ListItem\",\"position\":3,\"name\":\"EXTRA VIRGIN OLIVE OIL\"}]},{\"@type\":\"WebSite\",\"@id\":\"https:\/\/www.aceitesalbert.com\/#website\",\"url\":\"https:\/\/www.aceitesalbert.com\/\",\"name\":\"Aceites Albert\",\"description\":\"Aceites de Oliva, Oliva Virgen Extra, Girasol y Semillas\",\"publisher\":{\"@id\":\"https:\/\/www.aceitesalbert.com\/#organization\"},\"potentialAction\":[{\"@type\":\"SearchAction\",\"target\":{\"@type\":\"EntryPoint\",\"urlTemplate\":\"https:\/\/www.aceitesalbert.com\/?s={search_term_string}\"},\"query-input\":{\"@type\":\"PropertyValueSpecification\",\"valueRequired\":true,\"valueName\":\"search_term_string\"}}],\"inLanguage\":\"en-US\"},{\"@type\":\"Organization\",\"@id\":\"https:\/\/www.aceitesalbert.com\/#organization\",\"name\":\"Aceites Albert S.L\",\"url\":\"https:\/\/www.aceitesalbert.com\/\",\"logo\":{\"@type\":\"ImageObject\",\"inLanguage\":\"en-US\",\"@id\":\"https:\/\/www.aceitesalbert.com\/#\/schema\/logo\/image\/\",\"url\":\"https:\/\/www.aceitesalbert.com\/wp-content\/uploads\/2019\/09\/logo.png\",\"contentUrl\":\"https:\/\/www.aceitesalbert.com\/wp-content\/uploads\/2019\/09\/logo.png\",\"width\":186,\"height\":186,\"caption\":\"Aceites Albert S.L\"},\"image\":{\"@id\":\"https:\/\/www.aceitesalbert.com\/#\/schema\/logo\/image\/\"}}]}<\/script>\n<!-- \/ Yoast SEO plugin. -->","yoast_head_json":{"title":"EXTRA VIRGIN OLIVE OIL - Aceites Albert","robots":{"index":"index","follow":"follow","max-snippet":"max-snippet:-1","max-image-preview":"max-image-preview:large","max-video-preview":"max-video-preview:-1"},"canonical":"https:\/\/www.aceitesalbert.com\/en\/olive-oil\/extra-virgin-olive-oil\/","og_locale":"en_US","og_type":"article","og_title":"EXTRA VIRGIN OLIVE OIL - Aceites Albert","og_description":"\"Extra virgin olive oil\" EXTRA VIRGIN OLIVE OIL We are in front of a blend made with care and only with olive oils of the best varieties which adapts to the needs and tastes of our customers, developed by our experts and prepared for a better taste. Extra virgin olive oil will make you enjoy [&hellip;]","og_url":"https:\/\/www.aceitesalbert.com\/en\/olive-oil\/extra-virgin-olive-oil\/","og_site_name":"Aceites Albert","article_modified_time":"2021-02-01T10:09:55+00:00","og_image":[{"url":"https:\/\/www.aceitesalbert.com\/wp-content\/uploads\/2019\/10\/oliva-virgen-extra.png"}],"twitter_card":"summary_large_image","schema":{"@context":"https:\/\/schema.org","@graph":[{"@type":"WebPage","@id":"https:\/\/www.aceitesalbert.com\/en\/olive-oil\/extra-virgin-olive-oil\/","url":"https:\/\/www.aceitesalbert.com\/en\/olive-oil\/extra-virgin-olive-oil\/","name":"EXTRA VIRGIN OLIVE OIL - Aceites Albert","isPartOf":{"@id":"https:\/\/www.aceitesalbert.com\/#website"},"primaryImageOfPage":{"@id":"https:\/\/www.aceitesalbert.com\/en\/olive-oil\/extra-virgin-olive-oil\/#primaryimage"},"image":{"@id":"https:\/\/www.aceitesalbert.com\/en\/olive-oil\/extra-virgin-olive-oil\/#primaryimage"},"thumbnailUrl":"https:\/\/www.aceitesalbert.com\/wp-content\/uploads\/2019\/10\/oliva-virgen-extra.png","datePublished":"2020-05-13T09:12:51+00:00","dateModified":"2021-02-01T10:09:55+00:00","breadcrumb":{"@id":"https:\/\/www.aceitesalbert.com\/en\/olive-oil\/extra-virgin-olive-oil\/#breadcrumb"},"inLanguage":"en-US","potentialAction":[{"@type":"ReadAction","target":["https:\/\/www.aceitesalbert.com\/en\/olive-oil\/extra-virgin-olive-oil\/"]}]},{"@type":"ImageObject","inLanguage":"en-US","@id":"https:\/\/www.aceitesalbert.com\/en\/olive-oil\/extra-virgin-olive-oil\/#primaryimage","url":"https:\/\/www.aceitesalbert.com\/wp-content\/uploads\/2019\/10\/oliva-virgen-extra.png","contentUrl":"https:\/\/www.aceitesalbert.com\/wp-content\/uploads\/2019\/10\/oliva-virgen-extra.png"},{"@type":"BreadcrumbList","@id":"https:\/\/www.aceitesalbert.com\/en\/olive-oil\/extra-virgin-olive-oil\/#breadcrumb","itemListElement":[{"@type":"ListItem","position":1,"name":"Portada","item":"https:\/\/www.aceitesalbert.com\/"},{"@type":"ListItem","position":2,"name":"Olive oil","item":"https:\/\/www.aceitesalbert.com\/en\/olive-oil\/"},{"@type":"ListItem","position":3,"name":"EXTRA VIRGIN OLIVE OIL"}]},{"@type":"WebSite","@id":"https:\/\/www.aceitesalbert.com\/#website","url":"https:\/\/www.aceitesalbert.com\/","name":"Aceites Albert","description":"Aceites de Oliva, Oliva Virgen Extra, Girasol y Semillas","publisher":{"@id":"https:\/\/www.aceitesalbert.com\/#organization"},"potentialAction":[{"@type":"SearchAction","target":{"@type":"EntryPoint","urlTemplate":"https:\/\/www.aceitesalbert.com\/?s={search_term_string}"},"query-input":{"@type":"PropertyValueSpecification","valueRequired":true,"valueName":"search_term_string"}}],"inLanguage":"en-US"},{"@type":"Organization","@id":"https:\/\/www.aceitesalbert.com\/#organization","name":"Aceites Albert S.L","url":"https:\/\/www.aceitesalbert.com\/","logo":{"@type":"ImageObject","inLanguage":"en-US","@id":"https:\/\/www.aceitesalbert.com\/#\/schema\/logo\/image\/","url":"https:\/\/www.aceitesalbert.com\/wp-content\/uploads\/2019\/09\/logo.png","contentUrl":"https:\/\/www.aceitesalbert.com\/wp-content\/uploads\/2019\/09\/logo.png","width":186,"height":186,"caption":"Aceites Albert S.L"},"image":{"@id":"https:\/\/www.aceitesalbert.com\/#\/schema\/logo\/image\/"}}]}},"_links":{"self":[{"href":"https:\/\/www.aceitesalbert.com\/en\/wp-json\/wp\/v2\/pages\/1603","targetHints":{"allow":["GET"]}}],"collection":[{"href":"https:\/\/www.aceitesalbert.com\/en\/wp-json\/wp\/v2\/pages"}],"about":[{"href":"https:\/\/www.aceitesalbert.com\/en\/wp-json\/wp\/v2\/types\/page"}],"author":[{"embeddable":true,"href":"https:\/\/www.aceitesalbert.com\/en\/wp-json\/wp\/v2\/users\/1"}],"replies":[{"embeddable":true,"href":"https:\/\/www.aceitesalbert.com\/en\/wp-json\/wp\/v2\/comments?post=1603"}],"version-history":[{"count":0,"href":"https:\/\/www.aceitesalbert.com\/en\/wp-json\/wp\/v2\/pages\/1603\/revisions"}],"up":[{"embeddable":true,"href":"https:\/\/www.aceitesalbert.com\/en\/wp-json\/wp\/v2\/pages\/1644"}],"wp:attachment":[{"href":"https:\/\/www.aceitesalbert.com\/en\/wp-json\/wp\/v2\/media?parent=1603"}],"curies":[{"name":"wp","href":"https:\/\/api.w.org\/{rel}","templated":true}]}}