{"id":2511,"date":"2020-05-25T09:50:49","date_gmt":"2020-05-25T07:50:49","guid":{"rendered":"https:\/\/www.aceitesalbert.com\/?page_id=2511"},"modified":"2020-05-25T09:50:50","modified_gmt":"2020-05-25T07:50:50","slug":"casalbert-vinegars","status":"publish","type":"page","link":"https:\/\/www.aceitesalbert.com\/en\/casalbert-horeca\/casalbert-vinegars\/","title":{"rendered":"CASALBERT VINEGARS"},"content":{"rendered":"<p>[et_pb_section fb_built=&#8221;1&#8243; module_class=&#8221;indiproduct-page&#8221; _builder_version=&#8221;3.29.3&#8243;][et_pb_row _builder_version=&#8221;4.4.5&#8243; custom_margin=&#8221;||0px||false|false&#8221; custom_padding=&#8221;||0px||false|false&#8221;][et_pb_column type=&#8221;4_4&#8243; _builder_version=&#8221;4.4.5&#8243;][et_pb_text _builder_version=&#8221;4.4.5&#8243; text_orientation=&#8221;center&#8221;]<\/p>\n<h2 class=\"nuestroaceitetitulo\">&#8220;CASALBERT VINAGRES&#8221;<\/h2>\n<p>[\/et_pb_text][\/et_pb_column][\/et_pb_row][et_pb_row column_structure=&#8221;1_4,3_4&#8243; use_custom_gutter=&#8221;on&#8221; gutter_width=&#8221;1&#8243; _builder_version=&#8221;4.4.5&#8243; background_color=&#8221;rgba(0,0,0,0)&#8221; custom_margin=&#8221;||0px||false|false&#8221; custom_padding=&#8221;||0px||false|false&#8221;][et_pb_column type=&#8221;1_4&#8243; _builder_version=&#8221;4.4.5&#8243;][et_pb_sidebar area=&#8221;et_pb_widget_area_3&#8243; module_class=&#8221;menunuestrosproductos&#8221; _builder_version=&#8221;4.4.5&#8243; width=&#8221;100%&#8221; custom_margin=&#8221;|-2px||-2px|false|true&#8221;][\/et_pb_sidebar][\/et_pb_column][et_pb_column type=&#8221;3_4&#8243; _builder_version=&#8221;4.4.5&#8243;][et_pb_text module_class=&#8221;nuestrosaceitesimg&#8221; _builder_version=&#8221;4.4.5&#8243; background_color=&#8221;#af8338&#8243; custom_padding=&#8221;5%|2%|5%|2%|false|false&#8221;]<\/p>\n<p><img decoding=\"async\" src=\"https:\/\/www.aceitesalbert.com\/wp-content\/uploads\/2019\/10\/casalbert-vinagres.png\" width=\"250\" height=\"470\" alt=\"\" class=\"wp-image-611 alignnone size-medium\" style=\"font-size: 14px; color: #666666; background-color: #e09900;\" \/><\/p>\n<h4 class=\"nuestroaceitetituloproducto\">Casalbert vinagres<\/h4>\n<p>The best match for our EXTRA VIRGIN OLIVE OIL &#8220;CASALBERT&#8221;. Since the 4th century B.C. vinegar has had great importance in society thanks to its multiple applications not only in the kitchen, as a preservative and dressing, but also as a disinfectant for wounds, a nutritional supplement or a purifier<br \/>of body and soul<\/p>\n<p>[\/et_pb_text][et_pb_code _builder_version=&#8221;4.4.5&#8243;][\/et_pb_code][\/et_pb_column][\/et_pb_row][et_pb_row column_structure=&#8221;1_4,1_2,1_4&#8243; use_custom_gutter=&#8221;on&#8221; gutter_width=&#8221;1&#8243; module_class=&#8221;nuestrosaceitespartebaja&#8221; _builder_version=&#8221;4.4.5&#8243; background_color=&#8221;rgba(0,0,0,0)&#8221;][et_pb_column type=&#8221;1_4&#8243; _builder_version=&#8221;4.4.5&#8243;][\/et_pb_column][et_pb_column type=&#8221;1_2&#8243; _builder_version=&#8221;4.4.5&#8243;][et_pb_text module_class=&#8221;nuestrosaceitesdescripcion&#8221; _builder_version=&#8221;4.4.5&#8243; background_color=&#8221;rgba(0,0,0,0)&#8221; custom_padding=&#8221;5%|2%|5%|2%|false|false&#8221;]<\/p>\n<h3>Wine Vinegar<\/h3>\n<p>Vinegar with the aromas of good wine, from the best selected red wines and fermented using the latest technology available. A vinegar formed and rested in oak barrels, obtaining its vinous flavour, ruby red colour and the typical flavour of vinegars aged in wood. You can enjoy all the benefits of red wine vinegar in a rich and fresh salad.<\/p>\n<p>[\/et_pb_text][et_pb_text module_class=&#8221;nuestrosaceitesdescripcion&#8221; _builder_version=&#8221;4.4.5&#8243; background_color=&#8221;rgba(0,0,0,0)&#8221; custom_padding=&#8221;5%|2%|5%|2%|false|false&#8221;]<\/p>\n<h3>Balsamic Vinegar<\/h3>\n<p>The time and the noble woods produce an exclusive vinegar with a special aroma, recommended for meat and fish roasts and aromatic salads.<\/p>\n<p>[\/et_pb_text][et_pb_code _builder_version=&#8221;4.4.5&#8243;][\/et_pb_code][\/et_pb_column][et_pb_column type=&#8221;1_4&#8243; _builder_version=&#8221;4.4.5&#8243;][et_pb_text module_class=&#8221;nuestroaceitecajastilo1&#8243; _builder_version=&#8221;4.4.5&#8243; header_text_color=&#8221;#e02b20&#8243;]<\/p>\n<h4>Product<\/h4>\n<p>Wine vinegar and balsamic vinegar<\/p>\n<p>[\/et_pb_text][\/et_pb_column][\/et_pb_row][\/et_pb_section]<\/p>\n","protected":false},"excerpt":{"rendered":"<p>&#8220;CASALBERT VINAGRES&#8221; Casalbert vinagres The best match for our EXTRA VIRGIN OLIVE OIL &#8220;CASALBERT&#8221;. Since the 4th century B.C. vinegar has had great importance in society thanks to its multiple applications not only in the kitchen, as a preservative and dressing, but also as a disinfectant for wounds, a nutritional supplement or a purifierof body [&hellip;]<\/p>\n","protected":false},"author":1,"featured_media":0,"parent":1669,"menu_order":0,"comment_status":"closed","ping_status":"closed","template":"","meta":{"_et_pb_use_builder":"on","_et_pb_old_content":"[et_pb_section fb_built=\"1\" module_class=\"indiproduct-page\" _builder_version=\"3.29.3\"][et_pb_row _builder_version=\"4.4.5\" custom_margin=\"||0px||false|false\" custom_padding=\"||0px||false|false\"][et_pb_column type=\"4_4\" _builder_version=\"4.4.5\"][et_pb_text _builder_version=\"4.4.5\" text_orientation=\"center\"]\n<h2 class=\"nuestroaceitetitulo\">\"CASALBERT VINAGRES\"<\/h2>\n[\/et_pb_text][\/et_pb_column][\/et_pb_row][et_pb_row column_structure=\"1_4,3_4\" use_custom_gutter=\"on\" gutter_width=\"1\" _builder_version=\"4.4.5\" background_color=\"rgba(0,0,0,0)\" custom_margin=\"||0px||false|false\" custom_padding=\"||0px||false|false\"][et_pb_column type=\"1_4\" _builder_version=\"4.4.5\"][et_pb_sidebar area=\"et_pb_widget_area_3\" module_class=\"menunuestrosproductos\" _builder_version=\"4.4.5\" width=\"100%\" custom_margin=\"|-2px||-2px|false|true\"][\/et_pb_sidebar][\/et_pb_column][et_pb_column type=\"3_4\" _builder_version=\"4.4.5\"][et_pb_text module_class=\"nuestrosaceitesimg\" _builder_version=\"4.4.5\" background_color=\"#af8338\" custom_padding=\"5%|2%|5%|2%|false|false\"]\n\n<img src=\"https:\/\/www.aceitesalbert.com\/wp-content\/uploads\/2019\/10\/casalbert-vinagres.png\" width=\"250\" height=\"470\" alt=\"\" class=\"wp-image-611 alignnone size-medium\" style=\"font-size: 14px; color: #666666; background-color: #e09900;\">\n<h4 class=\"nuestroaceitetituloproducto\">Casalbert vinagres<\/h4>\nLa mejor pareja que existe para nuestro ACEITE DE OLIVA VIRGEN EXTRA \u201cCASALBERT\u201d . Desde el siglo IV a.C. el vinagre ha tenido gran importancia en la sociedad gracias a sus m\u00faltiples aplicaciones no solo en la cocina, como conservante y ali\u00f1o, sino como desinfectante para las heridas, complemento nutricional o purificador de cuerpo y alma\n\n[\/et_pb_text][et_pb_code _builder_version=\"4.4.5\"][\/et_pb_code][\/et_pb_column][\/et_pb_row][et_pb_row column_structure=\"1_4,1_2,1_4\" use_custom_gutter=\"on\" gutter_width=\"1\" module_class=\"nuestrosaceitespartebaja\" _builder_version=\"4.4.5\" background_color=\"rgba(0,0,0,0)\"][et_pb_column type=\"1_4\" _builder_version=\"4.4.5\"][\/et_pb_column][et_pb_column type=\"1_2\" _builder_version=\"4.4.5\"][et_pb_text module_class=\"nuestrosaceitesdescripcion\" _builder_version=\"4.4.5\" background_color=\"rgba(0,0,0,0)\" custom_padding=\"5%|2%|5%|2%|false|false\"]\n<h3>vinagre de vino<\/h3>\nVinagre con los aromas propios del buen vino, procedente de los mejores vinos tintos seleccionados y fermentado usando la \u00faltima tecnolog\u00eda disponible. Un vinagre formado y reposado en barrica de roble, obteniendo su sabor vinoso, color rojo rub\u00ed y el sabor t\u00edpico de los vinagres criados en madera. Puedes aprovechar todos los beneficios del vinagre de vino tinto en una rica y fresca ensalada.\n\n[\/et_pb_text][et_pb_text module_class=\"nuestrosaceitesdescripcion\" _builder_version=\"4.4.5\" background_color=\"rgba(0,0,0,0)\" custom_padding=\"5%|2%|5%|2%|false|false\"]\n<h3>vinagre Bals\u00e1mico<\/h3>\nEl tiempo y las maderas nobles producen un vinagre exclusivo con aroma especial, recomendado para asados de carne, pescado y arom\u00e1ticas ensaladas\n\n[\/et_pb_text][et_pb_code _builder_version=\"4.4.5\"][\/et_pb_code][\/et_pb_column][et_pb_column type=\"1_4\" _builder_version=\"4.4.5\"][et_pb_text module_class=\"nuestroaceitecajastilo1\" _builder_version=\"4.4.5\" header_text_color=\"#e02b20\"]\n<h4>Producto<\/h4>\n<span>Vinagre de vino y vinagre Bals\u00e1mico.<\/span>\n\n[\/et_pb_text][\/et_pb_column][\/et_pb_row][et_pb_row column_structure=\"1_3,1_3,1_3\" module_class=\"col-sm-11 row\" _builder_version=\"3.29.3\"][et_pb_column type=\"1_3\" _builder_version=\"3.29.3\"][et_pb_code _builder_version=\"3.29.3\" background_enable_color=\"off\"]\n\n<nav class=\"nav flex-column nav-pills\"><!-- [et_pb_line_break_holder] -->  <a class=\"nav-link nav-link-cat \" href=\"https:\/\/www.aceitesalbert.com\/casalbert-seleccion\/\">Nuestra Selecci\u00f3n<\/a><!-- [et_pb_line_break_holder] -->  <a class=\"nav-link nav-link-cat\" href=\"https:\/\/www.aceitesalbert.com\/aceite-de-oliva\/\">Aceites de Oliva<\/a><!-- [et_pb_line_break_holder] -->  <a class=\"nav-link nav-link-cat active\" href=\"https:\/\/www.aceitesalbert.com\/casalbert-horeca\/\">Casalbert Horeca<\/a>  <!-- [et_pb_line_break_holder] -->  <a class=\"nav-link\" href=\"https:\/\/www.aceitesalbert.com\/casalbert-horeca\/aceite-de-girasol-alto-oleico\/\">ACEITE DE GIRASOL \"ALTO OLEICO\"<\/a><!-- [et_pb_line_break_holder] -->  <a class=\"nav-link\" href=\"https:\/\/www.aceitesalbert.com\/casalbert-horeca\/aceite-de-girasol\/\">ACEITE DE GIRASOL<\/a><!-- [et_pb_line_break_holder] -->  <a class=\"nav-link\" href=\"https:\/\/www.aceitesalbert.com\/casalbert-horeca\/aceite-de-semillas\/\">ACEITE DE SEMILLAS<\/a><!-- [et_pb_line_break_holder] -->  <a class=\"nav-link\" href=\"https:\/\/www.aceitesalbert.com\/casalbert-horeca\/aceite-de-soja\/\">ACEITE DE SOJA<\/a><!-- [et_pb_line_break_holder] -->  <a class=\"nav-link\" href=\"https:\/\/www.aceitesalbert.com\/casalbert-horeca\/casalbert-i-d-i\/\">CASALBERT I+D+I<\/a><!-- [et_pb_line_break_holder] -->  <a class=\"nav-link active\" href=\"https:\/\/www.aceitesalbert.com\/casalbert-horeca\/casalbert-vinagres\/\">CASALBERT VINAGRES<\/a><!-- [et_pb_line_break_holder] --><\/nav>[\/et_pb_code][\/et_pb_column][et_pb_column type=\"1_3\" _builder_version=\"3.29.3\"][et_pb_code _builder_version=\"3.29.3\" background_color=\"#ae8338\"]\n<p class=\"titulo\"><strong>Casalbert Vinagres<\/strong><\/p>\n<!-- [et_pb_line_break_holder] -->\n<p class=\"cuerpo\">La mejor pareja que existe para nuestro ACEITE DE OLIVA VIRGEN EXTRA \u201cCASALBERT\u201d . Desde el siglo IV a.C. el vinagre ha tenido gran importancia en la sociedad gracias a sus m\u00faltiples aplicaciones no solo en la cocina, como conservante y ali\u00f1o, sino como desinfectante para las heridas, complemento nutricional o purificador de cuerpo y alma<\/p>\n[\/et_pb_code][\/et_pb_column][et_pb_column type=\"1_3\" _builder_version=\"3.29.3\"][et_pb_image src=\"https:\/\/www.aceitesalbert.com\/wp-content\/uploads\/2019\/10\/casalbert-vinagres.png\" _builder_version=\"3.29.3\" background_color=\"#ae8338\" custom_css_main_element=\"padding-top:5%\"][\/et_pb_image][\/et_pb_column][\/et_pb_row][et_pb_row column_structure=\"1_3,1_3,1_3\" module_class=\"col-sm-11 row rowsinmargen\" _builder_version=\"3.29.3\"][et_pb_column type=\"1_3\" _builder_version=\"3.29.3\"][\/et_pb_column][et_pb_column type=\"1_3\" _builder_version=\"3.29.3\"][et_pb_code _builder_version=\"3.29.3\"]\n<div class=\"main-text\">  <!-- [et_pb_line_break_holder] -->\n<p class=\"titulo\">Vinagre de vino<\/p>\n<!-- [et_pb_line_break_holder] -->\n<p class=\"cuerpo\">Vinagre con los aromas propios del buen vino, procedente de los mejores vinos tintos seleccionados y fermentado usando la \u00faltima tecnolog\u00eda disponible. Un vinagre formado y reposado en barrica de roble, obteniendo su sabor vinoso, color rojo rub\u00ed y el sabor t\u00edpico de los vinagres criados en madera. Puedes aprovechar todos los beneficios del vinagre de vino tinto en una rica y fresca ensalada.<\/p>\n<!-- [et_pb_line_break_holder] -->\n<p class=\"titulo\">Vinagre bals\u00e1mico<\/p>\n<!-- [et_pb_line_break_holder] -->\n<p class=\"cuerpo\">El tiempo y las maderas nobles producen un vinagre exclusivo con aroma especial, recomendado para asados de carne, pescado y arom\u00e1ticas ensaladas<\/p>\n\n<\/div>\n[\/et_pb_code][\/et_pb_column][et_pb_column type=\"1_3\" _builder_version=\"3.29.3\"][et_pb_code _builder_version=\"3.29.3\"]\n<div class=\"side-data\">\n<p class=\"titulo\">PRODUCTO<\/p>\n<!-- [et_pb_line_break_holder] -->\n<p class=\"cuerpo\">Vinagre de vino y vinagre Bals\u00e1mico.<\/p>\n\n<\/div>\n<!-- [et_pb_line_break_holder] -->\n<div class=\"side-data d-none\">\n<p class=\"titulo\">ELABORACI\u00d3N<\/p>\n<!-- [et_pb_line_break_holder] -->\n<p class=\"cuerpo\">1\u00ba presi\u00f3n en fr\u00edo de aceite de aceitunas en su momento \u00f3ptimo de maduraci\u00f3n<\/p>\n\n<\/div>\n<!-- [et_pb_line_break_holder] -->\n<div class=\"side-data d-none\">\n<p class=\"titulo\">VARIEDADES<\/p>\n<p class=\"cuerpo\">Serrana de Espad\u00e1n<\/p>\n\n<\/div>\n[\/et_pb_code][\/et_pb_column][\/et_pb_row][\/et_pb_section]","_et_gb_content_width":"","footnotes":""},"class_list":["post-2511","page","type-page","status-publish","hentry"],"yoast_head":"<!-- This site is optimized with the Yoast SEO plugin v23.8 - https:\/\/yoast.com\/wordpress\/plugins\/seo\/ -->\n<title>CASALBERT VINEGARS - Aceites Albert<\/title>\n<meta name=\"robots\" content=\"index, follow, max-snippet:-1, max-image-preview:large, max-video-preview:-1\" \/>\n<link rel=\"canonical\" href=\"https:\/\/www.aceitesalbert.com\/en\/casalbert-horeca\/casalbert-vinegars\/\" \/>\n<meta property=\"og:locale\" content=\"en_US\" \/>\n<meta property=\"og:type\" content=\"article\" \/>\n<meta property=\"og:title\" content=\"CASALBERT VINEGARS - Aceites Albert\" \/>\n<meta property=\"og:description\" content=\"&quot;CASALBERT VINAGRES&quot; Casalbert vinagres The best match for our EXTRA VIRGIN OLIVE OIL &quot;CASALBERT&quot;. Since the 4th century B.C. vinegar has had great importance in society thanks to its multiple applications not only in the kitchen, as a preservative and dressing, but also as a disinfectant for wounds, a nutritional supplement or a purifierof body [&hellip;]\" \/>\n<meta property=\"og:url\" content=\"https:\/\/www.aceitesalbert.com\/en\/casalbert-horeca\/casalbert-vinegars\/\" \/>\n<meta property=\"og:site_name\" content=\"Aceites Albert\" \/>\n<meta property=\"article:modified_time\" content=\"2020-05-25T07:50:50+00:00\" \/>\n<meta property=\"og:image\" content=\"https:\/\/www.aceitesalbert.com\/wp-content\/uploads\/2019\/10\/casalbert-vinagres.png\" \/>\n<meta name=\"twitter:card\" content=\"summary_large_image\" \/>\n<script type=\"application\/ld+json\" class=\"yoast-schema-graph\">{\"@context\":\"https:\/\/schema.org\",\"@graph\":[{\"@type\":\"WebPage\",\"@id\":\"https:\/\/www.aceitesalbert.com\/en\/casalbert-horeca\/casalbert-vinegars\/\",\"url\":\"https:\/\/www.aceitesalbert.com\/en\/casalbert-horeca\/casalbert-vinegars\/\",\"name\":\"CASALBERT VINEGARS - Aceites Albert\",\"isPartOf\":{\"@id\":\"https:\/\/www.aceitesalbert.com\/#website\"},\"primaryImageOfPage\":{\"@id\":\"https:\/\/www.aceitesalbert.com\/en\/casalbert-horeca\/casalbert-vinegars\/#primaryimage\"},\"image\":{\"@id\":\"https:\/\/www.aceitesalbert.com\/en\/casalbert-horeca\/casalbert-vinegars\/#primaryimage\"},\"thumbnailUrl\":\"https:\/\/www.aceitesalbert.com\/wp-content\/uploads\/2019\/10\/casalbert-vinagres.png\",\"datePublished\":\"2020-05-25T07:50:49+00:00\",\"dateModified\":\"2020-05-25T07:50:50+00:00\",\"breadcrumb\":{\"@id\":\"https:\/\/www.aceitesalbert.com\/en\/casalbert-horeca\/casalbert-vinegars\/#breadcrumb\"},\"inLanguage\":\"en-US\",\"potentialAction\":[{\"@type\":\"ReadAction\",\"target\":[\"https:\/\/www.aceitesalbert.com\/en\/casalbert-horeca\/casalbert-vinegars\/\"]}]},{\"@type\":\"ImageObject\",\"inLanguage\":\"en-US\",\"@id\":\"https:\/\/www.aceitesalbert.com\/en\/casalbert-horeca\/casalbert-vinegars\/#primaryimage\",\"url\":\"https:\/\/www.aceitesalbert.com\/wp-content\/uploads\/2019\/10\/casalbert-vinagres.png\",\"contentUrl\":\"https:\/\/www.aceitesalbert.com\/wp-content\/uploads\/2019\/10\/casalbert-vinagres.png\"},{\"@type\":\"BreadcrumbList\",\"@id\":\"https:\/\/www.aceitesalbert.com\/en\/casalbert-horeca\/casalbert-vinegars\/#breadcrumb\",\"itemListElement\":[{\"@type\":\"ListItem\",\"position\":1,\"name\":\"Portada\",\"item\":\"https:\/\/www.aceitesalbert.com\/\"},{\"@type\":\"ListItem\",\"position\":2,\"name\":\"casalbert-horeca\",\"item\":\"https:\/\/www.aceitesalbert.com\/en\/casalbert-horeca\/\"},{\"@type\":\"ListItem\",\"position\":3,\"name\":\"CASALBERT VINEGARS\"}]},{\"@type\":\"WebSite\",\"@id\":\"https:\/\/www.aceitesalbert.com\/#website\",\"url\":\"https:\/\/www.aceitesalbert.com\/\",\"name\":\"Aceites Albert\",\"description\":\"Aceites de Oliva, Oliva Virgen Extra, Girasol y Semillas\",\"publisher\":{\"@id\":\"https:\/\/www.aceitesalbert.com\/#organization\"},\"potentialAction\":[{\"@type\":\"SearchAction\",\"target\":{\"@type\":\"EntryPoint\",\"urlTemplate\":\"https:\/\/www.aceitesalbert.com\/?s={search_term_string}\"},\"query-input\":{\"@type\":\"PropertyValueSpecification\",\"valueRequired\":true,\"valueName\":\"search_term_string\"}}],\"inLanguage\":\"en-US\"},{\"@type\":\"Organization\",\"@id\":\"https:\/\/www.aceitesalbert.com\/#organization\",\"name\":\"Aceites Albert S.L\",\"url\":\"https:\/\/www.aceitesalbert.com\/\",\"logo\":{\"@type\":\"ImageObject\",\"inLanguage\":\"en-US\",\"@id\":\"https:\/\/www.aceitesalbert.com\/#\/schema\/logo\/image\/\",\"url\":\"https:\/\/www.aceitesalbert.com\/wp-content\/uploads\/2019\/09\/logo.png\",\"contentUrl\":\"https:\/\/www.aceitesalbert.com\/wp-content\/uploads\/2019\/09\/logo.png\",\"width\":186,\"height\":186,\"caption\":\"Aceites Albert S.L\"},\"image\":{\"@id\":\"https:\/\/www.aceitesalbert.com\/#\/schema\/logo\/image\/\"}}]}<\/script>\n<!-- \/ Yoast SEO plugin. -->","yoast_head_json":{"title":"CASALBERT VINEGARS - Aceites Albert","robots":{"index":"index","follow":"follow","max-snippet":"max-snippet:-1","max-image-preview":"max-image-preview:large","max-video-preview":"max-video-preview:-1"},"canonical":"https:\/\/www.aceitesalbert.com\/en\/casalbert-horeca\/casalbert-vinegars\/","og_locale":"en_US","og_type":"article","og_title":"CASALBERT VINEGARS - Aceites Albert","og_description":"\"CASALBERT VINAGRES\" Casalbert vinagres The best match for our EXTRA VIRGIN OLIVE OIL \"CASALBERT\". Since the 4th century B.C. vinegar has had great importance in society thanks to its multiple applications not only in the kitchen, as a preservative and dressing, but also as a disinfectant for wounds, a nutritional supplement or a purifierof body [&hellip;]","og_url":"https:\/\/www.aceitesalbert.com\/en\/casalbert-horeca\/casalbert-vinegars\/","og_site_name":"Aceites Albert","article_modified_time":"2020-05-25T07:50:50+00:00","og_image":[{"url":"https:\/\/www.aceitesalbert.com\/wp-content\/uploads\/2019\/10\/casalbert-vinagres.png"}],"twitter_card":"summary_large_image","schema":{"@context":"https:\/\/schema.org","@graph":[{"@type":"WebPage","@id":"https:\/\/www.aceitesalbert.com\/en\/casalbert-horeca\/casalbert-vinegars\/","url":"https:\/\/www.aceitesalbert.com\/en\/casalbert-horeca\/casalbert-vinegars\/","name":"CASALBERT VINEGARS - Aceites Albert","isPartOf":{"@id":"https:\/\/www.aceitesalbert.com\/#website"},"primaryImageOfPage":{"@id":"https:\/\/www.aceitesalbert.com\/en\/casalbert-horeca\/casalbert-vinegars\/#primaryimage"},"image":{"@id":"https:\/\/www.aceitesalbert.com\/en\/casalbert-horeca\/casalbert-vinegars\/#primaryimage"},"thumbnailUrl":"https:\/\/www.aceitesalbert.com\/wp-content\/uploads\/2019\/10\/casalbert-vinagres.png","datePublished":"2020-05-25T07:50:49+00:00","dateModified":"2020-05-25T07:50:50+00:00","breadcrumb":{"@id":"https:\/\/www.aceitesalbert.com\/en\/casalbert-horeca\/casalbert-vinegars\/#breadcrumb"},"inLanguage":"en-US","potentialAction":[{"@type":"ReadAction","target":["https:\/\/www.aceitesalbert.com\/en\/casalbert-horeca\/casalbert-vinegars\/"]}]},{"@type":"ImageObject","inLanguage":"en-US","@id":"https:\/\/www.aceitesalbert.com\/en\/casalbert-horeca\/casalbert-vinegars\/#primaryimage","url":"https:\/\/www.aceitesalbert.com\/wp-content\/uploads\/2019\/10\/casalbert-vinagres.png","contentUrl":"https:\/\/www.aceitesalbert.com\/wp-content\/uploads\/2019\/10\/casalbert-vinagres.png"},{"@type":"BreadcrumbList","@id":"https:\/\/www.aceitesalbert.com\/en\/casalbert-horeca\/casalbert-vinegars\/#breadcrumb","itemListElement":[{"@type":"ListItem","position":1,"name":"Portada","item":"https:\/\/www.aceitesalbert.com\/"},{"@type":"ListItem","position":2,"name":"casalbert-horeca","item":"https:\/\/www.aceitesalbert.com\/en\/casalbert-horeca\/"},{"@type":"ListItem","position":3,"name":"CASALBERT VINEGARS"}]},{"@type":"WebSite","@id":"https:\/\/www.aceitesalbert.com\/#website","url":"https:\/\/www.aceitesalbert.com\/","name":"Aceites Albert","description":"Aceites de Oliva, Oliva Virgen Extra, Girasol y Semillas","publisher":{"@id":"https:\/\/www.aceitesalbert.com\/#organization"},"potentialAction":[{"@type":"SearchAction","target":{"@type":"EntryPoint","urlTemplate":"https:\/\/www.aceitesalbert.com\/?s={search_term_string}"},"query-input":{"@type":"PropertyValueSpecification","valueRequired":true,"valueName":"search_term_string"}}],"inLanguage":"en-US"},{"@type":"Organization","@id":"https:\/\/www.aceitesalbert.com\/#organization","name":"Aceites Albert S.L","url":"https:\/\/www.aceitesalbert.com\/","logo":{"@type":"ImageObject","inLanguage":"en-US","@id":"https:\/\/www.aceitesalbert.com\/#\/schema\/logo\/image\/","url":"https:\/\/www.aceitesalbert.com\/wp-content\/uploads\/2019\/09\/logo.png","contentUrl":"https:\/\/www.aceitesalbert.com\/wp-content\/uploads\/2019\/09\/logo.png","width":186,"height":186,"caption":"Aceites Albert S.L"},"image":{"@id":"https:\/\/www.aceitesalbert.com\/#\/schema\/logo\/image\/"}}]}},"_links":{"self":[{"href":"https:\/\/www.aceitesalbert.com\/en\/wp-json\/wp\/v2\/pages\/2511","targetHints":{"allow":["GET"]}}],"collection":[{"href":"https:\/\/www.aceitesalbert.com\/en\/wp-json\/wp\/v2\/pages"}],"about":[{"href":"https:\/\/www.aceitesalbert.com\/en\/wp-json\/wp\/v2\/types\/page"}],"author":[{"embeddable":true,"href":"https:\/\/www.aceitesalbert.com\/en\/wp-json\/wp\/v2\/users\/1"}],"replies":[{"embeddable":true,"href":"https:\/\/www.aceitesalbert.com\/en\/wp-json\/wp\/v2\/comments?post=2511"}],"version-history":[{"count":0,"href":"https:\/\/www.aceitesalbert.com\/en\/wp-json\/wp\/v2\/pages\/2511\/revisions"}],"up":[{"embeddable":true,"href":"https:\/\/www.aceitesalbert.com\/en\/wp-json\/wp\/v2\/pages\/1669"}],"wp:attachment":[{"href":"https:\/\/www.aceitesalbert.com\/en\/wp-json\/wp\/v2\/media?parent=2511"}],"curies":[{"name":"wp","href":"https:\/\/api.w.org\/{rel}","templated":true}]}}