{"id":2522,"date":"2020-05-25T09:54:01","date_gmt":"2020-05-25T07:54:01","guid":{"rendered":"https:\/\/www.aceitesalbert.com\/?page_id=2522"},"modified":"2020-05-25T09:54:01","modified_gmt":"2020-05-25T07:54:01","slug":"casalbert-idi","status":"publish","type":"page","link":"https:\/\/www.aceitesalbert.com\/en\/casalbert-horeca\/casalbert-idi\/","title":{"rendered":"Casalbert I+D+I"},"content":{"rendered":"<p>[et_pb_section fb_built=&#8221;1&#8243; module_class=&#8221;indiproduct-page&#8221; _builder_version=&#8221;3.29.3&#8243;][et_pb_row _builder_version=&#8221;4.4.5&#8243; custom_margin=&#8221;||0px||false|false&#8221; custom_padding=&#8221;||0px||false|false&#8221;][et_pb_column type=&#8221;4_4&#8243; _builder_version=&#8221;4.4.5&#8243;][et_pb_text _builder_version=&#8221;4.4.5&#8243; text_orientation=&#8221;center&#8221;]<\/p>\n<h2 class=\"nuestroaceitetitulo\">&#8220;CASALBERT I+D+I&#8221;<\/h2>\n<p>[\/et_pb_text][\/et_pb_column][\/et_pb_row][et_pb_row column_structure=&#8221;1_4,3_4&#8243; use_custom_gutter=&#8221;on&#8221; gutter_width=&#8221;1&#8243; _builder_version=&#8221;4.4.5&#8243; background_color=&#8221;rgba(0,0,0,0)&#8221; custom_margin=&#8221;||0px||false|false&#8221; custom_padding=&#8221;||0px||false|false&#8221;][et_pb_column type=&#8221;1_4&#8243; _builder_version=&#8221;4.4.5&#8243;][et_pb_sidebar area=&#8221;et_pb_widget_area_3&#8243; module_class=&#8221;menunuestrosproductos&#8221; _builder_version=&#8221;4.4.5&#8243; width=&#8221;100%&#8221; custom_margin=&#8221;|-2px||-2px|false|true&#8221;][\/et_pb_sidebar][\/et_pb_column][et_pb_column type=&#8221;3_4&#8243; _builder_version=&#8221;4.4.5&#8243;][et_pb_text module_class=&#8221;nuestrosaceitesimg&#8221; _builder_version=&#8221;4.4.5&#8243; background_color=&#8221;#af8338&#8243; custom_padding=&#8221;5%|2%|5%|2%|false|false&#8221;]<\/p>\n<p><img decoding=\"async\" src=\"https:\/\/www.aceitesalbert.com\/wp-content\/uploads\/2019\/10\/casalbert-i-d-i.png\" width=\"250\" height=\"470\" alt=\"\" class=\"wp-image-611 alignnone size-medium\" style=\"font-size: 14px; color: #666666; background-color: #e09900;\" \/><\/p>\n<h4 class=\"nuestroaceitetituloproducto\">Casalbert I+D+I<\/h4>\n<p>Developed with the intention and capacity to become the reference oil in the frying sector in Spain. The product line allows us to offer each customer the product that best suits their needs<\/p>\n<p>[\/et_pb_text][et_pb_code _builder_version=&#8221;4.4.5&#8243;][\/et_pb_code][\/et_pb_column][\/et_pb_row][et_pb_row column_structure=&#8221;1_4,1_2,1_4&#8243; use_custom_gutter=&#8221;on&#8221; gutter_width=&#8221;1&#8243; module_class=&#8221;nuestrosaceitespartebaja&#8221; _builder_version=&#8221;4.4.5&#8243; background_color=&#8221;rgba(0,0,0,0)&#8221;][et_pb_column type=&#8221;1_4&#8243; _builder_version=&#8221;4.4.5&#8243;][\/et_pb_column][et_pb_column type=&#8221;1_2&#8243; _builder_version=&#8221;4.4.5&#8243;][et_pb_text module_class=&#8221;nuestrosaceitesdescripcion&#8221; _builder_version=&#8221;4.4.5&#8243; background_color=&#8221;rgba(0,0,0,0)&#8221; custom_padding=&#8221;5%|2%|5%|2%|false|false&#8221;]<\/p>\n<h3>Tips<\/h3>\n<p>&#8211; Cold to moderate temperature: 180\u00baC<br \/>-Fill the bucket with new oil as it wears out, it will extend the life of the oil already in the fryer<br \/>&#8211; If you are going to fry several times, avoid turning off the fryer, lower the temperature.<br \/>&#8211; Do not throw used oil into the sink, collect it and take it to recycling.<\/p>\n<p>[\/et_pb_text][et_pb_code _builder_version=&#8221;4.4.5&#8243;][\/et_pb_code][\/et_pb_column][et_pb_column type=&#8221;1_4&#8243; _builder_version=&#8221;4.4.5&#8243;][et_pb_text module_class=&#8221;nuestroaceitecajastilo1&#8243; _builder_version=&#8221;4.4.5&#8243; header_text_color=&#8221;#e02b20&#8243;]<\/p>\n<h4>Product<\/h4>\n<p>Special Fries<\/p>\n<p>[\/et_pb_text][et_pb_text module_class=&#8221;nuestroaceitecajastilo2&#8243; _builder_version=&#8221;4.4.5&#8243; header_text_color=&#8221;#e02b20&#8243;]<\/p>\n<h4>Elaboration<\/h4>\n<p>Casalbert bets not only on quality but also on health, since in its composition saturated fats are absent and if they play an important role in its composition the High Oleic, Omega3, Omega9 and Tocopherols,ensuring a high content of good HDL cholesterol.<\/p>\n<p>[\/et_pb_text][\/et_pb_column][\/et_pb_row][\/et_pb_section]<\/p>\n","protected":false},"excerpt":{"rendered":"<p>&#8220;CASALBERT I+D+I&#8221; Casalbert I+D+I Developed with the intention and capacity to become the reference oil in the frying sector in Spain. The product line allows us to offer each customer the product that best suits their needsTips &#8211; Cold to moderate temperature: 180\u00baC-Fill the bucket with new oil as it wears out, it will extend [&hellip;]<\/p>\n","protected":false},"author":1,"featured_media":0,"parent":1669,"menu_order":0,"comment_status":"closed","ping_status":"closed","template":"","meta":{"_et_pb_use_builder":"on","_et_pb_old_content":"[et_pb_section fb_built=\"1\" module_class=\"indiproduct-page\" _builder_version=\"3.29.3\"][et_pb_row _builder_version=\"4.4.5\" custom_margin=\"||0px||false|false\" custom_padding=\"||0px||false|false\"][et_pb_column type=\"4_4\" _builder_version=\"4.4.5\"][et_pb_text _builder_version=\"4.4.5\" text_orientation=\"center\"]\n<h2 class=\"nuestroaceitetitulo\">\"CASALBERT I+D+I\"<\/h2>\n[\/et_pb_text][\/et_pb_column][\/et_pb_row][et_pb_row column_structure=\"1_4,3_4\" use_custom_gutter=\"on\" gutter_width=\"1\" _builder_version=\"4.4.5\" background_color=\"rgba(0,0,0,0)\" custom_margin=\"||0px||false|false\" custom_padding=\"||0px||false|false\"][et_pb_column type=\"1_4\" _builder_version=\"4.4.5\"][et_pb_sidebar area=\"et_pb_widget_area_3\" module_class=\"menunuestrosproductos\" _builder_version=\"4.4.5\" width=\"100%\" custom_margin=\"|-2px||-2px|false|true\"][\/et_pb_sidebar][\/et_pb_column][et_pb_column type=\"3_4\" _builder_version=\"4.4.5\"][et_pb_text module_class=\"nuestrosaceitesimg\" _builder_version=\"4.4.5\" background_color=\"#af8338\" custom_padding=\"5%|2%|5%|2%|false|false\"]\n\n<img src=\"https:\/\/www.aceitesalbert.com\/wp-content\/uploads\/2019\/10\/casalbert-i-d-i.png\" width=\"250\" height=\"470\" alt=\"\" class=\"wp-image-611 alignnone size-medium\" style=\"font-size: 14px; color: #666666; background-color: #e09900;\">\n<h4 class=\"nuestroaceitetituloproducto\">Casalbert I+D+I<\/h4>\nDesarrollado con la intenci\u00f3n y la capacidad de convertirse en el aceite de referencia del sector de la fritura en Espa\u00f1a. La l\u00ednea de producto permite ofrecer a cada cliente el producto que mejor se adapta a sus necesidades\n\n[\/et_pb_text][et_pb_code _builder_version=\"4.4.5\"][\/et_pb_code][\/et_pb_column][\/et_pb_row][et_pb_row column_structure=\"1_4,1_2,1_4\" use_custom_gutter=\"on\" gutter_width=\"1\" module_class=\"nuestrosaceitespartebaja\" _builder_version=\"4.4.5\" background_color=\"rgba(0,0,0,0)\"][et_pb_column type=\"1_4\" _builder_version=\"4.4.5\"][\/et_pb_column][et_pb_column type=\"1_2\" _builder_version=\"4.4.5\"][et_pb_text module_class=\"nuestrosaceitesdescripcion\" _builder_version=\"4.4.5\" background_color=\"rgba(0,0,0,0)\" custom_padding=\"5%|2%|5%|2%|false|false\"]\n<h3>Consejos<\/h3>\n- Fr\u00eda a temperatura moderada: 180\u00baC\n-Rellene la cubeta con aceite nuevo a medida que se vaya gastando, alargar\u00e1 la vida del que ya hay en la freidora\n- Si va a fre\u00edr varias veces, evite apagar la freidora, baje la temperatura.\n- No tire el aceite usado al fregadero, rec\u00f3jalo y ll\u00e9velo a reciclar.\n\n[\/et_pb_text][et_pb_code _builder_version=\"4.4.5\"][\/et_pb_code][\/et_pb_column][et_pb_column type=\"1_4\" _builder_version=\"4.4.5\"][et_pb_text module_class=\"nuestroaceitecajastilo1\" _builder_version=\"4.4.5\" header_text_color=\"#e02b20\"]\n<h4>Producto<\/h4>\nEspecial Frituras\n\n[\/et_pb_text][et_pb_text module_class=\"nuestroaceitecajastilo2\" _builder_version=\"4.4.5\" header_text_color=\"#e02b20\"]\n<h4>Elaboraci\u00f3n<\/h4>\n<span>Casalbert apuesta no solo por la calidad sino tambi\u00e9n por la salud ya que en su composici\u00f3n est\u00e1n ausentes las grasas saturadas y si juegan un papel importante en su composici\u00f3n el Alto Oleico, el Omega3 el Omega9 y los Tocoferoles, asegurando as\u00ed un alto contenido en el colesterol bueno HDL.<\/span>\n\n[\/et_pb_text][\/et_pb_column][\/et_pb_row][\/et_pb_section]","_et_gb_content_width":"","footnotes":""},"class_list":["post-2522","page","type-page","status-publish","hentry"],"yoast_head":"<!-- This site is optimized with the Yoast SEO plugin v23.8 - https:\/\/yoast.com\/wordpress\/plugins\/seo\/ -->\n<title>Casalbert I+D+I - Aceites Albert<\/title>\n<meta name=\"robots\" content=\"index, follow, max-snippet:-1, max-image-preview:large, max-video-preview:-1\" \/>\n<link rel=\"canonical\" href=\"https:\/\/www.aceitesalbert.com\/en\/casalbert-horeca\/casalbert-idi\/\" \/>\n<meta property=\"og:locale\" content=\"en_US\" \/>\n<meta property=\"og:type\" content=\"article\" \/>\n<meta property=\"og:title\" content=\"Casalbert I+D+I - Aceites Albert\" \/>\n<meta property=\"og:description\" content=\"&quot;CASALBERT I+D+I&quot; Casalbert I+D+I Developed with the intention and capacity to become the reference oil in the frying sector in Spain. The product line allows us to offer each customer the product that best suits their needsTips - Cold to moderate temperature: 180\u00baC-Fill the bucket with new oil as it wears out, it will extend [&hellip;]\" \/>\n<meta property=\"og:url\" content=\"https:\/\/www.aceitesalbert.com\/en\/casalbert-horeca\/casalbert-idi\/\" \/>\n<meta property=\"og:site_name\" content=\"Aceites Albert\" \/>\n<meta property=\"og:image\" content=\"https:\/\/www.aceitesalbert.com\/wp-content\/uploads\/2019\/10\/casalbert-i-d-i.png\" \/>\n<meta name=\"twitter:card\" content=\"summary_large_image\" \/>\n<script type=\"application\/ld+json\" class=\"yoast-schema-graph\">{\"@context\":\"https:\/\/schema.org\",\"@graph\":[{\"@type\":\"WebPage\",\"@id\":\"https:\/\/www.aceitesalbert.com\/en\/casalbert-horeca\/casalbert-idi\/\",\"url\":\"https:\/\/www.aceitesalbert.com\/en\/casalbert-horeca\/casalbert-idi\/\",\"name\":\"Casalbert I+D+I - Aceites Albert\",\"isPartOf\":{\"@id\":\"https:\/\/www.aceitesalbert.com\/#website\"},\"primaryImageOfPage\":{\"@id\":\"https:\/\/www.aceitesalbert.com\/en\/casalbert-horeca\/casalbert-idi\/#primaryimage\"},\"image\":{\"@id\":\"https:\/\/www.aceitesalbert.com\/en\/casalbert-horeca\/casalbert-idi\/#primaryimage\"},\"thumbnailUrl\":\"https:\/\/www.aceitesalbert.com\/wp-content\/uploads\/2019\/10\/casalbert-i-d-i.png\",\"datePublished\":\"2020-05-25T07:54:01+00:00\",\"dateModified\":\"2020-05-25T07:54:01+00:00\",\"breadcrumb\":{\"@id\":\"https:\/\/www.aceitesalbert.com\/en\/casalbert-horeca\/casalbert-idi\/#breadcrumb\"},\"inLanguage\":\"en-US\",\"potentialAction\":[{\"@type\":\"ReadAction\",\"target\":[\"https:\/\/www.aceitesalbert.com\/en\/casalbert-horeca\/casalbert-idi\/\"]}]},{\"@type\":\"ImageObject\",\"inLanguage\":\"en-US\",\"@id\":\"https:\/\/www.aceitesalbert.com\/en\/casalbert-horeca\/casalbert-idi\/#primaryimage\",\"url\":\"https:\/\/www.aceitesalbert.com\/wp-content\/uploads\/2019\/10\/casalbert-i-d-i.png\",\"contentUrl\":\"https:\/\/www.aceitesalbert.com\/wp-content\/uploads\/2019\/10\/casalbert-i-d-i.png\"},{\"@type\":\"BreadcrumbList\",\"@id\":\"https:\/\/www.aceitesalbert.com\/en\/casalbert-horeca\/casalbert-idi\/#breadcrumb\",\"itemListElement\":[{\"@type\":\"ListItem\",\"position\":1,\"name\":\"Portada\",\"item\":\"https:\/\/www.aceitesalbert.com\/\"},{\"@type\":\"ListItem\",\"position\":2,\"name\":\"casalbert-horeca\",\"item\":\"https:\/\/www.aceitesalbert.com\/en\/casalbert-horeca\/\"},{\"@type\":\"ListItem\",\"position\":3,\"name\":\"Casalbert I+D+I\"}]},{\"@type\":\"WebSite\",\"@id\":\"https:\/\/www.aceitesalbert.com\/#website\",\"url\":\"https:\/\/www.aceitesalbert.com\/\",\"name\":\"Aceites Albert\",\"description\":\"Aceites de Oliva, Oliva Virgen Extra, Girasol y Semillas\",\"publisher\":{\"@id\":\"https:\/\/www.aceitesalbert.com\/#organization\"},\"potentialAction\":[{\"@type\":\"SearchAction\",\"target\":{\"@type\":\"EntryPoint\",\"urlTemplate\":\"https:\/\/www.aceitesalbert.com\/?s={search_term_string}\"},\"query-input\":{\"@type\":\"PropertyValueSpecification\",\"valueRequired\":true,\"valueName\":\"search_term_string\"}}],\"inLanguage\":\"en-US\"},{\"@type\":\"Organization\",\"@id\":\"https:\/\/www.aceitesalbert.com\/#organization\",\"name\":\"Aceites Albert S.L\",\"url\":\"https:\/\/www.aceitesalbert.com\/\",\"logo\":{\"@type\":\"ImageObject\",\"inLanguage\":\"en-US\",\"@id\":\"https:\/\/www.aceitesalbert.com\/#\/schema\/logo\/image\/\",\"url\":\"https:\/\/www.aceitesalbert.com\/wp-content\/uploads\/2019\/09\/logo.png\",\"contentUrl\":\"https:\/\/www.aceitesalbert.com\/wp-content\/uploads\/2019\/09\/logo.png\",\"width\":186,\"height\":186,\"caption\":\"Aceites Albert S.L\"},\"image\":{\"@id\":\"https:\/\/www.aceitesalbert.com\/#\/schema\/logo\/image\/\"}}]}<\/script>\n<!-- \/ Yoast SEO plugin. -->","yoast_head_json":{"title":"Casalbert I+D+I - Aceites Albert","robots":{"index":"index","follow":"follow","max-snippet":"max-snippet:-1","max-image-preview":"max-image-preview:large","max-video-preview":"max-video-preview:-1"},"canonical":"https:\/\/www.aceitesalbert.com\/en\/casalbert-horeca\/casalbert-idi\/","og_locale":"en_US","og_type":"article","og_title":"Casalbert I+D+I - Aceites Albert","og_description":"\"CASALBERT I+D+I\" Casalbert I+D+I Developed with the intention and capacity to become the reference oil in the frying sector in Spain. The product line allows us to offer each customer the product that best suits their needsTips - Cold to moderate temperature: 180\u00baC-Fill the bucket with new oil as it wears out, it will extend [&hellip;]","og_url":"https:\/\/www.aceitesalbert.com\/en\/casalbert-horeca\/casalbert-idi\/","og_site_name":"Aceites Albert","og_image":[{"url":"https:\/\/www.aceitesalbert.com\/wp-content\/uploads\/2019\/10\/casalbert-i-d-i.png"}],"twitter_card":"summary_large_image","schema":{"@context":"https:\/\/schema.org","@graph":[{"@type":"WebPage","@id":"https:\/\/www.aceitesalbert.com\/en\/casalbert-horeca\/casalbert-idi\/","url":"https:\/\/www.aceitesalbert.com\/en\/casalbert-horeca\/casalbert-idi\/","name":"Casalbert I+D+I - Aceites Albert","isPartOf":{"@id":"https:\/\/www.aceitesalbert.com\/#website"},"primaryImageOfPage":{"@id":"https:\/\/www.aceitesalbert.com\/en\/casalbert-horeca\/casalbert-idi\/#primaryimage"},"image":{"@id":"https:\/\/www.aceitesalbert.com\/en\/casalbert-horeca\/casalbert-idi\/#primaryimage"},"thumbnailUrl":"https:\/\/www.aceitesalbert.com\/wp-content\/uploads\/2019\/10\/casalbert-i-d-i.png","datePublished":"2020-05-25T07:54:01+00:00","dateModified":"2020-05-25T07:54:01+00:00","breadcrumb":{"@id":"https:\/\/www.aceitesalbert.com\/en\/casalbert-horeca\/casalbert-idi\/#breadcrumb"},"inLanguage":"en-US","potentialAction":[{"@type":"ReadAction","target":["https:\/\/www.aceitesalbert.com\/en\/casalbert-horeca\/casalbert-idi\/"]}]},{"@type":"ImageObject","inLanguage":"en-US","@id":"https:\/\/www.aceitesalbert.com\/en\/casalbert-horeca\/casalbert-idi\/#primaryimage","url":"https:\/\/www.aceitesalbert.com\/wp-content\/uploads\/2019\/10\/casalbert-i-d-i.png","contentUrl":"https:\/\/www.aceitesalbert.com\/wp-content\/uploads\/2019\/10\/casalbert-i-d-i.png"},{"@type":"BreadcrumbList","@id":"https:\/\/www.aceitesalbert.com\/en\/casalbert-horeca\/casalbert-idi\/#breadcrumb","itemListElement":[{"@type":"ListItem","position":1,"name":"Portada","item":"https:\/\/www.aceitesalbert.com\/"},{"@type":"ListItem","position":2,"name":"casalbert-horeca","item":"https:\/\/www.aceitesalbert.com\/en\/casalbert-horeca\/"},{"@type":"ListItem","position":3,"name":"Casalbert I+D+I"}]},{"@type":"WebSite","@id":"https:\/\/www.aceitesalbert.com\/#website","url":"https:\/\/www.aceitesalbert.com\/","name":"Aceites Albert","description":"Aceites de Oliva, Oliva Virgen Extra, Girasol y Semillas","publisher":{"@id":"https:\/\/www.aceitesalbert.com\/#organization"},"potentialAction":[{"@type":"SearchAction","target":{"@type":"EntryPoint","urlTemplate":"https:\/\/www.aceitesalbert.com\/?s={search_term_string}"},"query-input":{"@type":"PropertyValueSpecification","valueRequired":true,"valueName":"search_term_string"}}],"inLanguage":"en-US"},{"@type":"Organization","@id":"https:\/\/www.aceitesalbert.com\/#organization","name":"Aceites Albert S.L","url":"https:\/\/www.aceitesalbert.com\/","logo":{"@type":"ImageObject","inLanguage":"en-US","@id":"https:\/\/www.aceitesalbert.com\/#\/schema\/logo\/image\/","url":"https:\/\/www.aceitesalbert.com\/wp-content\/uploads\/2019\/09\/logo.png","contentUrl":"https:\/\/www.aceitesalbert.com\/wp-content\/uploads\/2019\/09\/logo.png","width":186,"height":186,"caption":"Aceites Albert S.L"},"image":{"@id":"https:\/\/www.aceitesalbert.com\/#\/schema\/logo\/image\/"}}]}},"_links":{"self":[{"href":"https:\/\/www.aceitesalbert.com\/en\/wp-json\/wp\/v2\/pages\/2522","targetHints":{"allow":["GET"]}}],"collection":[{"href":"https:\/\/www.aceitesalbert.com\/en\/wp-json\/wp\/v2\/pages"}],"about":[{"href":"https:\/\/www.aceitesalbert.com\/en\/wp-json\/wp\/v2\/types\/page"}],"author":[{"embeddable":true,"href":"https:\/\/www.aceitesalbert.com\/en\/wp-json\/wp\/v2\/users\/1"}],"replies":[{"embeddable":true,"href":"https:\/\/www.aceitesalbert.com\/en\/wp-json\/wp\/v2\/comments?post=2522"}],"version-history":[{"count":0,"href":"https:\/\/www.aceitesalbert.com\/en\/wp-json\/wp\/v2\/pages\/2522\/revisions"}],"up":[{"embeddable":true,"href":"https:\/\/www.aceitesalbert.com\/en\/wp-json\/wp\/v2\/pages\/1669"}],"wp:attachment":[{"href":"https:\/\/www.aceitesalbert.com\/en\/wp-json\/wp\/v2\/media?parent=2522"}],"curies":[{"name":"wp","href":"https:\/\/api.w.org\/{rel}","templated":true}]}}