{"id":1690,"date":"2020-05-13T14:48:35","date_gmt":"2020-05-13T12:48:35","guid":{"rendered":"https:\/\/www.aceitesalbert.com\/?page_id=1690"},"modified":"2020-05-13T14:52:26","modified_gmt":"2020-05-13T12:52:26","slug":"huile-d-olive-vierge-extra","status":"publish","type":"page","link":"https:\/\/www.aceitesalbert.com\/fr\/huile-olive\/huile-d-olive-vierge-extra\/","title":{"rendered":"huile d olive vierge extra"},"content":{"rendered":"<p>[et_pb_section fb_built=\u00a0\u00bb1&Prime; module_class=\u00a0\u00bbindiproduct-page\u00a0\u00bb _builder_version=\u00a0\u00bb3.29.3&Prime;][et_pb_row _builder_version=\u00a0\u00bb4.4.5&Prime; custom_margin=\u00a0\u00bb||0px||false|false\u00a0\u00bb custom_padding=\u00a0\u00bb||0px||false|false\u00a0\u00bb][et_pb_column type=\u00a0\u00bb4_4&Prime; _builder_version=\u00a0\u00bb4.4.5&Prime;][et_pb_text _builder_version=\u00a0\u00bb4.4.5&Prime; text_orientation=\u00a0\u00bbcenter\u00a0\u00bb hover_enabled=\u00a0\u00bb0&Prime;]<\/p>\n<h2 class=\"nuestroaceitetitulo\">\u00ab\u00a0HUILE D&rsquo;OLIVE VIERGE EXTRA\u00a0\u00bb<\/h2>\n<p>[\/et_pb_text][\/et_pb_column][\/et_pb_row][et_pb_row column_structure=\u00a0\u00bb1_4,3_4&Prime; use_custom_gutter=\u00a0\u00bbon\u00a0\u00bb gutter_width=\u00a0\u00bb1&Prime; _builder_version=\u00a0\u00bb4.4.5&Prime; background_color=\u00a0\u00bbrgba(0,0,0,0)\u00a0\u00bb custom_margin=\u00a0\u00bb||0px||false|false\u00a0\u00bb custom_padding=\u00a0\u00bb||0px||false|false\u00a0\u00bb][et_pb_column type=\u00a0\u00bb1_4&Prime; _builder_version=\u00a0\u00bb4.4.5&Prime;][et_pb_sidebar area=\u00a0\u00bbet_pb_widget_area_3&Prime; module_class=\u00a0\u00bbmenunuestrosproductos\u00a0\u00bb _builder_version=\u00a0\u00bb4.4.5&Prime; width=\u00a0\u00bb100%\u00a0\u00bb custom_margin=\u00a0\u00bb|-2px||-2px|false|true\u00a0\u00bb][\/et_pb_sidebar][\/et_pb_column][et_pb_column type=\u00a0\u00bb3_4&Prime; _builder_version=\u00a0\u00bb4.4.5&Prime;][et_pb_text module_class=\u00a0\u00bbnuestrosaceitesimg\u00a0\u00bb _builder_version=\u00a0\u00bb4.4.5&Prime; background_color=\u00a0\u00bb#af8338&Prime; custom_padding=\u00a0\u00bb5%|2%|5%|2%|false|false\u00a0\u00bb hover_enabled=\u00a0\u00bb0&Prime;]<img decoding=\"async\" src=\"https:\/\/www.aceitesalbert.com\/wp-content\/uploads\/2019\/10\/oliva-virgen-extra.png\" width=\"250\" height=\"470\" alt=\"\" class=\"wp-image-611 alignnone size-medium\" style=\"font-size: 14px; color: #666666; background-color: #e09900;\"><\/p>\n<h4 class=\"nuestroaceitetituloproducto\">HUILE D&rsquo;OLIVE VIERGE EXTRA<\/h4>\n<p>l s\u2019agit d\u2019un coupage r\u00e9alis\u00e9 avec soin rien qu\u2019avec des huiles des meilleurs vari\u00e9t\u00e9s, qui s\u2019adapte aux besoins et aux go\u00fbts de nos clients, d\u00e9velopp\u00e9 par nos experts et pr\u00e9par\u00e9 pour les palais les plus exigeants.<br \/>\nUne huile vierge extra qui vous fera savourer vos plats et les appr\u00e9cier diff\u00e9remment.[\/et_pb_text][et_pb_code _builder_version=\u00a0\u00bb4.4.5&Prime;][\/et_pb_code][\/et_pb_column][\/et_pb_row][et_pb_row column_structure=\u00a0\u00bb1_4,1_2,1_4&Prime; use_custom_gutter=\u00a0\u00bbon\u00a0\u00bb gutter_width=\u00a0\u00bb1&Prime; module_class=\u00a0\u00bbnuestrosaceitespartebaja\u00a0\u00bb _builder_version=\u00a0\u00bb4.4.5&Prime; background_color=\u00a0\u00bbrgba(0,0,0,0)\u00a0\u00bb][et_pb_column type=\u00a0\u00bb1_4&Prime; _builder_version=\u00a0\u00bb4.4.5&Prime;][\/et_pb_column][et_pb_column type=\u00a0\u00bb1_2&Prime; _builder_version=\u00a0\u00bb4.4.5&Prime;][et_pb_code _builder_version=\u00a0\u00bb4.4.5&Prime;][\/et_pb_code][\/et_pb_column][et_pb_column type=\u00a0\u00bb1_4&Prime; _builder_version=\u00a0\u00bb4.4.5&Prime;][et_pb_text module_class=\u00a0\u00bbnuestroaceitecajastilo1&Prime; _builder_version=\u00a0\u00bb4.4.5&Prime; header_text_color=\u00a0\u00bb#e02b20&Prime;]<\/p>\n<h4>Produit<\/h4>\n<p><span>Huile d&rsquo;Olive Vierge Extra<\/span><\/p>\n<p>[\/et_pb_text][\/et_pb_column][\/et_pb_row][\/et_pb_section]<\/p>\n","protected":false},"excerpt":{"rendered":"<p>\u00ab\u00a0HUILE D&rsquo;OLIVE VIERGE EXTRA\u00a0\u00bb HUILE D&rsquo;OLIVE VIERGE EXTRA l s\u2019agit d\u2019un coupage r\u00e9alis\u00e9 avec soin rien qu\u2019avec des huiles des meilleurs vari\u00e9t\u00e9s, qui s\u2019adapte aux besoins et aux go\u00fbts de nos clients, d\u00e9velopp\u00e9 par nos experts et pr\u00e9par\u00e9 pour les palais les plus exigeants. Une huile vierge extra qui vous fera savourer vos plats et [&hellip;]<\/p>\n","protected":false},"author":1,"featured_media":0,"parent":1678,"menu_order":0,"comment_status":"closed","ping_status":"closed","template":"","meta":{"_et_pb_use_builder":"on","_et_pb_old_content":"[et_pb_section fb_built=\"1\" module_class=\"indiproduct-page\" _builder_version=\"3.29.3\"][et_pb_row _builder_version=\"4.4.5\" custom_margin=\"||0px||false|false\" custom_padding=\"||0px||false|false\"][et_pb_column type=\"4_4\" _builder_version=\"4.4.5\"][et_pb_text _builder_version=\"4.4.5\" text_orientation=\"center\" hover_enabled=\"0\"]\n<h2 class=\"nuestroaceitetitulo\">\"Aceites de Oliva Virgen Extra\"<\/h2>\n[\/et_pb_text][\/et_pb_column][\/et_pb_row][et_pb_row column_structure=\"1_4,3_4\" use_custom_gutter=\"on\" gutter_width=\"1\" _builder_version=\"4.4.5\" background_color=\"rgba(0,0,0,0)\" custom_margin=\"||0px||false|false\" custom_padding=\"||0px||false|false\"][et_pb_column type=\"1_4\" _builder_version=\"4.4.5\"][et_pb_sidebar area=\"et_pb_widget_area_3\" module_class=\"menunuestrosproductos\" _builder_version=\"4.4.5\" width=\"100%\" custom_margin=\"|-2px||-2px|false|true\"][\/et_pb_sidebar][\/et_pb_column][et_pb_column type=\"3_4\" _builder_version=\"4.4.5\"][et_pb_text module_class=\"nuestrosaceitesimg\" _builder_version=\"4.4.5\" background_color=\"#af8338\" custom_padding=\"5%|2%|5%|2%|false|false\" hover_enabled=\"0\"]<img src=\"https:\/\/www.aceitesalbert.com\/wp-content\/uploads\/2019\/10\/oliva-virgen-extra.png\" width=\"250\" height=\"470\" alt=\"\" class=\"wp-image-611 alignnone size-medium\" style=\"font-size: 14px; color: #666666; background-color: #e09900;\">\n<h4 class=\"nuestroaceitetituloproducto\">Aceite de oliva virgen extra<\/h4>\nEstamos ante un coupage realizado con esmero solo con aceites de las mejores variedades, que se adapta a las necesidades y los gustos de nuestros clientes desarrollados por nuestros expertos y preparados para los mejores paladares. Un Virgen Extra que le har\u00e1 disfrutar y sentir sus platos de una manera diferente.[\/et_pb_text][et_pb_code _builder_version=\"4.4.5\"][\/et_pb_code][\/et_pb_column][\/et_pb_row][et_pb_row column_structure=\"1_4,1_2,1_4\" use_custom_gutter=\"on\" gutter_width=\"1\" module_class=\"nuestrosaceitespartebaja\" _builder_version=\"4.4.5\" background_color=\"rgba(0,0,0,0)\"][et_pb_column type=\"1_4\" _builder_version=\"4.4.5\"][\/et_pb_column][et_pb_column type=\"1_2\" _builder_version=\"4.4.5\"][et_pb_text module_class=\"nuestrosaceitesdescripcion\" _builder_version=\"4.4.5\" background_color=\"rgba(0,0,0,0)\" custom_padding=\"5%|2%|5%|2%|false|false\" hover_enabled=\"0\"]\n<h3>Nota de cata<\/h3>\n<span>Desde hace m\u00e1s de 50 a\u00f1os Aceites Albert selecciona y recoge las aceitunas en su \u00f3ptimo estado de maduraci\u00f3n y las somete al delicado proceso de extracci\u00f3n hasta crear nuestro aceite de oliva virgen estra Casalbert. Entre sus numerosas cualidades cabe destacar los toques afrutados a almendra y manzana siendo en boca un aceite suave, con paso amble y equilibrado, dejando un sensaci\u00f3n limpia y fresca. Su aroma afrutado refleja las variedades de su composici\u00f3n<\/span>\n\n[\/et_pb_text][et_pb_text module_class=\"nuestrosaceitesdescripcion\" _builder_version=\"4.4.5\" background_color=\"rgba(0,0,0,0)\" custom_padding=\"5%|2%|5%|2%|false|false\" hover_enabled=\"0\"]\n<h3>Nota de maridaje<\/h3>\n<span>Recomendado tanto para tomar tanto en platos fr\u00edos como en calientes, resulta un aceite ideal para aderezos en crudo pues sus cualidades organol\u00e9pticas contribuyen a completar el sabor de los platos<\/span>\n\n[\/et_pb_text][et_pb_code _builder_version=\"4.4.5\"][\/et_pb_code][\/et_pb_column][et_pb_column type=\"1_4\" _builder_version=\"4.4.5\"][et_pb_text module_class=\"nuestroaceitecajastilo1\" _builder_version=\"4.4.5\" header_text_color=\"#e02b20\" hover_enabled=\"0\"]\n<h4>Producto<\/h4>\nAceite Oliva Virgen Extra\n\n[\/et_pb_text][et_pb_text module_class=\"nuestroaceitecajastilo2\" _builder_version=\"4.4.5\" header_text_color=\"#e02b20\"]\n<h4>Elaboraci\u00f3n<\/h4>\n1\u00ba presi\u00f3n en fr\u00edo de aceite de aceitunas en su momento \u00f3ptimo de maduraci\u00f3n[\/et_pb_text][et_pb_text module_class=\"nuestroaceitecajastilo1\" _builder_version=\"4.4.5\" header_text_color=\"#e02b20\"]\n<h4>Variedades<\/h4>\nHojiblanca, serrana de espad\u00e1n, cornicabra, picual y arbequina\n\n[\/et_pb_text][\/et_pb_column][\/et_pb_row][\/et_pb_section]","_et_gb_content_width":"","footnotes":""},"class_list":["post-1690","page","type-page","status-publish","hentry"],"yoast_head":"<!-- This site is optimized with the Yoast SEO plugin v23.8 - https:\/\/yoast.com\/wordpress\/plugins\/seo\/ -->\n<title>huile d olive vierge extra - Aceites Albert<\/title>\n<meta name=\"robots\" content=\"index, follow, max-snippet:-1, max-image-preview:large, max-video-preview:-1\" \/>\n<link rel=\"canonical\" href=\"https:\/\/www.aceitesalbert.com\/fr\/huile-olive\/huile-d-olive-vierge-extra\/\" \/>\n<meta property=\"og:locale\" content=\"fr_FR\" \/>\n<meta property=\"og:type\" content=\"article\" \/>\n<meta property=\"og:title\" content=\"huile d olive vierge extra - Aceites Albert\" \/>\n<meta property=\"og:description\" content=\"&quot;HUILE D&#039;OLIVE VIERGE EXTRA&quot; HUILE D&#039;OLIVE VIERGE EXTRA l s\u2019agit d\u2019un coupage r\u00e9alis\u00e9 avec soin rien qu\u2019avec des huiles des meilleurs vari\u00e9t\u00e9s, qui s\u2019adapte aux besoins et aux go\u00fbts de nos clients, d\u00e9velopp\u00e9 par nos experts et pr\u00e9par\u00e9 pour les palais les plus exigeants. Une huile vierge extra qui vous fera savourer vos plats et [&hellip;]\" \/>\n<meta property=\"og:url\" content=\"https:\/\/www.aceitesalbert.com\/fr\/huile-olive\/huile-d-olive-vierge-extra\/\" \/>\n<meta property=\"og:site_name\" content=\"Aceites Albert\" \/>\n<meta property=\"article:modified_time\" content=\"2020-05-13T12:52:26+00:00\" \/>\n<meta property=\"og:image\" content=\"https:\/\/www.aceitesalbert.com\/wp-content\/uploads\/2019\/10\/oliva-virgen-extra.png\" \/>\n<meta name=\"twitter:card\" content=\"summary_large_image\" \/>\n<script type=\"application\/ld+json\" class=\"yoast-schema-graph\">{\"@context\":\"https:\/\/schema.org\",\"@graph\":[{\"@type\":\"WebPage\",\"@id\":\"https:\/\/www.aceitesalbert.com\/fr\/huile-olive\/huile-d-olive-vierge-extra\/\",\"url\":\"https:\/\/www.aceitesalbert.com\/fr\/huile-olive\/huile-d-olive-vierge-extra\/\",\"name\":\"huile d olive vierge extra - Aceites Albert\",\"isPartOf\":{\"@id\":\"https:\/\/www.aceitesalbert.com\/#website\"},\"primaryImageOfPage\":{\"@id\":\"https:\/\/www.aceitesalbert.com\/fr\/huile-olive\/huile-d-olive-vierge-extra\/#primaryimage\"},\"image\":{\"@id\":\"https:\/\/www.aceitesalbert.com\/fr\/huile-olive\/huile-d-olive-vierge-extra\/#primaryimage\"},\"thumbnailUrl\":\"https:\/\/www.aceitesalbert.com\/wp-content\/uploads\/2019\/10\/oliva-virgen-extra.png\",\"datePublished\":\"2020-05-13T12:48:35+00:00\",\"dateModified\":\"2020-05-13T12:52:26+00:00\",\"breadcrumb\":{\"@id\":\"https:\/\/www.aceitesalbert.com\/fr\/huile-olive\/huile-d-olive-vierge-extra\/#breadcrumb\"},\"inLanguage\":\"fr-FR\",\"potentialAction\":[{\"@type\":\"ReadAction\",\"target\":[\"https:\/\/www.aceitesalbert.com\/fr\/huile-olive\/huile-d-olive-vierge-extra\/\"]}]},{\"@type\":\"ImageObject\",\"inLanguage\":\"fr-FR\",\"@id\":\"https:\/\/www.aceitesalbert.com\/fr\/huile-olive\/huile-d-olive-vierge-extra\/#primaryimage\",\"url\":\"https:\/\/www.aceitesalbert.com\/wp-content\/uploads\/2019\/10\/oliva-virgen-extra.png\",\"contentUrl\":\"https:\/\/www.aceitesalbert.com\/wp-content\/uploads\/2019\/10\/oliva-virgen-extra.png\"},{\"@type\":\"BreadcrumbList\",\"@id\":\"https:\/\/www.aceitesalbert.com\/fr\/huile-olive\/huile-d-olive-vierge-extra\/#breadcrumb\",\"itemListElement\":[{\"@type\":\"ListItem\",\"position\":1,\"name\":\"Portada\",\"item\":\"https:\/\/www.aceitesalbert.com\/\"},{\"@type\":\"ListItem\",\"position\":2,\"name\":\"huile olive\",\"item\":\"https:\/\/www.aceitesalbert.com\/fr\/huile-olive\/\"},{\"@type\":\"ListItem\",\"position\":3,\"name\":\"huile d olive vierge extra\"}]},{\"@type\":\"WebSite\",\"@id\":\"https:\/\/www.aceitesalbert.com\/#website\",\"url\":\"https:\/\/www.aceitesalbert.com\/\",\"name\":\"Aceites Albert\",\"description\":\"Aceites de Oliva, Oliva Virgen Extra, Girasol y Semillas\",\"publisher\":{\"@id\":\"https:\/\/www.aceitesalbert.com\/#organization\"},\"potentialAction\":[{\"@type\":\"SearchAction\",\"target\":{\"@type\":\"EntryPoint\",\"urlTemplate\":\"https:\/\/www.aceitesalbert.com\/?s={search_term_string}\"},\"query-input\":{\"@type\":\"PropertyValueSpecification\",\"valueRequired\":true,\"valueName\":\"search_term_string\"}}],\"inLanguage\":\"fr-FR\"},{\"@type\":\"Organization\",\"@id\":\"https:\/\/www.aceitesalbert.com\/#organization\",\"name\":\"Aceites Albert S.L\",\"url\":\"https:\/\/www.aceitesalbert.com\/\",\"logo\":{\"@type\":\"ImageObject\",\"inLanguage\":\"fr-FR\",\"@id\":\"https:\/\/www.aceitesalbert.com\/#\/schema\/logo\/image\/\",\"url\":\"https:\/\/www.aceitesalbert.com\/wp-content\/uploads\/2019\/09\/logo.png\",\"contentUrl\":\"https:\/\/www.aceitesalbert.com\/wp-content\/uploads\/2019\/09\/logo.png\",\"width\":186,\"height\":186,\"caption\":\"Aceites Albert S.L\"},\"image\":{\"@id\":\"https:\/\/www.aceitesalbert.com\/#\/schema\/logo\/image\/\"}}]}<\/script>\n<!-- \/ Yoast SEO plugin. -->","yoast_head_json":{"title":"huile d olive vierge extra - Aceites Albert","robots":{"index":"index","follow":"follow","max-snippet":"max-snippet:-1","max-image-preview":"max-image-preview:large","max-video-preview":"max-video-preview:-1"},"canonical":"https:\/\/www.aceitesalbert.com\/fr\/huile-olive\/huile-d-olive-vierge-extra\/","og_locale":"fr_FR","og_type":"article","og_title":"huile d olive vierge extra - Aceites Albert","og_description":"\"HUILE D'OLIVE VIERGE EXTRA\" HUILE D'OLIVE VIERGE EXTRA l s\u2019agit d\u2019un coupage r\u00e9alis\u00e9 avec soin rien qu\u2019avec des huiles des meilleurs vari\u00e9t\u00e9s, qui s\u2019adapte aux besoins et aux go\u00fbts de nos clients, d\u00e9velopp\u00e9 par nos experts et pr\u00e9par\u00e9 pour les palais les plus exigeants. Une huile vierge extra qui vous fera savourer vos plats et [&hellip;]","og_url":"https:\/\/www.aceitesalbert.com\/fr\/huile-olive\/huile-d-olive-vierge-extra\/","og_site_name":"Aceites Albert","article_modified_time":"2020-05-13T12:52:26+00:00","og_image":[{"url":"https:\/\/www.aceitesalbert.com\/wp-content\/uploads\/2019\/10\/oliva-virgen-extra.png"}],"twitter_card":"summary_large_image","schema":{"@context":"https:\/\/schema.org","@graph":[{"@type":"WebPage","@id":"https:\/\/www.aceitesalbert.com\/fr\/huile-olive\/huile-d-olive-vierge-extra\/","url":"https:\/\/www.aceitesalbert.com\/fr\/huile-olive\/huile-d-olive-vierge-extra\/","name":"huile d olive vierge extra - Aceites Albert","isPartOf":{"@id":"https:\/\/www.aceitesalbert.com\/#website"},"primaryImageOfPage":{"@id":"https:\/\/www.aceitesalbert.com\/fr\/huile-olive\/huile-d-olive-vierge-extra\/#primaryimage"},"image":{"@id":"https:\/\/www.aceitesalbert.com\/fr\/huile-olive\/huile-d-olive-vierge-extra\/#primaryimage"},"thumbnailUrl":"https:\/\/www.aceitesalbert.com\/wp-content\/uploads\/2019\/10\/oliva-virgen-extra.png","datePublished":"2020-05-13T12:48:35+00:00","dateModified":"2020-05-13T12:52:26+00:00","breadcrumb":{"@id":"https:\/\/www.aceitesalbert.com\/fr\/huile-olive\/huile-d-olive-vierge-extra\/#breadcrumb"},"inLanguage":"fr-FR","potentialAction":[{"@type":"ReadAction","target":["https:\/\/www.aceitesalbert.com\/fr\/huile-olive\/huile-d-olive-vierge-extra\/"]}]},{"@type":"ImageObject","inLanguage":"fr-FR","@id":"https:\/\/www.aceitesalbert.com\/fr\/huile-olive\/huile-d-olive-vierge-extra\/#primaryimage","url":"https:\/\/www.aceitesalbert.com\/wp-content\/uploads\/2019\/10\/oliva-virgen-extra.png","contentUrl":"https:\/\/www.aceitesalbert.com\/wp-content\/uploads\/2019\/10\/oliva-virgen-extra.png"},{"@type":"BreadcrumbList","@id":"https:\/\/www.aceitesalbert.com\/fr\/huile-olive\/huile-d-olive-vierge-extra\/#breadcrumb","itemListElement":[{"@type":"ListItem","position":1,"name":"Portada","item":"https:\/\/www.aceitesalbert.com\/"},{"@type":"ListItem","position":2,"name":"huile olive","item":"https:\/\/www.aceitesalbert.com\/fr\/huile-olive\/"},{"@type":"ListItem","position":3,"name":"huile d olive vierge extra"}]},{"@type":"WebSite","@id":"https:\/\/www.aceitesalbert.com\/#website","url":"https:\/\/www.aceitesalbert.com\/","name":"Aceites Albert","description":"Aceites de Oliva, Oliva Virgen Extra, Girasol y Semillas","publisher":{"@id":"https:\/\/www.aceitesalbert.com\/#organization"},"potentialAction":[{"@type":"SearchAction","target":{"@type":"EntryPoint","urlTemplate":"https:\/\/www.aceitesalbert.com\/?s={search_term_string}"},"query-input":{"@type":"PropertyValueSpecification","valueRequired":true,"valueName":"search_term_string"}}],"inLanguage":"fr-FR"},{"@type":"Organization","@id":"https:\/\/www.aceitesalbert.com\/#organization","name":"Aceites Albert S.L","url":"https:\/\/www.aceitesalbert.com\/","logo":{"@type":"ImageObject","inLanguage":"fr-FR","@id":"https:\/\/www.aceitesalbert.com\/#\/schema\/logo\/image\/","url":"https:\/\/www.aceitesalbert.com\/wp-content\/uploads\/2019\/09\/logo.png","contentUrl":"https:\/\/www.aceitesalbert.com\/wp-content\/uploads\/2019\/09\/logo.png","width":186,"height":186,"caption":"Aceites Albert S.L"},"image":{"@id":"https:\/\/www.aceitesalbert.com\/#\/schema\/logo\/image\/"}}]}},"_links":{"self":[{"href":"https:\/\/www.aceitesalbert.com\/fr\/wp-json\/wp\/v2\/pages\/1690","targetHints":{"allow":["GET"]}}],"collection":[{"href":"https:\/\/www.aceitesalbert.com\/fr\/wp-json\/wp\/v2\/pages"}],"about":[{"href":"https:\/\/www.aceitesalbert.com\/fr\/wp-json\/wp\/v2\/types\/page"}],"author":[{"embeddable":true,"href":"https:\/\/www.aceitesalbert.com\/fr\/wp-json\/wp\/v2\/users\/1"}],"replies":[{"embeddable":true,"href":"https:\/\/www.aceitesalbert.com\/fr\/wp-json\/wp\/v2\/comments?post=1690"}],"version-history":[{"count":0,"href":"https:\/\/www.aceitesalbert.com\/fr\/wp-json\/wp\/v2\/pages\/1690\/revisions"}],"up":[{"embeddable":true,"href":"https:\/\/www.aceitesalbert.com\/fr\/wp-json\/wp\/v2\/pages\/1678"}],"wp:attachment":[{"href":"https:\/\/www.aceitesalbert.com\/fr\/wp-json\/wp\/v2\/media?parent=1690"}],"curies":[{"name":"wp","href":"https:\/\/api.w.org\/{rel}","templated":true}]}}