{"id":2573,"date":"2020-05-25T11:10:38","date_gmt":"2020-05-25T09:10:38","guid":{"rendered":"https:\/\/www.aceitesalbert.com\/?page_id=2573"},"modified":"2020-05-25T11:13:24","modified_gmt":"2020-05-25T09:13:24","slug":"casalbert-idi","status":"publish","type":"page","link":"https:\/\/www.aceitesalbert.com\/fr\/casalbert-horeca\/casalbert-idi\/","title":{"rendered":"Casalbert I+D+I"},"content":{"rendered":"<p>[et_pb_section fb_built=\u00a0\u00bb1&Prime; module_class=\u00a0\u00bbindiproduct-page\u00a0\u00bb _builder_version=\u00a0\u00bb3.29.3&Prime;][et_pb_row _builder_version=\u00a0\u00bb4.4.5&Prime; custom_margin=\u00a0\u00bb||0px||false|false\u00a0\u00bb custom_padding=\u00a0\u00bb||0px||false|false\u00a0\u00bb][et_pb_column type=\u00a0\u00bb4_4&Prime; _builder_version=\u00a0\u00bb4.4.5&Prime;][et_pb_text _builder_version=\u00a0\u00bb4.4.5&Prime; text_orientation=\u00a0\u00bbcenter\u00a0\u00bb]<\/p>\n<h2 class=\"nuestroaceitetitulo\">\u00ab\u00a0CASALBERT I+D+I\u00a0\u00bb<\/h2>\n<p>[\/et_pb_text][\/et_pb_column][\/et_pb_row][et_pb_row column_structure=\u00a0\u00bb1_4,3_4&Prime; use_custom_gutter=\u00a0\u00bbon\u00a0\u00bb gutter_width=\u00a0\u00bb1&Prime; _builder_version=\u00a0\u00bb4.4.5&Prime; background_color=\u00a0\u00bbrgba(0,0,0,0)\u00a0\u00bb custom_margin=\u00a0\u00bb||0px||false|false\u00a0\u00bb custom_padding=\u00a0\u00bb||0px||false|false\u00a0\u00bb][et_pb_column type=\u00a0\u00bb1_4&Prime; _builder_version=\u00a0\u00bb4.4.5&Prime;][et_pb_sidebar area=\u00a0\u00bbet_pb_widget_area_3&Prime; module_class=\u00a0\u00bbmenunuestrosproductos\u00a0\u00bb _builder_version=\u00a0\u00bb4.4.5&Prime; width=\u00a0\u00bb100%\u00a0\u00bb custom_margin=\u00a0\u00bb|-2px||-2px|false|true\u00a0\u00bb][\/et_pb_sidebar][\/et_pb_column][et_pb_column type=\u00a0\u00bb3_4&Prime; _builder_version=\u00a0\u00bb4.4.5&Prime;][et_pb_text module_class=\u00a0\u00bbnuestrosaceitesimg\u00a0\u00bb _builder_version=\u00a0\u00bb4.4.5&Prime; background_color=\u00a0\u00bb#af8338&Prime; custom_padding=\u00a0\u00bb5%|2%|5%|2%|false|false\u00a0\u00bb]<\/p>\n<p><img decoding=\"async\" src=\"https:\/\/www.aceitesalbert.com\/wp-content\/uploads\/2019\/10\/casalbert-i-d-i.png\" width=\"250\" height=\"470\" alt=\"\" class=\"wp-image-611 alignnone size-medium\" style=\"font-size: 14px; color: #666666; background-color: #e09900;\" \/><\/p>\n<h4 class=\"nuestroaceitetituloproducto\">Casalbert I+D+I<\/h4>\n<p>Aujourd\u00b4hui consid\u00e9r\u00e9e comme l\u00b4huile de r\u00e9f\u00e9rence du secteur de la friture en Espagne. Notre ligne de produits nous permet d\u00b4offrir \u00e0 chaque client le produit le mieux adapt\u00e9 \u00e0 ses besoins.<\/p>\n<p>[\/et_pb_text][et_pb_code _builder_version=\u00a0\u00bb4.4.5&Prime;][\/et_pb_code][\/et_pb_column][\/et_pb_row][et_pb_row column_structure=\u00a0\u00bb1_4,1_2,1_4&Prime; use_custom_gutter=\u00a0\u00bbon\u00a0\u00bb gutter_width=\u00a0\u00bb1&Prime; module_class=\u00a0\u00bbnuestrosaceitespartebaja\u00a0\u00bb _builder_version=\u00a0\u00bb4.4.5&Prime; background_color=\u00a0\u00bbrgba(0,0,0,0)\u00a0\u00bb][et_pb_column type=\u00a0\u00bb1_4&Prime; _builder_version=\u00a0\u00bb4.4.5&Prime;][\/et_pb_column][et_pb_column type=\u00a0\u00bb1_2&Prime; _builder_version=\u00a0\u00bb4.4.5&Prime;][et_pb_text module_class=\u00a0\u00bbnuestrosaceitesdescripcion\u00a0\u00bb _builder_version=\u00a0\u00bb4.4.5&Prime; background_color=\u00a0\u00bbrgba(0,0,0,0)\u00a0\u00bb custom_padding=\u00a0\u00bb5%|2%|5%|2%|false|false\u00a0\u00bb]<\/p>\n<h3>Conseils D\u00fatilisation<\/h3>\n<p>&#8211; Frire \u00e0 temp\u00e9rature mod\u00e9r\u00e9e: 180\u00baC<br \/> &#8211; Eviter d\u00b4\u00e9teindre la friteuse entre deux utilisations<br \/> &#8211; Si va a fre\u00edr varias veces, evite apagar la freidora, baje la temperatura.<br \/> &#8211; Ne pas jeter l\u00b4huile usag\u00e9e, recycler<\/p>\n<p>[\/et_pb_text][et_pb_code _builder_version=\u00a0\u00bb4.4.5&Prime;][\/et_pb_code][\/et_pb_column][et_pb_column type=\u00a0\u00bb1_4&Prime; _builder_version=\u00a0\u00bb4.4.5&Prime;][et_pb_text module_class=\u00a0\u00bbnuestroaceitecajastilo1&Prime; _builder_version=\u00a0\u00bb4.4.5&Prime; header_text_color=\u00a0\u00bb#e02b20&Prime;]<\/p>\n<h4>Produit<\/h4>\n<p>Huile Sp\u00e9ciale fritures.<\/p>\n<p>[\/et_pb_text][et_pb_text module_class=\u00a0\u00bbnuestroaceitecajastilo2&Prime; _builder_version=\u00a0\u00bb4.4.5&Prime; header_text_color=\u00a0\u00bb#e02b20&Prime;]<\/p>\n<h4>Elaboration<\/h4>\n<p><span>Avec son Nouveau produit, Casalbert ne mise pas seulement sur la qualit\u00e9, mais aussi sur la sant\u00e9, avec son huile I+D+I dont la composition absente de toute graisse satur\u00e9e. De plus sa haute teneur en Acide Ol\u00e9ique, en Omega 3 y el Omega 9, et en Tocoph\u00e9rols lui assure une haute teneur en bon cholest\u00e9rol HD..<\/span><\/p>\n<p>[\/et_pb_text][\/et_pb_column][\/et_pb_row][\/et_pb_section]<\/p>\n","protected":false},"excerpt":{"rendered":"<p>\u00ab\u00a0CASALBERT I+D+I\u00a0\u00bb Casalbert I+D+I Aujourd\u00b4hui consid\u00e9r\u00e9e comme l\u00b4huile de r\u00e9f\u00e9rence du secteur de la friture en Espagne. Notre ligne de produits nous permet d\u00b4offrir \u00e0 chaque client le produit le mieux adapt\u00e9 \u00e0 ses besoins.Conseils D\u00fatilisation &#8211; Frire \u00e0 temp\u00e9rature mod\u00e9r\u00e9e: 180\u00baC &#8211; Eviter d\u00b4\u00e9teindre la friteuse entre deux utilisations &#8211; Si va a fre\u00edr [&hellip;]<\/p>\n","protected":false},"author":1,"featured_media":0,"parent":1709,"menu_order":0,"comment_status":"closed","ping_status":"closed","template":"","meta":{"_et_pb_use_builder":"on","_et_pb_old_content":"[et_pb_section fb_built=\"1\" module_class=\"indiproduct-page\" _builder_version=\"3.29.3\"][et_pb_row _builder_version=\"4.4.5\" custom_margin=\"||0px||false|false\" custom_padding=\"||0px||false|false\"][et_pb_column type=\"4_4\" _builder_version=\"4.4.5\"][et_pb_text _builder_version=\"4.4.5\" text_orientation=\"center\"]\n<h2 class=\"nuestroaceitetitulo\">\"CASALBERT I+D+I\"<\/h2>\n[\/et_pb_text][\/et_pb_column][\/et_pb_row][et_pb_row column_structure=\"1_4,3_4\" use_custom_gutter=\"on\" gutter_width=\"1\" _builder_version=\"4.4.5\" background_color=\"rgba(0,0,0,0)\" custom_margin=\"||0px||false|false\" custom_padding=\"||0px||false|false\"][et_pb_column type=\"1_4\" _builder_version=\"4.4.5\"][et_pb_sidebar area=\"et_pb_widget_area_3\" module_class=\"menunuestrosproductos\" _builder_version=\"4.4.5\" width=\"100%\" custom_margin=\"|-2px||-2px|false|true\"][\/et_pb_sidebar][\/et_pb_column][et_pb_column type=\"3_4\" _builder_version=\"4.4.5\"][et_pb_text module_class=\"nuestrosaceitesimg\" _builder_version=\"4.4.5\" background_color=\"#af8338\" custom_padding=\"5%|2%|5%|2%|false|false\"]\n\n<img src=\"https:\/\/www.aceitesalbert.com\/wp-content\/uploads\/2019\/10\/casalbert-i-d-i.png\" width=\"250\" height=\"470\" alt=\"\" class=\"wp-image-611 alignnone size-medium\" style=\"font-size: 14px; color: #666666; background-color: #e09900;\">\n<h4 class=\"nuestroaceitetituloproducto\">Casalbert I+D+I<\/h4>\nDesarrollado con la intenci\u00f3n y la capacidad de convertirse en el aceite de referencia del sector de la fritura en Espa\u00f1a. La l\u00ednea de producto permite ofrecer a cada cliente el producto que mejor se adapta a sus necesidades\n\n[\/et_pb_text][et_pb_code _builder_version=\"4.4.5\"][\/et_pb_code][\/et_pb_column][\/et_pb_row][et_pb_row column_structure=\"1_4,1_2,1_4\" use_custom_gutter=\"on\" gutter_width=\"1\" module_class=\"nuestrosaceitespartebaja\" _builder_version=\"4.4.5\" background_color=\"rgba(0,0,0,0)\"][et_pb_column type=\"1_4\" _builder_version=\"4.4.5\"][\/et_pb_column][et_pb_column type=\"1_2\" _builder_version=\"4.4.5\"][et_pb_text module_class=\"nuestrosaceitesdescripcion\" _builder_version=\"4.4.5\" background_color=\"rgba(0,0,0,0)\" custom_padding=\"5%|2%|5%|2%|false|false\"]\n<h3>Consejos<\/h3>\n- Fr\u00eda a temperatura moderada: 180\u00baC\n-Rellene la cubeta con aceite nuevo a medida que se vaya gastando, alargar\u00e1 la vida del que ya hay en la freidora\n- Si va a fre\u00edr varias veces, evite apagar la freidora, baje la temperatura.\n- No tire el aceite usado al fregadero, rec\u00f3jalo y ll\u00e9velo a reciclar.\n\n[\/et_pb_text][et_pb_code _builder_version=\"4.4.5\"][\/et_pb_code][\/et_pb_column][et_pb_column type=\"1_4\" _builder_version=\"4.4.5\"][et_pb_text module_class=\"nuestroaceitecajastilo1\" _builder_version=\"4.4.5\" header_text_color=\"#e02b20\"]\n<h4>Producto<\/h4>\nEspecial Frituras\n\n[\/et_pb_text][et_pb_text module_class=\"nuestroaceitecajastilo2\" _builder_version=\"4.4.5\" header_text_color=\"#e02b20\"]\n<h4>Elaboraci\u00f3n<\/h4>\n<span>Casalbert apuesta no solo por la calidad sino tambi\u00e9n por la salud ya que en su composici\u00f3n est\u00e1n ausentes las grasas saturadas y si juegan un papel importante en su composici\u00f3n el Alto Oleico, el Omega3 el Omega9 y los Tocoferoles, asegurando as\u00ed un alto contenido en el colesterol bueno HDL.<\/span>\n\n[\/et_pb_text][\/et_pb_column][\/et_pb_row][\/et_pb_section]","_et_gb_content_width":"","footnotes":""},"class_list":["post-2573","page","type-page","status-publish","hentry"],"yoast_head":"<!-- This site is optimized with the Yoast SEO plugin v23.8 - https:\/\/yoast.com\/wordpress\/plugins\/seo\/ -->\n<title>Casalbert I+D+I - Aceites Albert<\/title>\n<meta name=\"robots\" content=\"index, follow, max-snippet:-1, max-image-preview:large, max-video-preview:-1\" \/>\n<link rel=\"canonical\" href=\"https:\/\/www.aceitesalbert.com\/fr\/casalbert-horeca\/casalbert-idi\/\" \/>\n<meta property=\"og:locale\" content=\"fr_FR\" \/>\n<meta property=\"og:type\" content=\"article\" \/>\n<meta property=\"og:title\" content=\"Casalbert I+D+I - Aceites Albert\" \/>\n<meta property=\"og:description\" content=\"&quot;CASALBERT I+D+I&quot; Casalbert I+D+I Aujourd\u00b4hui consid\u00e9r\u00e9e comme l\u00b4huile de r\u00e9f\u00e9rence du secteur de la friture en Espagne. Notre ligne de produits nous permet d\u00b4offrir \u00e0 chaque client le produit le mieux adapt\u00e9 \u00e0 ses besoins.Conseils D\u00fatilisation - Frire \u00e0 temp\u00e9rature mod\u00e9r\u00e9e: 180\u00baC - Eviter d\u00b4\u00e9teindre la friteuse entre deux utilisations - Si va a fre\u00edr [&hellip;]\" \/>\n<meta property=\"og:url\" content=\"https:\/\/www.aceitesalbert.com\/fr\/casalbert-horeca\/casalbert-idi\/\" \/>\n<meta property=\"og:site_name\" content=\"Aceites Albert\" \/>\n<meta property=\"article:modified_time\" content=\"2020-05-25T09:13:24+00:00\" \/>\n<meta property=\"og:image\" content=\"https:\/\/www.aceitesalbert.com\/wp-content\/uploads\/2019\/10\/casalbert-i-d-i.png\" \/>\n<meta name=\"twitter:card\" content=\"summary_large_image\" \/>\n<script type=\"application\/ld+json\" class=\"yoast-schema-graph\">{\"@context\":\"https:\/\/schema.org\",\"@graph\":[{\"@type\":\"WebPage\",\"@id\":\"https:\/\/www.aceitesalbert.com\/fr\/casalbert-horeca\/casalbert-idi\/\",\"url\":\"https:\/\/www.aceitesalbert.com\/fr\/casalbert-horeca\/casalbert-idi\/\",\"name\":\"Casalbert I+D+I - Aceites Albert\",\"isPartOf\":{\"@id\":\"https:\/\/www.aceitesalbert.com\/#website\"},\"primaryImageOfPage\":{\"@id\":\"https:\/\/www.aceitesalbert.com\/fr\/casalbert-horeca\/casalbert-idi\/#primaryimage\"},\"image\":{\"@id\":\"https:\/\/www.aceitesalbert.com\/fr\/casalbert-horeca\/casalbert-idi\/#primaryimage\"},\"thumbnailUrl\":\"https:\/\/www.aceitesalbert.com\/wp-content\/uploads\/2019\/10\/casalbert-i-d-i.png\",\"datePublished\":\"2020-05-25T09:10:38+00:00\",\"dateModified\":\"2020-05-25T09:13:24+00:00\",\"breadcrumb\":{\"@id\":\"https:\/\/www.aceitesalbert.com\/fr\/casalbert-horeca\/casalbert-idi\/#breadcrumb\"},\"inLanguage\":\"fr-FR\",\"potentialAction\":[{\"@type\":\"ReadAction\",\"target\":[\"https:\/\/www.aceitesalbert.com\/fr\/casalbert-horeca\/casalbert-idi\/\"]}]},{\"@type\":\"ImageObject\",\"inLanguage\":\"fr-FR\",\"@id\":\"https:\/\/www.aceitesalbert.com\/fr\/casalbert-horeca\/casalbert-idi\/#primaryimage\",\"url\":\"https:\/\/www.aceitesalbert.com\/wp-content\/uploads\/2019\/10\/casalbert-i-d-i.png\",\"contentUrl\":\"https:\/\/www.aceitesalbert.com\/wp-content\/uploads\/2019\/10\/casalbert-i-d-i.png\"},{\"@type\":\"BreadcrumbList\",\"@id\":\"https:\/\/www.aceitesalbert.com\/fr\/casalbert-horeca\/casalbert-idi\/#breadcrumb\",\"itemListElement\":[{\"@type\":\"ListItem\",\"position\":1,\"name\":\"Portada\",\"item\":\"https:\/\/www.aceitesalbert.com\/\"},{\"@type\":\"ListItem\",\"position\":2,\"name\":\"casalbert horeca\",\"item\":\"https:\/\/www.aceitesalbert.com\/fr\/casalbert-horeca\/\"},{\"@type\":\"ListItem\",\"position\":3,\"name\":\"Casalbert I+D+I\"}]},{\"@type\":\"WebSite\",\"@id\":\"https:\/\/www.aceitesalbert.com\/#website\",\"url\":\"https:\/\/www.aceitesalbert.com\/\",\"name\":\"Aceites Albert\",\"description\":\"Aceites de Oliva, Oliva Virgen Extra, Girasol y Semillas\",\"publisher\":{\"@id\":\"https:\/\/www.aceitesalbert.com\/#organization\"},\"potentialAction\":[{\"@type\":\"SearchAction\",\"target\":{\"@type\":\"EntryPoint\",\"urlTemplate\":\"https:\/\/www.aceitesalbert.com\/?s={search_term_string}\"},\"query-input\":{\"@type\":\"PropertyValueSpecification\",\"valueRequired\":true,\"valueName\":\"search_term_string\"}}],\"inLanguage\":\"fr-FR\"},{\"@type\":\"Organization\",\"@id\":\"https:\/\/www.aceitesalbert.com\/#organization\",\"name\":\"Aceites Albert S.L\",\"url\":\"https:\/\/www.aceitesalbert.com\/\",\"logo\":{\"@type\":\"ImageObject\",\"inLanguage\":\"fr-FR\",\"@id\":\"https:\/\/www.aceitesalbert.com\/#\/schema\/logo\/image\/\",\"url\":\"https:\/\/www.aceitesalbert.com\/wp-content\/uploads\/2019\/09\/logo.png\",\"contentUrl\":\"https:\/\/www.aceitesalbert.com\/wp-content\/uploads\/2019\/09\/logo.png\",\"width\":186,\"height\":186,\"caption\":\"Aceites Albert S.L\"},\"image\":{\"@id\":\"https:\/\/www.aceitesalbert.com\/#\/schema\/logo\/image\/\"}}]}<\/script>\n<!-- \/ Yoast SEO plugin. -->","yoast_head_json":{"title":"Casalbert I+D+I - Aceites Albert","robots":{"index":"index","follow":"follow","max-snippet":"max-snippet:-1","max-image-preview":"max-image-preview:large","max-video-preview":"max-video-preview:-1"},"canonical":"https:\/\/www.aceitesalbert.com\/fr\/casalbert-horeca\/casalbert-idi\/","og_locale":"fr_FR","og_type":"article","og_title":"Casalbert I+D+I - Aceites Albert","og_description":"\"CASALBERT I+D+I\" Casalbert I+D+I Aujourd\u00b4hui consid\u00e9r\u00e9e comme l\u00b4huile de r\u00e9f\u00e9rence du secteur de la friture en Espagne. Notre ligne de produits nous permet d\u00b4offrir \u00e0 chaque client le produit le mieux adapt\u00e9 \u00e0 ses besoins.Conseils D\u00fatilisation - Frire \u00e0 temp\u00e9rature mod\u00e9r\u00e9e: 180\u00baC - Eviter d\u00b4\u00e9teindre la friteuse entre deux utilisations - Si va a fre\u00edr [&hellip;]","og_url":"https:\/\/www.aceitesalbert.com\/fr\/casalbert-horeca\/casalbert-idi\/","og_site_name":"Aceites Albert","article_modified_time":"2020-05-25T09:13:24+00:00","og_image":[{"url":"https:\/\/www.aceitesalbert.com\/wp-content\/uploads\/2019\/10\/casalbert-i-d-i.png"}],"twitter_card":"summary_large_image","schema":{"@context":"https:\/\/schema.org","@graph":[{"@type":"WebPage","@id":"https:\/\/www.aceitesalbert.com\/fr\/casalbert-horeca\/casalbert-idi\/","url":"https:\/\/www.aceitesalbert.com\/fr\/casalbert-horeca\/casalbert-idi\/","name":"Casalbert I+D+I - Aceites Albert","isPartOf":{"@id":"https:\/\/www.aceitesalbert.com\/#website"},"primaryImageOfPage":{"@id":"https:\/\/www.aceitesalbert.com\/fr\/casalbert-horeca\/casalbert-idi\/#primaryimage"},"image":{"@id":"https:\/\/www.aceitesalbert.com\/fr\/casalbert-horeca\/casalbert-idi\/#primaryimage"},"thumbnailUrl":"https:\/\/www.aceitesalbert.com\/wp-content\/uploads\/2019\/10\/casalbert-i-d-i.png","datePublished":"2020-05-25T09:10:38+00:00","dateModified":"2020-05-25T09:13:24+00:00","breadcrumb":{"@id":"https:\/\/www.aceitesalbert.com\/fr\/casalbert-horeca\/casalbert-idi\/#breadcrumb"},"inLanguage":"fr-FR","potentialAction":[{"@type":"ReadAction","target":["https:\/\/www.aceitesalbert.com\/fr\/casalbert-horeca\/casalbert-idi\/"]}]},{"@type":"ImageObject","inLanguage":"fr-FR","@id":"https:\/\/www.aceitesalbert.com\/fr\/casalbert-horeca\/casalbert-idi\/#primaryimage","url":"https:\/\/www.aceitesalbert.com\/wp-content\/uploads\/2019\/10\/casalbert-i-d-i.png","contentUrl":"https:\/\/www.aceitesalbert.com\/wp-content\/uploads\/2019\/10\/casalbert-i-d-i.png"},{"@type":"BreadcrumbList","@id":"https:\/\/www.aceitesalbert.com\/fr\/casalbert-horeca\/casalbert-idi\/#breadcrumb","itemListElement":[{"@type":"ListItem","position":1,"name":"Portada","item":"https:\/\/www.aceitesalbert.com\/"},{"@type":"ListItem","position":2,"name":"casalbert horeca","item":"https:\/\/www.aceitesalbert.com\/fr\/casalbert-horeca\/"},{"@type":"ListItem","position":3,"name":"Casalbert I+D+I"}]},{"@type":"WebSite","@id":"https:\/\/www.aceitesalbert.com\/#website","url":"https:\/\/www.aceitesalbert.com\/","name":"Aceites Albert","description":"Aceites de Oliva, Oliva Virgen Extra, Girasol y Semillas","publisher":{"@id":"https:\/\/www.aceitesalbert.com\/#organization"},"potentialAction":[{"@type":"SearchAction","target":{"@type":"EntryPoint","urlTemplate":"https:\/\/www.aceitesalbert.com\/?s={search_term_string}"},"query-input":{"@type":"PropertyValueSpecification","valueRequired":true,"valueName":"search_term_string"}}],"inLanguage":"fr-FR"},{"@type":"Organization","@id":"https:\/\/www.aceitesalbert.com\/#organization","name":"Aceites Albert S.L","url":"https:\/\/www.aceitesalbert.com\/","logo":{"@type":"ImageObject","inLanguage":"fr-FR","@id":"https:\/\/www.aceitesalbert.com\/#\/schema\/logo\/image\/","url":"https:\/\/www.aceitesalbert.com\/wp-content\/uploads\/2019\/09\/logo.png","contentUrl":"https:\/\/www.aceitesalbert.com\/wp-content\/uploads\/2019\/09\/logo.png","width":186,"height":186,"caption":"Aceites Albert S.L"},"image":{"@id":"https:\/\/www.aceitesalbert.com\/#\/schema\/logo\/image\/"}}]}},"_links":{"self":[{"href":"https:\/\/www.aceitesalbert.com\/fr\/wp-json\/wp\/v2\/pages\/2573","targetHints":{"allow":["GET"]}}],"collection":[{"href":"https:\/\/www.aceitesalbert.com\/fr\/wp-json\/wp\/v2\/pages"}],"about":[{"href":"https:\/\/www.aceitesalbert.com\/fr\/wp-json\/wp\/v2\/types\/page"}],"author":[{"embeddable":true,"href":"https:\/\/www.aceitesalbert.com\/fr\/wp-json\/wp\/v2\/users\/1"}],"replies":[{"embeddable":true,"href":"https:\/\/www.aceitesalbert.com\/fr\/wp-json\/wp\/v2\/comments?post=2573"}],"version-history":[{"count":0,"href":"https:\/\/www.aceitesalbert.com\/fr\/wp-json\/wp\/v2\/pages\/2573\/revisions"}],"up":[{"embeddable":true,"href":"https:\/\/www.aceitesalbert.com\/fr\/wp-json\/wp\/v2\/pages\/1709"}],"wp:attachment":[{"href":"https:\/\/www.aceitesalbert.com\/fr\/wp-json\/wp\/v2\/media?parent=2573"}],"curies":[{"name":"wp","href":"https:\/\/api.w.org\/{rel}","templated":true}]}}