{"id":2578,"date":"2020-05-25T11:14:45","date_gmt":"2020-05-25T09:14:45","guid":{"rendered":"https:\/\/www.aceitesalbert.com\/?page_id=2578"},"modified":"2020-05-25T11:20:51","modified_gmt":"2020-05-25T09:20:51","slug":"casalbert-vinaigres","status":"publish","type":"page","link":"https:\/\/www.aceitesalbert.com\/fr\/casalbert-horeca\/casalbert-vinaigres\/","title":{"rendered":"Casalbert vinaigres"},"content":{"rendered":"<p>[et_pb_section fb_built=\u00a0\u00bb1&Prime; module_class=\u00a0\u00bbindiproduct-page\u00a0\u00bb _builder_version=\u00a0\u00bb3.29.3&Prime;][et_pb_row _builder_version=\u00a0\u00bb4.4.5&Prime; custom_margin=\u00a0\u00bb||0px||false|false\u00a0\u00bb custom_padding=\u00a0\u00bb||0px||false|false\u00a0\u00bb][et_pb_column type=\u00a0\u00bb4_4&Prime; _builder_version=\u00a0\u00bb4.4.5&Prime;][et_pb_text _builder_version=\u00a0\u00bb4.4.5&Prime; text_orientation=\u00a0\u00bbcenter\u00a0\u00bb hover_enabled=\u00a0\u00bb0&Prime;]<\/p>\n<h2 class=\"nuestroaceitetitulo\">\u00ab\u00a0Casalbert vinaigres\u00a0\u00bb<\/h2>\n<p>[\/et_pb_text][\/et_pb_column][\/et_pb_row][et_pb_row column_structure=\u00a0\u00bb1_4,3_4&Prime; use_custom_gutter=\u00a0\u00bbon\u00a0\u00bb gutter_width=\u00a0\u00bb1&Prime; _builder_version=\u00a0\u00bb4.4.5&Prime; background_color=\u00a0\u00bbrgba(0,0,0,0)\u00a0\u00bb custom_margin=\u00a0\u00bb||0px||false|false\u00a0\u00bb custom_padding=\u00a0\u00bb||0px||false|false\u00a0\u00bb][et_pb_column type=\u00a0\u00bb1_4&Prime; _builder_version=\u00a0\u00bb4.4.5&Prime;][et_pb_sidebar area=\u00a0\u00bbet_pb_widget_area_3&Prime; module_class=\u00a0\u00bbmenunuestrosproductos\u00a0\u00bb _builder_version=\u00a0\u00bb4.4.5&Prime; width=\u00a0\u00bb100%\u00a0\u00bb custom_margin=\u00a0\u00bb|-2px||-2px|false|true\u00a0\u00bb][\/et_pb_sidebar][\/et_pb_column][et_pb_column type=\u00a0\u00bb3_4&Prime; _builder_version=\u00a0\u00bb4.4.5&Prime;][et_pb_text module_class=\u00a0\u00bbnuestrosaceitesimg\u00a0\u00bb _builder_version=\u00a0\u00bb4.4.5&Prime; background_color=\u00a0\u00bb#af8338&Prime; custom_padding=\u00a0\u00bb5%|2%|5%|2%|false|false\u00a0\u00bb hover_enabled=\u00a0\u00bb0&Prime;]&nbsp;<img decoding=\"async\" src=\"https:\/\/www.aceitesalbert.com\/wp-content\/uploads\/2019\/10\/casalbert-vinagres.png\" width=\"250\" height=\"470\" alt=\"\" class=\"wp-image-611 alignnone size-medium\" style=\"font-size: 14px; color: #666666; background-color: #e09900;\"><\/p>\n<h4 class=\"nuestroaceitetituloproducto\">Casalbert vinaigres<\/h4>\n<p><span>Le meilleur couple qui existe pour notre HUILE D&rsquo;OLIVE EXTRA VIERGE \u00ab\u00a0CASALBERT\u00a0\u00bb. \u00c0 partir du IVe si\u00e8cle av. le vinaigre a eu une grande importance dans la soci\u00e9t\u00e9 gr\u00e2ce \u00e0 ses nombreuses applications non seulement en cuisine, comme conservateur et pansement, mais aussi comme d\u00e9sinfectant pour les plaies, un compl\u00e9ment nutritionnel ou un purificateur pour le corps et l&rsquo;\u00e2me<\/span>[\/et_pb_text][et_pb_code _builder_version=\u00a0\u00bb4.4.5&Prime;][\/et_pb_code][\/et_pb_column][\/et_pb_row][\/et_pb_section]<\/p>\n","protected":false},"excerpt":{"rendered":"<p>\u00ab\u00a0Casalbert vinaigres\u00a0\u00bb&nbsp; Casalbert vinaigres Le meilleur couple qui existe pour notre HUILE D&rsquo;OLIVE EXTRA VIERGE \u00ab\u00a0CASALBERT\u00a0\u00bb. \u00c0 partir du IVe si\u00e8cle av. le vinaigre a eu une grande importance dans la soci\u00e9t\u00e9 gr\u00e2ce \u00e0 ses nombreuses applications non seulement en cuisine, comme conservateur et pansement, mais aussi comme d\u00e9sinfectant pour les plaies, un compl\u00e9ment nutritionnel [&hellip;]<\/p>\n","protected":false},"author":1,"featured_media":0,"parent":1709,"menu_order":0,"comment_status":"closed","ping_status":"closed","template":"","meta":{"_et_pb_use_builder":"on","_et_pb_old_content":"[et_pb_section fb_built=\"1\" module_class=\"indiproduct-page\" _builder_version=\"3.29.3\"][et_pb_row _builder_version=\"4.4.5\" custom_margin=\"||0px||false|false\" custom_padding=\"||0px||false|false\"][et_pb_column type=\"4_4\" _builder_version=\"4.4.5\"][et_pb_text _builder_version=\"4.4.5\" text_orientation=\"center\"]\n<h2 class=\"nuestroaceitetitulo\">\"CASALBERT VINAGRES\"<\/h2>\n[\/et_pb_text][\/et_pb_column][\/et_pb_row][et_pb_row column_structure=\"1_4,3_4\" use_custom_gutter=\"on\" gutter_width=\"1\" _builder_version=\"4.4.5\" background_color=\"rgba(0,0,0,0)\" custom_margin=\"||0px||false|false\" custom_padding=\"||0px||false|false\"][et_pb_column type=\"1_4\" _builder_version=\"4.4.5\"][et_pb_sidebar area=\"et_pb_widget_area_3\" module_class=\"menunuestrosproductos\" _builder_version=\"4.4.5\" width=\"100%\" custom_margin=\"|-2px||-2px|false|true\"][\/et_pb_sidebar][\/et_pb_column][et_pb_column type=\"3_4\" _builder_version=\"4.4.5\"][et_pb_text module_class=\"nuestrosaceitesimg\" _builder_version=\"4.4.5\" background_color=\"#af8338\" custom_padding=\"5%|2%|5%|2%|false|false\"]\n\n&nbsp;<img src=\"https:\/\/www.aceitesalbert.com\/wp-content\/uploads\/2019\/10\/casalbert-vinagres.png\" width=\"250\" height=\"470\" alt=\"\" class=\"wp-image-611 alignnone size-medium\" style=\"font-size: 14px; color: #666666; background-color: #e09900;\">\n<h4 class=\"nuestroaceitetituloproducto\">Casalbert vinagres<\/h4>\n<span>La mejor pareja que existe para nuestro ACEITE DE OLIVA VIRGEN EXTRA \u201cCASALBERT\u201d . Desde el siglo IV a.C. el vinagre ha tenido gran importancia en la sociedad gracias a sus m\u00faltiples aplicaciones no solo en la cocina, como conservante y ali\u00f1o, sino como desinfectante para las heridas, complemento nutricional o purificador de cuerpo y alma<\/span>\n\n[\/et_pb_text][et_pb_code _builder_version=\"4.4.5\"][\/et_pb_code][\/et_pb_column][\/et_pb_row][et_pb_row column_structure=\"1_4,1_2,1_4\" use_custom_gutter=\"on\" gutter_width=\"1\" module_class=\"nuestrosaceitespartebaja\" _builder_version=\"4.4.5\" background_color=\"rgba(0,0,0,0)\"][et_pb_column type=\"1_4\" _builder_version=\"4.4.5\"][\/et_pb_column][et_pb_column type=\"1_2\" _builder_version=\"4.4.5\"][et_pb_text module_class=\"nuestrosaceitesdescripcion\" _builder_version=\"4.4.5\" background_color=\"rgba(0,0,0,0)\" custom_padding=\"5%|2%|5%|2%|false|false\"]\n<h3>Vinagre de Vino<\/h3>\n<span>Vinagre con los aromas propios del buen vino, procedente de los mejores vinos tintos seleccionados y fermentado usando la \u00faltima tecnolog\u00eda disponible. Un vinagre formado y reposado en barrica de roble, obteniendo su sabor vinoso, color rojo rub\u00ed y el sabor t\u00edpico de los vinagres criados en madera. Puedes aprovechar todos los beneficios del vinagre de vino tinto en una rica y fresca ensalada.<\/span>\n\n[\/et_pb_text][et_pb_text module_class=\"nuestrosaceitesdescripcion\" _builder_version=\"4.4.5\" background_color=\"rgba(0,0,0,0)\" custom_padding=\"5%|2%|5%|2%|false|false\"]\n<h3>Vinagre Bals\u00e1mico<\/h3>\n<span>El tiempo y las maderas nobles producen un vinagre exclusivo con aroma especial, recomendado para asados de carne, pescado y arom\u00e1ticas ensaladas<\/span>\n\n[\/et_pb_text][et_pb_code _builder_version=\"4.4.5\"][\/et_pb_code][\/et_pb_column][et_pb_column type=\"1_4\" _builder_version=\"4.4.5\"][et_pb_text module_class=\"nuestroaceitecajastilo1\" _builder_version=\"4.4.5\" header_text_color=\"#e02b20\"]\n<h4>Producto<\/h4>\n<span>Vinagre de vino y vinagre Bals\u00e1mico.<\/span>\n\n[\/et_pb_text][\/et_pb_column][\/et_pb_row][\/et_pb_section]","_et_gb_content_width":"","footnotes":""},"class_list":["post-2578","page","type-page","status-publish","hentry"],"yoast_head":"<!-- This site is optimized with the Yoast SEO plugin v23.8 - https:\/\/yoast.com\/wordpress\/plugins\/seo\/ -->\n<title>Casalbert vinaigres - Aceites Albert<\/title>\n<meta name=\"robots\" content=\"index, follow, max-snippet:-1, max-image-preview:large, max-video-preview:-1\" \/>\n<link rel=\"canonical\" href=\"https:\/\/www.aceitesalbert.com\/fr\/casalbert-horeca\/casalbert-vinaigres\/\" \/>\n<meta property=\"og:locale\" content=\"fr_FR\" \/>\n<meta property=\"og:type\" content=\"article\" \/>\n<meta property=\"og:title\" content=\"Casalbert vinaigres - Aceites Albert\" \/>\n<meta property=\"og:description\" content=\"&quot;Casalbert vinaigres&quot;&nbsp; Casalbert vinaigres Le meilleur couple qui existe pour notre HUILE D&#039;OLIVE EXTRA VIERGE &quot;CASALBERT&quot;. \u00c0 partir du IVe si\u00e8cle av. le vinaigre a eu une grande importance dans la soci\u00e9t\u00e9 gr\u00e2ce \u00e0 ses nombreuses applications non seulement en cuisine, comme conservateur et pansement, mais aussi comme d\u00e9sinfectant pour les plaies, un compl\u00e9ment nutritionnel [&hellip;]\" \/>\n<meta property=\"og:url\" content=\"https:\/\/www.aceitesalbert.com\/fr\/casalbert-horeca\/casalbert-vinaigres\/\" \/>\n<meta property=\"og:site_name\" content=\"Aceites Albert\" \/>\n<meta property=\"article:modified_time\" content=\"2020-05-25T09:20:51+00:00\" \/>\n<meta property=\"og:image\" content=\"https:\/\/www.aceitesalbert.com\/wp-content\/uploads\/2019\/10\/casalbert-vinagres.png\" \/>\n<meta name=\"twitter:card\" content=\"summary_large_image\" \/>\n<script type=\"application\/ld+json\" class=\"yoast-schema-graph\">{\"@context\":\"https:\/\/schema.org\",\"@graph\":[{\"@type\":\"WebPage\",\"@id\":\"https:\/\/www.aceitesalbert.com\/fr\/casalbert-horeca\/casalbert-vinaigres\/\",\"url\":\"https:\/\/www.aceitesalbert.com\/fr\/casalbert-horeca\/casalbert-vinaigres\/\",\"name\":\"Casalbert vinaigres - Aceites Albert\",\"isPartOf\":{\"@id\":\"https:\/\/www.aceitesalbert.com\/#website\"},\"primaryImageOfPage\":{\"@id\":\"https:\/\/www.aceitesalbert.com\/fr\/casalbert-horeca\/casalbert-vinaigres\/#primaryimage\"},\"image\":{\"@id\":\"https:\/\/www.aceitesalbert.com\/fr\/casalbert-horeca\/casalbert-vinaigres\/#primaryimage\"},\"thumbnailUrl\":\"https:\/\/www.aceitesalbert.com\/wp-content\/uploads\/2019\/10\/casalbert-vinagres.png\",\"datePublished\":\"2020-05-25T09:14:45+00:00\",\"dateModified\":\"2020-05-25T09:20:51+00:00\",\"breadcrumb\":{\"@id\":\"https:\/\/www.aceitesalbert.com\/fr\/casalbert-horeca\/casalbert-vinaigres\/#breadcrumb\"},\"inLanguage\":\"fr-FR\",\"potentialAction\":[{\"@type\":\"ReadAction\",\"target\":[\"https:\/\/www.aceitesalbert.com\/fr\/casalbert-horeca\/casalbert-vinaigres\/\"]}]},{\"@type\":\"ImageObject\",\"inLanguage\":\"fr-FR\",\"@id\":\"https:\/\/www.aceitesalbert.com\/fr\/casalbert-horeca\/casalbert-vinaigres\/#primaryimage\",\"url\":\"https:\/\/www.aceitesalbert.com\/wp-content\/uploads\/2019\/10\/casalbert-vinagres.png\",\"contentUrl\":\"https:\/\/www.aceitesalbert.com\/wp-content\/uploads\/2019\/10\/casalbert-vinagres.png\"},{\"@type\":\"BreadcrumbList\",\"@id\":\"https:\/\/www.aceitesalbert.com\/fr\/casalbert-horeca\/casalbert-vinaigres\/#breadcrumb\",\"itemListElement\":[{\"@type\":\"ListItem\",\"position\":1,\"name\":\"Portada\",\"item\":\"https:\/\/www.aceitesalbert.com\/\"},{\"@type\":\"ListItem\",\"position\":2,\"name\":\"casalbert horeca\",\"item\":\"https:\/\/www.aceitesalbert.com\/fr\/casalbert-horeca\/\"},{\"@type\":\"ListItem\",\"position\":3,\"name\":\"Casalbert vinaigres\"}]},{\"@type\":\"WebSite\",\"@id\":\"https:\/\/www.aceitesalbert.com\/#website\",\"url\":\"https:\/\/www.aceitesalbert.com\/\",\"name\":\"Aceites Albert\",\"description\":\"Aceites de Oliva, Oliva Virgen Extra, Girasol y Semillas\",\"publisher\":{\"@id\":\"https:\/\/www.aceitesalbert.com\/#organization\"},\"potentialAction\":[{\"@type\":\"SearchAction\",\"target\":{\"@type\":\"EntryPoint\",\"urlTemplate\":\"https:\/\/www.aceitesalbert.com\/?s={search_term_string}\"},\"query-input\":{\"@type\":\"PropertyValueSpecification\",\"valueRequired\":true,\"valueName\":\"search_term_string\"}}],\"inLanguage\":\"fr-FR\"},{\"@type\":\"Organization\",\"@id\":\"https:\/\/www.aceitesalbert.com\/#organization\",\"name\":\"Aceites Albert S.L\",\"url\":\"https:\/\/www.aceitesalbert.com\/\",\"logo\":{\"@type\":\"ImageObject\",\"inLanguage\":\"fr-FR\",\"@id\":\"https:\/\/www.aceitesalbert.com\/#\/schema\/logo\/image\/\",\"url\":\"https:\/\/www.aceitesalbert.com\/wp-content\/uploads\/2019\/09\/logo.png\",\"contentUrl\":\"https:\/\/www.aceitesalbert.com\/wp-content\/uploads\/2019\/09\/logo.png\",\"width\":186,\"height\":186,\"caption\":\"Aceites Albert S.L\"},\"image\":{\"@id\":\"https:\/\/www.aceitesalbert.com\/#\/schema\/logo\/image\/\"}}]}<\/script>\n<!-- \/ Yoast SEO plugin. -->","yoast_head_json":{"title":"Casalbert vinaigres - Aceites Albert","robots":{"index":"index","follow":"follow","max-snippet":"max-snippet:-1","max-image-preview":"max-image-preview:large","max-video-preview":"max-video-preview:-1"},"canonical":"https:\/\/www.aceitesalbert.com\/fr\/casalbert-horeca\/casalbert-vinaigres\/","og_locale":"fr_FR","og_type":"article","og_title":"Casalbert vinaigres - Aceites Albert","og_description":"\"Casalbert vinaigres\"&nbsp; Casalbert vinaigres Le meilleur couple qui existe pour notre HUILE D'OLIVE EXTRA VIERGE \"CASALBERT\". \u00c0 partir du IVe si\u00e8cle av. le vinaigre a eu une grande importance dans la soci\u00e9t\u00e9 gr\u00e2ce \u00e0 ses nombreuses applications non seulement en cuisine, comme conservateur et pansement, mais aussi comme d\u00e9sinfectant pour les plaies, un compl\u00e9ment nutritionnel [&hellip;]","og_url":"https:\/\/www.aceitesalbert.com\/fr\/casalbert-horeca\/casalbert-vinaigres\/","og_site_name":"Aceites Albert","article_modified_time":"2020-05-25T09:20:51+00:00","og_image":[{"url":"https:\/\/www.aceitesalbert.com\/wp-content\/uploads\/2019\/10\/casalbert-vinagres.png"}],"twitter_card":"summary_large_image","schema":{"@context":"https:\/\/schema.org","@graph":[{"@type":"WebPage","@id":"https:\/\/www.aceitesalbert.com\/fr\/casalbert-horeca\/casalbert-vinaigres\/","url":"https:\/\/www.aceitesalbert.com\/fr\/casalbert-horeca\/casalbert-vinaigres\/","name":"Casalbert vinaigres - Aceites Albert","isPartOf":{"@id":"https:\/\/www.aceitesalbert.com\/#website"},"primaryImageOfPage":{"@id":"https:\/\/www.aceitesalbert.com\/fr\/casalbert-horeca\/casalbert-vinaigres\/#primaryimage"},"image":{"@id":"https:\/\/www.aceitesalbert.com\/fr\/casalbert-horeca\/casalbert-vinaigres\/#primaryimage"},"thumbnailUrl":"https:\/\/www.aceitesalbert.com\/wp-content\/uploads\/2019\/10\/casalbert-vinagres.png","datePublished":"2020-05-25T09:14:45+00:00","dateModified":"2020-05-25T09:20:51+00:00","breadcrumb":{"@id":"https:\/\/www.aceitesalbert.com\/fr\/casalbert-horeca\/casalbert-vinaigres\/#breadcrumb"},"inLanguage":"fr-FR","potentialAction":[{"@type":"ReadAction","target":["https:\/\/www.aceitesalbert.com\/fr\/casalbert-horeca\/casalbert-vinaigres\/"]}]},{"@type":"ImageObject","inLanguage":"fr-FR","@id":"https:\/\/www.aceitesalbert.com\/fr\/casalbert-horeca\/casalbert-vinaigres\/#primaryimage","url":"https:\/\/www.aceitesalbert.com\/wp-content\/uploads\/2019\/10\/casalbert-vinagres.png","contentUrl":"https:\/\/www.aceitesalbert.com\/wp-content\/uploads\/2019\/10\/casalbert-vinagres.png"},{"@type":"BreadcrumbList","@id":"https:\/\/www.aceitesalbert.com\/fr\/casalbert-horeca\/casalbert-vinaigres\/#breadcrumb","itemListElement":[{"@type":"ListItem","position":1,"name":"Portada","item":"https:\/\/www.aceitesalbert.com\/"},{"@type":"ListItem","position":2,"name":"casalbert horeca","item":"https:\/\/www.aceitesalbert.com\/fr\/casalbert-horeca\/"},{"@type":"ListItem","position":3,"name":"Casalbert vinaigres"}]},{"@type":"WebSite","@id":"https:\/\/www.aceitesalbert.com\/#website","url":"https:\/\/www.aceitesalbert.com\/","name":"Aceites Albert","description":"Aceites de Oliva, Oliva Virgen Extra, Girasol y Semillas","publisher":{"@id":"https:\/\/www.aceitesalbert.com\/#organization"},"potentialAction":[{"@type":"SearchAction","target":{"@type":"EntryPoint","urlTemplate":"https:\/\/www.aceitesalbert.com\/?s={search_term_string}"},"query-input":{"@type":"PropertyValueSpecification","valueRequired":true,"valueName":"search_term_string"}}],"inLanguage":"fr-FR"},{"@type":"Organization","@id":"https:\/\/www.aceitesalbert.com\/#organization","name":"Aceites Albert S.L","url":"https:\/\/www.aceitesalbert.com\/","logo":{"@type":"ImageObject","inLanguage":"fr-FR","@id":"https:\/\/www.aceitesalbert.com\/#\/schema\/logo\/image\/","url":"https:\/\/www.aceitesalbert.com\/wp-content\/uploads\/2019\/09\/logo.png","contentUrl":"https:\/\/www.aceitesalbert.com\/wp-content\/uploads\/2019\/09\/logo.png","width":186,"height":186,"caption":"Aceites Albert S.L"},"image":{"@id":"https:\/\/www.aceitesalbert.com\/#\/schema\/logo\/image\/"}}]}},"_links":{"self":[{"href":"https:\/\/www.aceitesalbert.com\/fr\/wp-json\/wp\/v2\/pages\/2578","targetHints":{"allow":["GET"]}}],"collection":[{"href":"https:\/\/www.aceitesalbert.com\/fr\/wp-json\/wp\/v2\/pages"}],"about":[{"href":"https:\/\/www.aceitesalbert.com\/fr\/wp-json\/wp\/v2\/types\/page"}],"author":[{"embeddable":true,"href":"https:\/\/www.aceitesalbert.com\/fr\/wp-json\/wp\/v2\/users\/1"}],"replies":[{"embeddable":true,"href":"https:\/\/www.aceitesalbert.com\/fr\/wp-json\/wp\/v2\/comments?post=2578"}],"version-history":[{"count":0,"href":"https:\/\/www.aceitesalbert.com\/fr\/wp-json\/wp\/v2\/pages\/2578\/revisions"}],"up":[{"embeddable":true,"href":"https:\/\/www.aceitesalbert.com\/fr\/wp-json\/wp\/v2\/pages\/1709"}],"wp:attachment":[{"href":"https:\/\/www.aceitesalbert.com\/fr\/wp-json\/wp\/v2\/media?parent=2578"}],"curies":[{"name":"wp","href":"https:\/\/api.w.org\/{rel}","templated":true}]}}